{"id":5645,"date":"2026-04-13T10:30:21","date_gmt":"2026-04-13T08:30:21","guid":{"rendered":"https:\/\/pulsschlag24.com\/?post_type=product&#038;p=5645"},"modified":"2026-04-22T14:33:24","modified_gmt":"2026-04-22T12:33:24","slug":"atacama-nexxus-500-essential-pied-denceinte-520-mm-noir-kopie","status":"publish","type":"product","link":"https:\/\/pulsschlag24.com\/fr\/produkt\/atacama-nexxus-500-essential-pied-denceinte-520-mm-noir-kopie\/","title":{"rendered":"Atacama NeXXus 500 Essential \u2013 Pied d&rsquo;enceinte \u2013 520 mm \u2013 blanc"},"content":{"rendered":"<p>S\u00e9rie NeXXus \u2013 Supports d&rsquo;enceintes abordables et \u00e9volutifs<br \/>\nAtacama pr\u00e9sente les supports d&rsquo;enceintes NeXXus 500 Essential, prim\u00e9s, en noir satin\u00e9 \u2013 le premier syst\u00e8me de montage d&rsquo;enceintes modulaire, \u00e9volutif et extensible d&rsquo;Atacama.<br \/>\nLe NeXXus 500 Essential est le premier pied d&rsquo;enceinte de la nouvelle s\u00e9rie NeXXus et apporte valeur et adaptabilit\u00e9 \u00e0 la conception des pieds d&rsquo;enceinte.<br \/>\nChaque support est fourni par paires et est livr\u00e9 de s\u00e9rie avec deux tubes de support de 50,8 mm (2&Prime;) de large et une nouvelle plaque de base d\u00e9coup\u00e9e au laser de 5 mm d&rsquo;\u00e9paisseur dans un design en \u00ab\u00a0bouclier\u00a0\u00bb, ainsi qu&rsquo;une plaque sup\u00e9rieure de 130 mm x 170 mm.<br \/>\nSi la taille de cette plaque sup\u00e9rieure n&rsquo;est pas compatible avec vos enceintes, vous pouvez acheter s\u00e9par\u00e9ment des kits de plaques sup\u00e9rieures de tailles alternatives. Veuillez nous contacter pour plus d&rsquo;informations.<br \/>\nAvec une capacit\u00e9 de charge deux fois sup\u00e9rieure \u00e0 celle du support Nexus (son pr\u00e9d\u00e9cesseur), d\u00e9sormais discontinu\u00e9, le NeXXus 500 Essential peut supporter des enceintes pesant jusqu&rsquo;\u00e0 15 kg chacune, une am\u00e9lioration significative par rapport \u00e0 la g\u00e9n\u00e9ration pr\u00e9c\u00e9dente (capacit\u00e9 de charge de 8,4 kg). La plaque de base plus large permet une fixation s\u00fbre et stable, m\u00eame pour les enceintes les plus lourdes.<br \/>\nL&rsquo;interface pour pointes a \u00e9galement \u00e9t\u00e9 mise \u00e0 jour sur le NeXXus et est d\u00e9sormais compatible avec les pointes BZP de 8 mm.<br \/>\nLes supports d&rsquo;enceintes Atacama NeXXus sont fabriqu\u00e9s au Royaume-Uni.<br \/>\nRemarque : Enceintes non incluses.  <\/p>\n<p>Informations compl\u00e9mentaires<br \/>\nAtacama recommande le mat\u00e9riau de remplissage inerte Atabite pour des performances acoustiques optimales.<br \/>\nPour ceux qui souhaitent am\u00e9liorer encore les performances de leurs enceintes, les supports NeXXus peuvent \u00eatre remplis de mat\u00e9riau d&rsquo;insonorisation (Atabite SMD-Z 7HD) dans les sections de colonne.<br \/>\nLa capacit\u00e9 maximale d&rsquo;Atabite est de 16,8 kg par paire (deux seaux de 7 kg suffisent dans la plupart des cas).<br \/>\nLe kit de plaques de lestage Atacama (en option) permet \u00e9galement d&rsquo;ajouter du poids et de la stabilit\u00e9 si n\u00e9cessaire.<\/p>\n<p>Pour chaque type de support d&rsquo;enceinte, vous trouverez un mod\u00e8le adapt\u00e9 \u00e0 vos composants audio dans notre cat\u00e9gorie Supports <a href=\"https:\/\/pulsschlag24.com\/fr\/categorie-de-produit\/meubles-hi-fi\/\">Hi-Fi Racks<\/a>.<\/p>\n","protected":false},"excerpt":{"rendered":"<p>\u2713 Design \u00e9l\u00e9gant et excellente qualit\u00e9 de fabrication<br \/>\n\u2713 Grande durabilit\u00e9 et utilisation universelle<br \/>\n\u2713 Comprend des coussinets isolants en gel d&rsquo;Atacama. Con\u00e7u et fabriqu\u00e9 en Grande-Bretagne.<\/p>\n","protected":false},"featured_media":5661,"comment_status":"open","ping_status":"closed","template":"","meta":[],"product_brand":[],"product_cat":[760,765],"product_tag":[],"class_list":{"0":"post-5645","1":"product","2":"type-product","3":"status-publish","4":"has-post-thumbnail","6":"product_cat-atacama-nexxus","7":"product_cat-support-denceinte","8":"product_shipping_class-jusqua-20-kg","9":"pa_basisplatte-b-x-t-260-mm-x-365-mm","10":"pa_belastung-pro-staender-15-kg","11":"pa_deckplatte-b-x-t-130-mm-x-170-mm","12":"pa_gesamthoehe-520-mm","13":"pa_material-farbe-basisplatte-blanc","14":"pa_material-farbe-staender-blanc","15":"tm-has-options","17":"first","18":"outofstock","19":"taxable","20":"shipping-taxable","21":"purchasable","22":"product-type-simple"},"_links":{"self":[{"href":"https:\/\/pulsschlag24.com\/fr\/wp-json\/wp\/v2\/product\/5645","targetHints":{"allow":["GET"]}}],"collection":[{"href":"https:\/\/pulsschlag24.com\/fr\/wp-json\/wp\/v2\/product"}],"about":[{"href":"https:\/\/pulsschlag24.com\/fr\/wp-json\/wp\/v2\/types\/product"}],"replies":[{"embeddable":true,"href":"https:\/\/pulsschlag24.com\/fr\/wp-json\/wp\/v2\/comments?post=5645"}],"wp:featuredmedia":[{"embeddable":true,"href":"https:\/\/pulsschlag24.com\/fr\/wp-json\/wp\/v2\/media\/5661"}],"wp:attachment":[{"href":"https:\/\/pulsschlag24.com\/fr\/wp-json\/wp\/v2\/media?parent=5645"}],"wp:term":[{"taxonomy":"product_brand","embeddable":true,"href":"https:\/\/pulsschlag24.com\/fr\/wp-json\/wp\/v2\/product_brand?post=5645"},{"taxonomy":"product_cat","embeddable":true,"href":"https:\/\/pulsschlag24.com\/fr\/wp-json\/wp\/v2\/product_cat?post=5645"},{"taxonomy":"product_tag","embeddable":true,"href":"https:\/\/pulsschlag24.com\/fr\/wp-json\/wp\/v2\/product_tag?post=5645"}],"curies":[{"name":"wp","href":"https:\/\/api.w.org\/{rel}","templated":true}]}}