{"id":5629,"date":"2026-04-12T13:01:48","date_gmt":"2026-04-12T11:01:48","guid":{"rendered":"https:\/\/pulsschlag24.com\/?post_type=product&#038;p=5629"},"modified":"2026-04-12T13:34:17","modified_gmt":"2026-04-12T11:34:17","slug":"atacama-moseco-nexxus-kit-doptions-de-plaque-superieure-160-mm-x-220-mm-noir-kopie","status":"publish","type":"product","link":"https:\/\/pulsschlag24.com\/fr\/produkt\/atacama-moseco-nexxus-kit-doptions-de-plaque-superieure-160-mm-x-220-mm-noir-kopie\/","title":{"rendered":"Atacama NeXXus + Moseco + Cyclone XL \u2013 Plaque sup\u00e9rieure optionnelle &#8211; 190 mm x 305 mm &#8211; Noire"},"content":{"rendered":"<p>Jeu de plaques de recouvrement optionnelles 190 mm x 305 mm pour pieds d&rsquo;enceintes Nexxus, Moseco et Cyclone XL<\/p>\n<p>Ce grand ensemble de plaque sup\u00e9rieure (L\/P) : 190 mm x 305 mm maximise la capacit\u00e9 de charge de la s\u00e9rie NeXXus et permet un support optimal des haut-parleurs plus grands.<\/p>\n<p>Atacama propose une s\u00e9lection de plateaux sup\u00e9rieurs optionnels en acier au carbone d\u00e9coup\u00e9s au laser avec pr\u00e9cision pour les pieds d&rsquo;enceintes de la s\u00e9rie NeXXus.<br \/>Ces plateaux sup\u00e9rieurs sont \u00e9galement compatibles avec les pieds d&rsquo;enceintes des s\u00e9ries Moseco et Cyclone XL.<\/p>\n<p>Ils ne conviennent pas \u00e0 l&rsquo;ancienne version des supports d&rsquo;enceintes NeXXus \u00e0 trois pieds.<\/p>\n<p>Les plaques sup\u00e9rieures sont fournies par paires et rev\u00eatues d&rsquo;une peinture en poudre noire satin\u00e9e. Ce jeu de plaques est universellement compatible et convient donc \u00e0 diff\u00e9rentes marques et types d&rsquo;enceintes. Huit patins en gel incurv\u00e9s sont inclus.  <\/p>\n<p>Fabriqu\u00e9 en Grande-Bretagne.<\/p>\n<p>Remarque : Le jeu de plaques de recouvrement (130 mm x 170 mm) est toujours inclus avec les supports d&rsquo;enceintes NeXXus.<\/p>\n<p>Si vous avez choisi l&rsquo;un des kits de plateaux sup\u00e9rieurs am\u00e9lior\u00e9s, nous vous recommandons de fixer les plateaux sup\u00e9rieurs inutilis\u00e9s de 130 mm x 170 mm sous les platines de base \u00e0 l&rsquo;aide des vis de fixation tubulaires. Cela augmente la masse des tr\u00e9pieds dans leur partie inf\u00e9rieure, r\u00e9duit les vibrations des platines de base et \u00e9vite d&rsquo;avoir \u00e0 repositionner ult\u00e9rieurement les plateaux sup\u00e9rieurs d&rsquo;origine. <\/p>\n<p><span style=\"font-weight: 400;\">Weitere interessante Produkte finden Sie in unserer Kategorie <a href=\"https:\/\/pulsschlag24.com\/fr\/categorie-de-produit\/support-denceinte\/\">Lautsprecherst\u00e4nder<\/a>.<\/span><\/p>\n","protected":false},"excerpt":{"rendered":"<p>\u2713 Accessoires haut de gamme pour les pieds d&rsquo;enceintes Moseco et NeXXus d&rsquo;Atacama<br \/>\u2713 Plateaux sup\u00e9rieurs de qualit\u00e9 sup\u00e9rieure, 190 mm de large et 305 mm de profondeur<br \/>\u2713 Assurent une meilleure stabilit\u00e9 des appareils hi-fi sur les pieds<\/p>\n","protected":false},"featured_media":5633,"comment_status":"open","ping_status":"closed","template":"","meta":[],"product_brand":[],"product_cat":[772,774],"product_tag":[],"class_list":{"0":"post-5629","1":"product","2":"type-product","3":"status-publish","4":"has-post-thumbnail","6":"product_cat-accessoires","7":"product_cat-accessoires-support-denceinte","8":"product_shipping_class-jusqua-5-kg","9":"pa_farbe-noir-mat","10":"pa_gewicht-35-kg","11":"pa_masse-190-mm-x-305-mm","12":"pa_material-acier-peint","13":"tm-has-options","15":"first","16":"outofstock","17":"taxable","18":"shipping-taxable","19":"purchasable","20":"product-type-simple"},"_links":{"self":[{"href":"https:\/\/pulsschlag24.com\/fr\/wp-json\/wp\/v2\/product\/5629","targetHints":{"allow":["GET"]}}],"collection":[{"href":"https:\/\/pulsschlag24.com\/fr\/wp-json\/wp\/v2\/product"}],"about":[{"href":"https:\/\/pulsschlag24.com\/fr\/wp-json\/wp\/v2\/types\/product"}],"replies":[{"embeddable":true,"href":"https:\/\/pulsschlag24.com\/fr\/wp-json\/wp\/v2\/comments?post=5629"}],"wp:featuredmedia":[{"embeddable":true,"href":"https:\/\/pulsschlag24.com\/fr\/wp-json\/wp\/v2\/media\/5633"}],"wp:attachment":[{"href":"https:\/\/pulsschlag24.com\/fr\/wp-json\/wp\/v2\/media?parent=5629"}],"wp:term":[{"taxonomy":"product_brand","embeddable":true,"href":"https:\/\/pulsschlag24.com\/fr\/wp-json\/wp\/v2\/product_brand?post=5629"},{"taxonomy":"product_cat","embeddable":true,"href":"https:\/\/pulsschlag24.com\/fr\/wp-json\/wp\/v2\/product_cat?post=5629"},{"taxonomy":"product_tag","embeddable":true,"href":"https:\/\/pulsschlag24.com\/fr\/wp-json\/wp\/v2\/product_tag?post=5629"}],"curies":[{"name":"wp","href":"https:\/\/api.w.org\/{rel}","templated":true}]}}