{"id":5312,"date":"2026-03-09T21:47:54","date_gmt":"2026-03-09T20:47:54","guid":{"rendered":"https:\/\/pulsschlag24.com\/?post_type=product&#038;p=5312"},"modified":"2026-04-22T14:33:23","modified_gmt":"2026-04-22T12:33:23","slug":"atacama-evoque-eco-65-60-se2-reference-meuble-hi-fi-bambou-clair-kopie","status":"publish","type":"product","link":"https:\/\/pulsschlag24.com\/fr\/produkt\/atacama-evoque-eco-65-60-se2-reference-meuble-hi-fi-bambou-clair-kopie\/","title":{"rendered":"Atacama EVOQUE ECO 60\/50 SE2 \u00c9dition \u2013 Meuble Hi-Fi \u2013 Ch\u00eane clair"},"content":{"rendered":"<p>L&rsquo;Atacama Evoque Eco 60-50 SE2 \u00e9dition ch\u00eane massif<\/p>\n<p>D\u00e9couvrez la fusion ultime entre une technologie d&rsquo;isolation audio haute performance et un design exceptionnel avec le rack Evoque Eco 60-50 SE2 en ch\u00eane massif. Ce rack sur mesure a \u00e9t\u00e9 con\u00e7u pour les clients exigeants qui recherchent les propri\u00e9t\u00e9s anti-r\u00e9sonance avanc\u00e9es de notre rack Evoque SE2 en bambou, maintes fois prim\u00e9, tout en b\u00e9n\u00e9ficiant de la robustesse, de la capacit\u00e9 de charge accrue et de l&rsquo;\u00e9l\u00e9gance classique du ch\u00eane europ\u00e9en massif de 40 mm d&rsquo;\u00e9paisseur. <\/p>\n<p>&nbsp;<\/p>\n<p>Principaux avantages<\/p>\n<p>Bois massif de haute qualit\u00e9 : Fabriqu\u00e9 \u00e0 partir de ch\u00eane massif europ\u00e9en haute densit\u00e9, certifi\u00e9 AA+ et sp\u00e9cialement s\u00e9lectionn\u00e9. Cultiv\u00e9 dans un climat plus frais, il pr\u00e9sente une duret\u00e9 Janka sup\u00e9rieure \u00e0 celle du bambou carbonis\u00e9 utilis\u00e9 dans l\u2019Evoque standard. <\/p>\n<p>Respectueux de l&rsquo;environnement : le bois de ch\u00eane est certifi\u00e9 FSC et PEFC, respectant ainsi notre engagement environnemental.<\/p>\n<p>Capacit\u00e9 de charge accrue : Gr\u00e2ce \u00e0 une profondeur suppl\u00e9mentaire et \u00e0 une capacit\u00e9 de charge am\u00e9lior\u00e9e (38 kg par module), cette \u00e9tag\u00e8re offre un support optimal m\u00eame pour les composants audio haut de gamme les plus grands et les plus lourds.<\/p>\n<p>Qualit\u00e9 artisanale : chaque \u00e9tag\u00e8re est soigneusement pr\u00e9par\u00e9e et finie par des artisans exp\u00e9riment\u00e9s afin de garantir une qualit\u00e9 optimale. Les modules \u00e9tant fabriqu\u00e9s sur commande, nous vous recommandons de commander d\u00e8s maintenant tous les modules n\u00e9cessaires pour une finition de surface homog\u00e8ne. <\/p>\n<p>&nbsp;<\/p>\n<p>Technologie d&rsquo;isolation acoustique in\u00e9gal\u00e9e<\/p>\n<p>L&rsquo;\u00e9dition Solid Oak combine toutes les fonctionnalit\u00e9s r\u00e9volutionnaires et prim\u00e9es de l&rsquo;Evoque SE2 pour \u00e9liminer les r\u00e9sonances ind\u00e9sirables et optimiser les performances de vos appareils:<\/p>\n<p>A.V.R.D.C. (Advanced Vectored Resonance Deflection Channels) : Une conception g\u00e9om\u00e9trique r\u00e9volutionnaire \u00e0 courbes multiples, usin\u00e9e avec pr\u00e9cision dans la face inf\u00e9rieure de chaque \u00e9tag\u00e8re, neutralise les harmoniques de haute fr\u00e9quence et les dirige vers les pieds.<\/p>\n<p>A.S.I.S.T. (Atacama Sound Insulation System) : Des joints d&rsquo;amortissement sont int\u00e9gr\u00e9s \u00e0 chaque module pour r\u00e9duire la r\u00e9verb\u00e9ration et isoler les pieds en aluminium.<\/p>\n<p>Mise \u00e0 la terre m\u00e9canique : des pointes d\u2019isolation coniques en bronze am\u00e9lior\u00e9es optimisent le transfert d\u2019\u00e9nergie entre les modules tout en assurant l\u2019isolation n\u00e9cessaire. Ceci permet une dissipation s\u00fbre des r\u00e9sonances dans le sol. <\/p>\n<p>Dissipation par r\u00e9sonance : Les capuchons sup\u00e9rieur et inf\u00e9rieur en aluminium avec boulons internes offrent un chemin de dissipation s\u00e9par\u00e9 pour l\u2019\u00e9nergie ind\u00e9sirable g\u00e9n\u00e9r\u00e9e par vos appareils.<\/p>\n<p>Pieds optimis\u00e9s : La longueur des pieds r\u00e9glable m\u00e9caniquement et les contrepoids en option (bronze nickel\u00e9) vous permettent d&rsquo;ajuster avec pr\u00e9cision la fr\u00e9quence de r\u00e9sonance de votre rack pour un son plus pur et plus naturel.<\/p>\n<p>Contr\u00f4le des ondes stationnaires : Les bords arrondis sur les c\u00f4t\u00e9s des panneaux en bois de ch\u00eane contrecarrent activement l&rsquo;\u00e9nergie de r\u00e9sonance (ondes stationnaires) en la dirigeant dans les canaux A.V.R.D.C.<\/p>\n","protected":false},"excerpt":{"rendered":"<p>\u2713 Capacit\u00e9 de charge \u00e9lev\u00e9e et utilisation universelle<br \/>\u2713 Surface de rangement plus large (600 mm x 500 mm) pour les composants hi-fi plus volumineux<br \/>\u2713 Canaux de d\u00e9viation de r\u00e9sonance vectorielle \u00e9tendus<\/p>\n","protected":false},"featured_media":5344,"comment_status":"open","ping_status":"closed","template":"","meta":[],"product_brand":[],"product_cat":[753,756],"product_tag":[],"class_list":{"0":"post-5312","1":"product","2":"type-product","3":"status-publish","4":"has-post-thumbnail","6":"product_cat-meubles-hi-fi","7":"product_cat-atacama-evoque-eco","8":"product_shipping_class-jusqua-30-kg","9":"pa_breite-aussen-600-mm","10":"pa_breite-innen-500-mm","11":"pa_farbe-der-saeulenmodule-soie-noire","12":"pa_holzfarbe-chene-clair","13":"pa_regalbrettstaerke-bambou-massif-de-27-mm","14":"pa_tiefe-aussen-500-mm","15":"pa_tiefe-innen-400-mm","16":"tm-has-options","18":"first","19":"outofstock","20":"taxable","21":"shipping-taxable","22":"purchasable","23":"product-type-simple"},"_links":{"self":[{"href":"https:\/\/pulsschlag24.com\/fr\/wp-json\/wp\/v2\/product\/5312","targetHints":{"allow":["GET"]}}],"collection":[{"href":"https:\/\/pulsschlag24.com\/fr\/wp-json\/wp\/v2\/product"}],"about":[{"href":"https:\/\/pulsschlag24.com\/fr\/wp-json\/wp\/v2\/types\/product"}],"replies":[{"embeddable":true,"href":"https:\/\/pulsschlag24.com\/fr\/wp-json\/wp\/v2\/comments?post=5312"}],"wp:featuredmedia":[{"embeddable":true,"href":"https:\/\/pulsschlag24.com\/fr\/wp-json\/wp\/v2\/media\/5344"}],"wp:attachment":[{"href":"https:\/\/pulsschlag24.com\/fr\/wp-json\/wp\/v2\/media?parent=5312"}],"wp:term":[{"taxonomy":"product_brand","embeddable":true,"href":"https:\/\/pulsschlag24.com\/fr\/wp-json\/wp\/v2\/product_brand?post=5312"},{"taxonomy":"product_cat","embeddable":true,"href":"https:\/\/pulsschlag24.com\/fr\/wp-json\/wp\/v2\/product_cat?post=5312"},{"taxonomy":"product_tag","embeddable":true,"href":"https:\/\/pulsschlag24.com\/fr\/wp-json\/wp\/v2\/product_tag?post=5312"}],"curies":[{"name":"wp","href":"https:\/\/api.w.org\/{rel}","templated":true}]}}