{"id":5267,"date":"2026-02-23T15:31:55","date_gmt":"2026-02-23T14:31:55","guid":{"rendered":"https:\/\/pulsschlag24.com\/?post_type=product&#038;p=5267"},"modified":"2026-02-24T12:33:09","modified_gmt":"2026-02-24T11:33:09","slug":"atacama-moseco-6-pied-denceinte-615-mm-noir-et-base-en-bambou-clair-kopie","status":"publish","type":"product","link":"https:\/\/pulsschlag24.com\/fr\/produkt\/atacama-moseco-6-pied-denceinte-615-mm-noir-et-base-en-bambou-clair-kopie\/","title":{"rendered":"Atacama Moseco 6 \u2013 Pied d&rsquo;enceinte \u2013 615 mm \u2013 noir et plaque de base en bambou clair &#8211; Pr\u00e9sentoir"},"content":{"rendered":"<p>Voici un ensemble de pieds d&rsquo;enceintes provenant de notre salle d&rsquo;exposition, en tr\u00e8s bon \u00e9tat.<\/p>\n<p>&nbsp;<\/p>\n<p>Ces supports d&rsquo;enceintes haut de gamme d&rsquo;Atacama ont \u00e9t\u00e9 con\u00e7us et fabriqu\u00e9s sp\u00e9cifiquement pour les audiophiles les plus exigeants.<br \/>D&rsquo;une stabilit\u00e9 exceptionnelle, ils minimisent la transmission des vibrations des enceintes.<br \/>Avec une hauteur de plus de 60 centim\u00e8tres, ils garantissent un positionnement optimal des enceintes.<br \/>Les c\u00e2bles peuvent \u00eatre achemin\u00e9s par la colonne arri\u00e8re.<br \/>Moseco a \u00e9t\u00e9 \u00e9lu \u00ab Meilleur support d&rsquo;enceintes 2014 et 2015 \u00bb par les magazines WHAT HIFI? SOUND et VISION.<br \/>Les supports d&rsquo;enceintes Moseco allient les atouts esth\u00e9tiques et sonores du bambou \u00e0 l&rsquo;adaptabilit\u00e9, la robustesse et la stabilit\u00e9 des doubles tiges en acier au carbone. Ces tiges se composent d&rsquo;une colonne avant de 50 mm et d&rsquo;une colonne arri\u00e8re de 28 mm, cette derni\u00e8re permettant une gestion efficace des c\u00e2bles.<br \/>Les supports d&rsquo;enceintes Moseco sont non seulement esth\u00e9tiques, mais ils s&rsquo;harmonisent aussi parfaitement avec les gammes prim\u00e9es de racks HiFi Atacama (Eris, Elite, Evoque Design Edition et Elara), tant par leurs couleurs que par leur style. Ils conviennent parfaitement \u00e0 la plupart des enceintes de biblioth\u00e8que de petite et moyenne taille.<br \/>Pour ceux qui souhaitent am\u00e9liorer encore les performances de leurs enceintes, les supports Moseco peuvent \u00eatre remplis de mat\u00e9riau insonorisant dans la partie avant de la colonne (un seau d&rsquo;Atabite SMD-Z7.5HD est id\u00e9al pour une paire d&rsquo;enceintes Moseco).   Le kit de plaque de base Atacama (en option) peut \u00e9galement \u00eatre utilis\u00e9 pour ajouter du poids et de la stabilit\u00e9 si n\u00e9cessaire.<\/p>\n<p>Le coloris standard est le noir mat, et les platines de base sont fournies de s\u00e9rie en bambou clair. Les pieds d&rsquo;enceintes Moseco sont fabriqu\u00e9s au Royaume-Uni.<br \/>Le bambou \u00e9tant un produit naturel, de l\u00e9g\u00e8res variations de couleur peuvent appara\u00eetre entre les platines. Les couleurs \u00e9volueront avec le temps, notamment si les pieds sont expos\u00e9s directement au soleil. Ces l\u00e9g\u00e8res variations peuvent \u00e9galement se produire si vous associez des pieds d&rsquo;enceintes Moseco \u00e0 un autre produit Atacama en bambou. Atacama s&rsquo;approvisionne exclusivement en bambou aupr\u00e8s de for\u00eats g\u00e9r\u00e9es durablement.   <\/p>\n","protected":false},"excerpt":{"rendered":"<p>\u2713 Design \u00e9l\u00e9gant et excellente qualit\u00e9 de fabrication<br \/>\u2713 Grande durabilit\u00e9 et utilisation polyvalente<br \/>\u2713 Fabriqu\u00e9 en Grande-Bretagne<\/p>\n","protected":false},"featured_media":4432,"comment_status":"open","ping_status":"closed","template":"","meta":[],"product_brand":[],"product_cat":[759,765,766,770],"product_tag":[],"class_list":{"0":"post-5267","1":"product","2":"type-product","3":"status-publish","4":"has-post-thumbnail","6":"product_cat-atacama-moseco","7":"product_cat-support-denceinte","8":"product_cat-vente","9":"product_cat-produits-doccasion","10":"product_shipping_class-jusqua-20-kg","11":"pa_basisplatte-b-x-t-240-mm-x-280-mm","12":"pa_belastung-pro-staender-75-kg","13":"pa_deckplatte-b-x-t-130-mm-x-170-mm","14":"pa_gesamthoehe-615-mm","15":"pa_holzfarbe-bambou-clair","16":"pa_material-farbe-basisplatte-bambou-clair","17":"pa_material-farbe-staender-noir-mat","18":"tm-has-options","20":"first","21":"instock","22":"sale","23":"taxable","24":"shipping-taxable","25":"purchasable","26":"product-type-simple"},"_links":{"self":[{"href":"https:\/\/pulsschlag24.com\/fr\/wp-json\/wp\/v2\/product\/5267","targetHints":{"allow":["GET"]}}],"collection":[{"href":"https:\/\/pulsschlag24.com\/fr\/wp-json\/wp\/v2\/product"}],"about":[{"href":"https:\/\/pulsschlag24.com\/fr\/wp-json\/wp\/v2\/types\/product"}],"replies":[{"embeddable":true,"href":"https:\/\/pulsschlag24.com\/fr\/wp-json\/wp\/v2\/comments?post=5267"}],"wp:featuredmedia":[{"embeddable":true,"href":"https:\/\/pulsschlag24.com\/fr\/wp-json\/wp\/v2\/media\/4432"}],"wp:attachment":[{"href":"https:\/\/pulsschlag24.com\/fr\/wp-json\/wp\/v2\/media?parent=5267"}],"wp:term":[{"taxonomy":"product_brand","embeddable":true,"href":"https:\/\/pulsschlag24.com\/fr\/wp-json\/wp\/v2\/product_brand?post=5267"},{"taxonomy":"product_cat","embeddable":true,"href":"https:\/\/pulsschlag24.com\/fr\/wp-json\/wp\/v2\/product_cat?post=5267"},{"taxonomy":"product_tag","embeddable":true,"href":"https:\/\/pulsschlag24.com\/fr\/wp-json\/wp\/v2\/product_tag?post=5267"}],"curies":[{"name":"wp","href":"https:\/\/api.w.org\/{rel}","templated":true}]}}