{"id":5213,"date":"2026-02-11T09:14:04","date_gmt":"2026-02-11T08:14:04","guid":{"rendered":"https:\/\/pulsschlag24.com\/?post_type=product&#038;p=5213"},"modified":"2026-02-11T09:46:19","modified_gmt":"2026-02-11T08:46:19","slug":"viablue-ufo-amortisseur-50300-oe-35-mm-noir-lot-de-450300-oe-35-mm-noir-lot-de-4-kopie","status":"publish","type":"product","link":"https:\/\/pulsschlag24.com\/fr\/produkt\/viablue-ufo-amortisseur-50300-oe-35-mm-noir-lot-de-450300-oe-35-mm-noir-lot-de-4-kopie\/","title":{"rendered":"ViaBlue TRI Spikes 50070 &#8211; \u00d8 35mm &#8211; Noir &#8211; 4 pi\u00e8ces"},"content":{"rendered":"<p>Individuel. Exclusif. Unique.<br \/>Les pointes VIABLUE\u2122 TRI Spikes dissipent les vibrations ind\u00e9sirables en trois points, emp\u00eachant leur transmission aux meubles et aux surfaces. Leur conception optimis\u00e9e garantit un son clair, net et pr\u00e9cis. Elles compl\u00e8tent parfaitement les grandes enceintes et les appareils tels que les platines vinyles et les amplificateurs \u00e0 tubes.  <\/p>\n<p>Brillance compacte<br \/>Charge maximale de 200 kg par paire<br \/>\nDiam\u00e8tre de 35 mm pour prot\u00e9ger les sols<br \/>\n2 bases m\u00e9talliques rev\u00eatues<br \/>\n3 pointes en acier inoxydable viss\u00e9es<br \/>\nPlaque de support en 2 parties avec insert en acier inoxydable<\/p>\n<p>R\u00e9glage intelligent de la hauteur jusqu&rsquo;\u00e0 1 mm<br \/>R\u00e9glage de la hauteur VIABLUE\u2122 directement entre les corps de la base TRI<br \/>\nR\u00e9glage pr\u00e9cis gr\u00e2ce \u00e0 un filetage fin de 30 mm<br \/>\nStabilit\u00e9 optimale gr\u00e2ce \u00e0 un filetage de grand diam\u00e8tre<\/p>\n<p>Installation et montage pratiques<br \/>Positionnement ais\u00e9 sous les haut-parleurs\/appareils<br \/>Ou fixation par vis dans les filetages existants<br \/>Fixation par vis \u00e0 l&rsquo;aide de vis \u00e0 t\u00eate ultra-plate M6 ou M8 et d&rsquo;inserts filet\u00e9s optionnels (vendus s\u00e9par\u00e9ment).<\/p>\n","protected":false},"excerpt":{"rendered":"<p>\u2713 Grande surface de contact<br \/>\n\u2713 Emp\u00eache la transmission des vibrations parasites<br \/>\n\u2713 Prot\u00e8ge les sols<\/p>\n","protected":false},"featured_media":5218,"comment_status":"open","ping_status":"closed","template":"","meta":[],"product_brand":[],"product_cat":[1006,1007,1010],"product_tag":[],"class_list":{"0":"post-5213","1":"product","2":"type-product","3":"status-publish","4":"has-post-thumbnail","6":"product_cat-viablue","7":"product_cat-amortisseur","8":"product_cat-pointes-et-rondelles","9":"product_shipping_class-jusqua-2-kg","10":"pa_durchmesser-35-mm","11":"pa_farbe-noir","12":"pa_hoehe-192-202-mm","13":"pa_maximalbelastung-200-kg-4-pieces","14":"tm-has-options","16":"first","17":"outofstock","18":"taxable","19":"shipping-taxable","20":"purchasable","21":"product-type-simple"},"_links":{"self":[{"href":"https:\/\/pulsschlag24.com\/fr\/wp-json\/wp\/v2\/product\/5213","targetHints":{"allow":["GET"]}}],"collection":[{"href":"https:\/\/pulsschlag24.com\/fr\/wp-json\/wp\/v2\/product"}],"about":[{"href":"https:\/\/pulsschlag24.com\/fr\/wp-json\/wp\/v2\/types\/product"}],"replies":[{"embeddable":true,"href":"https:\/\/pulsschlag24.com\/fr\/wp-json\/wp\/v2\/comments?post=5213"}],"wp:featuredmedia":[{"embeddable":true,"href":"https:\/\/pulsschlag24.com\/fr\/wp-json\/wp\/v2\/media\/5218"}],"wp:attachment":[{"href":"https:\/\/pulsschlag24.com\/fr\/wp-json\/wp\/v2\/media?parent=5213"}],"wp:term":[{"taxonomy":"product_brand","embeddable":true,"href":"https:\/\/pulsschlag24.com\/fr\/wp-json\/wp\/v2\/product_brand?post=5213"},{"taxonomy":"product_cat","embeddable":true,"href":"https:\/\/pulsschlag24.com\/fr\/wp-json\/wp\/v2\/product_cat?post=5213"},{"taxonomy":"product_tag","embeddable":true,"href":"https:\/\/pulsschlag24.com\/fr\/wp-json\/wp\/v2\/product_tag?post=5213"}],"curies":[{"name":"wp","href":"https:\/\/api.w.org\/{rel}","templated":true}]}}