{"id":5184,"date":"2026-02-02T13:57:40","date_gmt":"2026-02-02T12:57:40","guid":{"rendered":"https:\/\/pulsschlag24.com\/?post_type=product&#038;p=5184"},"modified":"2026-02-02T14:50:40","modified_gmt":"2026-02-02T13:50:40","slug":"viablue-qtc-spikes-50010-noirs-lot-de-4-kopie","status":"publish","type":"product","link":"https:\/\/pulsschlag24.com\/fr\/produkt\/viablue-qtc-spikes-50010-noirs-lot-de-4-kopie\/","title":{"rendered":"ViaBlue QTC XL Spikes 50088 &#8211; Noirs &#8211; Lot de 4"},"content":{"rendered":"<p>Individuel. Exclusif. Uniques.<br \/>Les pointes VIABLUE\u2122 QTC emp\u00eachent la transmission de vibrations parasites aux meubles et aux surfaces, garantissant un son clair, net et pr\u00e9cis. \u00c9l\u00e9gantes, elles compl\u00e8tent parfaitement les enceintes et les appareils tels que les platines vinyles et les amplificateurs \u00e0 tubes. <\/p>\n<p>Les pointes QTC Spikes XL sont con\u00e7ues pour des enceintes plus grandes, plus lourdes et plus volumineuses que les pointes QTC Spikes standard. Les disques XL des QTC Spikes XL sont des plaques de montage d&rsquo;un diam\u00e8tre extra-large de 35 mm. <\/p>\n<p>\u00c9l\u00e9gance et perfection<br \/>\nCharge maximale de 300 kg par ensemble<br \/>\n2 bases m\u00e9talliques rev\u00eatues reli\u00e9es par un filetage fin de 20 mm<br \/>\nR\u00e9glage en hauteur sur 3 mm<\/p>\n<p>R\u00e9glage intelligent de la hauteur jusqu&rsquo;\u00e0 3 mm<br \/>R\u00e9glage de la hauteur VIABLUE\u2122 directement entre les corps m\u00e9talliques de la base<br \/>\nR\u00e9glage pr\u00e9cis gr\u00e2ce \u00e0 un filetage fin de 27 mm<br \/>\nStabilit\u00e9 optimale gr\u00e2ce \u00e0 un filetage de grand diam\u00e8tre<\/p>\n<p>Installation facile<br \/>Installation simple en vissant les pointes sur l&rsquo;enceinte\/l&rsquo;appareil gr\u00e2ce au filetage existant.<br \/>Les vis sont en acier inoxydable et des inserts filet\u00e9s sont disponibles en option.<br \/>Utilisez nos pointes VIABLUE\u2122 d&rsquo;origine, de haute qualit\u00e9.<\/p>\n","protected":false},"excerpt":{"rendered":"<p>\u2713 Dissipe les vibrations parasites<br \/>\n\u2713 Concentre et \u00e9limine les vibrations<br \/>\n\u2713 R\u00e9glage de la hauteur directement sur les deux supports de pointes<\/p>\n","protected":false},"featured_media":5202,"comment_status":"open","ping_status":"closed","template":"","meta":[],"product_brand":[],"product_cat":[1010,1006],"product_tag":[],"class_list":{"0":"post-5184","1":"product","2":"type-product","3":"status-publish","4":"has-post-thumbnail","6":"product_cat-pointes-et-rondelles","7":"product_cat-viablue","8":"product_shipping_class-jusqua-2-kg","9":"pa_durchmesser-48-mm","10":"pa_farbe-noir","11":"pa_hoehe-67-70-mm","12":"pa_maximalbelastung-300-kg-4-pieces","13":"tm-has-options","15":"first","16":"outofstock","17":"taxable","18":"shipping-taxable","19":"purchasable","20":"product-type-simple"},"_links":{"self":[{"href":"https:\/\/pulsschlag24.com\/fr\/wp-json\/wp\/v2\/product\/5184","targetHints":{"allow":["GET"]}}],"collection":[{"href":"https:\/\/pulsschlag24.com\/fr\/wp-json\/wp\/v2\/product"}],"about":[{"href":"https:\/\/pulsschlag24.com\/fr\/wp-json\/wp\/v2\/types\/product"}],"replies":[{"embeddable":true,"href":"https:\/\/pulsschlag24.com\/fr\/wp-json\/wp\/v2\/comments?post=5184"}],"wp:featuredmedia":[{"embeddable":true,"href":"https:\/\/pulsschlag24.com\/fr\/wp-json\/wp\/v2\/media\/5202"}],"wp:attachment":[{"href":"https:\/\/pulsschlag24.com\/fr\/wp-json\/wp\/v2\/media?parent=5184"}],"wp:term":[{"taxonomy":"product_brand","embeddable":true,"href":"https:\/\/pulsschlag24.com\/fr\/wp-json\/wp\/v2\/product_brand?post=5184"},{"taxonomy":"product_cat","embeddable":true,"href":"https:\/\/pulsschlag24.com\/fr\/wp-json\/wp\/v2\/product_cat?post=5184"},{"taxonomy":"product_tag","embeddable":true,"href":"https:\/\/pulsschlag24.com\/fr\/wp-json\/wp\/v2\/product_tag?post=5184"}],"curies":[{"name":"wp","href":"https:\/\/api.w.org\/{rel}","templated":true}]}}