{"id":5135,"date":"2026-01-20T12:07:05","date_gmt":"2026-01-20T11:07:05","guid":{"rendered":"https:\/\/pulsschlag24.com\/produkt\/viablue-pointes-de-rechange-pour-qtc-spikes-50031\/"},"modified":"2026-01-20T12:07:05","modified_gmt":"2026-01-20T11:07:05","slug":"viablue-pointes-de-rechange-pour-qtc-spikes-50031","status":"publish","type":"product","link":"https:\/\/pulsschlag24.com\/fr\/produkt\/viablue-pointes-de-rechange-pour-qtc-spikes-50031\/","title":{"rendered":"ViaBlue Pointes de rechange pour QTC Spikes 50031"},"content":{"rendered":"<p>Les embouts en acier inoxydable VIABLUE\u2122 QTC, \u00e9galement appel\u00e9s pointes, sont uniquement destin\u00e9s \u00e0 remplacer les embouts d&rsquo;origine. Les kits QTC Spikes et QTC Spikes XL incluent d\u00e9j\u00e0 des pointes. <\/p>\n","protected":false},"excerpt":{"rendered":"<p>\u2713 Remplace les pointes QTC<br \/>\u2713 Installation facile et rapide<\/p>\n","protected":false},"featured_media":4880,"comment_status":"open","ping_status":"closed","template":"","meta":[],"product_brand":[],"product_cat":[1025,1006],"product_tag":[],"class_list":{"0":"post-5135","1":"product","2":"type-product","3":"status-publish","4":"has-post-thumbnail","6":"product_cat-accessoires-viablue","7":"product_cat-viablue","8":"product_shipping_class-jusqua-2-kg","9":"pa_durchmesser-8-mm","10":"pa_hoehe-hauteur-125-mm-dont-6-mm-sont-visibles","11":"pa_maximalbelastung-200-kg-4-pieces","12":"tm-no-options","14":"first","15":"outofstock","16":"taxable","17":"shipping-taxable","18":"purchasable","19":"product-type-simple"},"_links":{"self":[{"href":"https:\/\/pulsschlag24.com\/fr\/wp-json\/wp\/v2\/product\/5135","targetHints":{"allow":["GET"]}}],"collection":[{"href":"https:\/\/pulsschlag24.com\/fr\/wp-json\/wp\/v2\/product"}],"about":[{"href":"https:\/\/pulsschlag24.com\/fr\/wp-json\/wp\/v2\/types\/product"}],"replies":[{"embeddable":true,"href":"https:\/\/pulsschlag24.com\/fr\/wp-json\/wp\/v2\/comments?post=5135"}],"wp:featuredmedia":[{"embeddable":true,"href":"https:\/\/pulsschlag24.com\/fr\/wp-json\/wp\/v2\/media\/4880"}],"wp:attachment":[{"href":"https:\/\/pulsschlag24.com\/fr\/wp-json\/wp\/v2\/media?parent=5135"}],"wp:term":[{"taxonomy":"product_brand","embeddable":true,"href":"https:\/\/pulsschlag24.com\/fr\/wp-json\/wp\/v2\/product_brand?post=5135"},{"taxonomy":"product_cat","embeddable":true,"href":"https:\/\/pulsschlag24.com\/fr\/wp-json\/wp\/v2\/product_cat?post=5135"},{"taxonomy":"product_tag","embeddable":true,"href":"https:\/\/pulsschlag24.com\/fr\/wp-json\/wp\/v2\/product_tag?post=5135"}],"curies":[{"name":"wp","href":"https:\/\/api.w.org\/{rel}","templated":true}]}}