{"id":5132,"date":"2026-01-20T11:54:59","date_gmt":"2026-01-20T10:54:59","guid":{"rendered":"https:\/\/pulsschlag24.com\/produkt\/viablue-ecrous-a-visser-en-acier-inoxydable\/"},"modified":"2026-04-22T14:39:06","modified_gmt":"2026-04-22T12:39:06","slug":"viablue-ecrous-a-visser-en-acier-inoxydable","status":"publish","type":"product","link":"https:\/\/pulsschlag24.com\/fr\/produkt\/viablue-ecrous-a-visser-en-acier-inoxydable\/","title":{"rendered":"ViaBlue \u00c9crous \u00e0 visser en acier inoxydable"},"content":{"rendered":"<p>Les \u00e9crous \u00e0 ins\u00e9rer filet\u00e9s en acier inoxydable VIABLUE\u2122 sont utilis\u00e9s pour la modernisation des filetages.<\/p>\n<p>&nbsp;<\/p>\n<p>Inserts filet\u00e9s en acier inoxydable<br \/>\nAccessoires pour pointes<\/p>\n<p>Hauteur totale par insert filet\u00e9 : 15 mm<br \/>Avec douille hexagonale interne, bague de finition et ergot de guidage<br \/>\nFiletage ext\u00e9rieur autotaraudeur aff\u00fbt\u00e9<\/p>\n<p>Insert filet\u00e9 M6 : Trou pr\u00e9-perc\u00e9 de 10,0 \u00e0 10,5 mm de diam\u00e8tre<br \/>Insert filet\u00e9 M6 : Installation avec une cl\u00e9 Allen de 6 mm<br \/>Diam\u00e8tre ext\u00e9rieur de l\u2019insert filet\u00e9 M6 : 12 mm<\/p>\n<p>Insert filet\u00e9 M8 : Trou pr\u00e9-perc\u00e9 de 12,0 \u00e0 12,5 mm de diam\u00e8tre<br \/>Insert filet\u00e9 M8 : Installation avec une cl\u00e9 Allen de 8 mm<br \/>Diam\u00e8tre ext\u00e9rieur de l\u2019insert filet\u00e9 M8 : 14 mm<\/p>\n","protected":false},"excerpt":{"rendered":"<p>\u2713 Utilis\u00e9 pour le r\u00e9ajustement des filetages<\/p>\n","protected":false},"featured_media":4884,"comment_status":"open","ping_status":"closed","template":"","meta":[],"product_brand":[1080],"product_cat":[1025,1006],"product_tag":[],"class_list":{"0":"post-5132","1":"product","2":"type-product","3":"status-publish","4":"has-post-thumbnail","6":"product_brand-viablue","7":"product_cat-accessoires-viablue","8":"product_cat-viablue","9":"product_shipping_class-jusqua-2-kg","10":"tm-no-options","12":"first","13":"outofstock","14":"taxable","15":"shipping-taxable","16":"purchasable","17":"product-type-variable"},"_links":{"self":[{"href":"https:\/\/pulsschlag24.com\/fr\/wp-json\/wp\/v2\/product\/5132","targetHints":{"allow":["GET"]}}],"collection":[{"href":"https:\/\/pulsschlag24.com\/fr\/wp-json\/wp\/v2\/product"}],"about":[{"href":"https:\/\/pulsschlag24.com\/fr\/wp-json\/wp\/v2\/types\/product"}],"replies":[{"embeddable":true,"href":"https:\/\/pulsschlag24.com\/fr\/wp-json\/wp\/v2\/comments?post=5132"}],"wp:featuredmedia":[{"embeddable":true,"href":"https:\/\/pulsschlag24.com\/fr\/wp-json\/wp\/v2\/media\/4884"}],"wp:attachment":[{"href":"https:\/\/pulsschlag24.com\/fr\/wp-json\/wp\/v2\/media?parent=5132"}],"wp:term":[{"taxonomy":"product_brand","embeddable":true,"href":"https:\/\/pulsschlag24.com\/fr\/wp-json\/wp\/v2\/product_brand?post=5132"},{"taxonomy":"product_cat","embeddable":true,"href":"https:\/\/pulsschlag24.com\/fr\/wp-json\/wp\/v2\/product_cat?post=5132"},{"taxonomy":"product_tag","embeddable":true,"href":"https:\/\/pulsschlag24.com\/fr\/wp-json\/wp\/v2\/product_tag?post=5132"}],"curies":[{"name":"wp","href":"https:\/\/api.w.org\/{rel}","templated":true}]}}