{"id":5117,"date":"2026-01-19T22:14:19","date_gmt":"2026-01-19T21:14:19","guid":{"rendered":"https:\/\/pulsschlag24.com\/produkt\/viablue-ufo-dome-leve-cable-50650-noir-lot-de-4\/"},"modified":"2026-04-22T14:38:42","modified_gmt":"2026-04-22T12:38:42","slug":"viablue-ufo-dome-leve-cable-50650-noir-lot-de-4","status":"publish","type":"product","link":"https:\/\/pulsschlag24.com\/fr\/produkt\/viablue-ufo-dome-leve-cable-50650-noir-lot-de-4\/","title":{"rendered":"ViaBlue UFO Dome L\u00e8ve-c\u00e2ble 50650 &#8211; Noir &#8211; Lot de 4"},"content":{"rendered":"<p>R\u00e9glage de pr\u00e9cision pour une perfection absolue<br \/>Les supports de c\u00e2bles VIABLUE\u2122 UFO DOME prot\u00e8gent les c\u00e2bles des r\u00e9sonances et des vibrations. Outre leur aspect esth\u00e9tique, ils emp\u00eachent la formation de capacit\u00e9s entre le c\u00e2ble et le sol. <\/p>\n<p>Corps en aluminium massif pour une stabilit\u00e9 optimale<br \/>\nFinition de surface avec rev\u00eatement r\u00e9sistant \u00e0 l&rsquo;abrasion<br \/>\nStabilit\u00e9 assur\u00e9e par son poids<br \/>\nPatchs souples VIABLUE\u2122 innovants pour une adh\u00e9rence optimale<br \/>\nAnneaux souples VIABLUE\u2122 pour un support de c\u00e2ble flexible et amortissant les vibrations<\/p>\n<p>Un compl\u00e9ment id\u00e9al pour tout syst\u00e8me<br \/>Pour d\u00e9coupler les c\u00e2bles du sol<br \/>R\u00e9duire les vibrations des c\u00e2bles<br \/>Pr\u00e9venir la formation de capacit\u00e9s entre le c\u00e2ble et le sol<\/p>\n<p>Solutions polyvalentes pour la gestion des c\u00e2bles<br \/>UFO DOME : 1 c\u00e2ble de diam\u00e8tre max. 30 mm<br \/>ROCKET : 2 c\u00e2bles de diam\u00e8tre max. 20 mm<br \/>ROCKET XL : 2 c\u00e2bles de diam\u00e8tre max. 30 mm   <\/p>\n<p>Les l\u00e8ve-c\u00e2bles VIABLUE\u2122 r\u00e9duisent<br \/>\nla distorsion et le bruit<br \/>\nla capacit\u00e9 de couplage des c\u00e2bles<br \/>\nles effets des champs d&rsquo;interf\u00e9rence provenant des sols et des murs<\/p>\n<p>Installation et positionnement faciles<br \/>Les l\u00e8ve-c\u00e2bles VIABLUE\u2122 se placent directement sous les c\u00e2bles.<\/p>\n<p>Les syst\u00e8mes de levage de c\u00e2bles ROCKET et ROCKET XL permettent l&rsquo;installation des c\u00e2bles sur deux niveaux.<br \/>Les c\u00e2bles peuvent \u00e9galement \u00eatre fix\u00e9s au centre \u00e0 l&rsquo;aide des anneaux souples fournis.<\/p>\n<p>Diam\u00e8tre maximal : 65 mm<br \/>\nHauteur totale : 51 mm<br \/>\nCapacit\u00e9 maximale du c\u00e2ble : 1 x \u00d8 30 mm<br \/>\nCourbe de levage du c\u00e2ble : 41 mm<br \/>\nPoids unitaire : 315 g<br \/>\nPoids total du kit de 4 pi\u00e8ces, emballage compris : 1 560 g  <\/p>\n","protected":false},"excerpt":{"rendered":"<p>\u2713 R\u00e9duit la distorsion et le bruit<br \/>\n\u2713 Isole les c\u00e2bles du sol<br \/>\n\u2713 Installation facile<\/p>\n","protected":false},"featured_media":4940,"comment_status":"open","ping_status":"closed","template":"","meta":[],"product_brand":[1080],"product_cat":[1019,1006],"product_tag":[],"class_list":{"0":"post-5117","1":"product","2":"type-product","3":"status-publish","4":"has-post-thumbnail","6":"product_brand-viablue","7":"product_cat-leve-cable","8":"product_cat-viablue","9":"product_shipping_class-jusqua-2-kg","10":"pa_durchmesser-65-mm","11":"pa_farbe-noir","12":"pa_hoehe-51-mm","13":"tm-has-options","15":"first","16":"outofstock","17":"taxable","18":"shipping-taxable","19":"purchasable","20":"product-type-simple"},"_links":{"self":[{"href":"https:\/\/pulsschlag24.com\/fr\/wp-json\/wp\/v2\/product\/5117","targetHints":{"allow":["GET"]}}],"collection":[{"href":"https:\/\/pulsschlag24.com\/fr\/wp-json\/wp\/v2\/product"}],"about":[{"href":"https:\/\/pulsschlag24.com\/fr\/wp-json\/wp\/v2\/types\/product"}],"replies":[{"embeddable":true,"href":"https:\/\/pulsschlag24.com\/fr\/wp-json\/wp\/v2\/comments?post=5117"}],"wp:featuredmedia":[{"embeddable":true,"href":"https:\/\/pulsschlag24.com\/fr\/wp-json\/wp\/v2\/media\/4940"}],"wp:attachment":[{"href":"https:\/\/pulsschlag24.com\/fr\/wp-json\/wp\/v2\/media?parent=5117"}],"wp:term":[{"taxonomy":"product_brand","embeddable":true,"href":"https:\/\/pulsschlag24.com\/fr\/wp-json\/wp\/v2\/product_brand?post=5117"},{"taxonomy":"product_cat","embeddable":true,"href":"https:\/\/pulsschlag24.com\/fr\/wp-json\/wp\/v2\/product_cat?post=5117"},{"taxonomy":"product_tag","embeddable":true,"href":"https:\/\/pulsschlag24.com\/fr\/wp-json\/wp\/v2\/product_tag?post=5117"}],"curies":[{"name":"wp","href":"https:\/\/api.w.org\/{rel}","templated":true}]}}