{"id":5108,"date":"2026-01-19T11:21:32","date_gmt":"2026-01-19T10:21:32","guid":{"rendered":"https:\/\/pulsschlag24.com\/produkt\/viablue-qtc-rondelles-50061-oe-25-mm-noires-lot-de-8\/"},"modified":"2026-01-19T11:21:32","modified_gmt":"2026-01-19T10:21:32","slug":"viablue-qtc-rondelles-50061-oe-25-mm-noires-lot-de-8","status":"publish","type":"product","link":"https:\/\/pulsschlag24.com\/fr\/produkt\/viablue-qtc-rondelles-50061-oe-25-mm-noires-lot-de-8\/","title":{"rendered":"ViaBlue QTC Rondelles 50061 &#8211; \u00d8 25 mm &#8211; Noires &#8211; Lot de 8"},"content":{"rendered":"<p>Disques XL<br \/>Les disques XL VIABLUE\u2122, gr\u00e2ce \u00e0 leur large surface de contact, prot\u00e8gent les surfaces et les sols, comme le parquet.<br \/>\u00d8 25 mm<br \/>\nPlaque de support en deux parties de haute qualit\u00e9<br \/>\nSocle en m\u00e9tal rev\u00eatu avec incrustation<\/p>\n","protected":false},"excerpt":{"rendered":"<p>\u2713 Prot\u00e8ge les sols<br \/>\n\u2713 Id\u00e9al pour une utilisation avec les pointes VIABLUE des s\u00e9ries HS et QTC<\/p>\n","protected":false},"featured_media":4824,"comment_status":"open","ping_status":"closed","template":"","meta":[],"product_brand":[],"product_cat":[1006,1010],"product_tag":[],"class_list":{"0":"post-5108","1":"product","2":"type-product","3":"status-publish","4":"has-post-thumbnail","6":"product_cat-viablue","7":"product_cat-pointes-et-rondelles","8":"product_shipping_class-jusqua-2-kg","9":"pa_durchmesser-25-mm","10":"pa_farbe-noir","11":"pa_hoehe-52-mm","12":"pa_maximalbelastung-200-kg-8-pieces","13":"tm-has-options","15":"first","16":"instock","17":"taxable","18":"shipping-taxable","19":"purchasable","20":"product-type-simple"},"_links":{"self":[{"href":"https:\/\/pulsschlag24.com\/fr\/wp-json\/wp\/v2\/product\/5108","targetHints":{"allow":["GET"]}}],"collection":[{"href":"https:\/\/pulsschlag24.com\/fr\/wp-json\/wp\/v2\/product"}],"about":[{"href":"https:\/\/pulsschlag24.com\/fr\/wp-json\/wp\/v2\/types\/product"}],"replies":[{"embeddable":true,"href":"https:\/\/pulsschlag24.com\/fr\/wp-json\/wp\/v2\/comments?post=5108"}],"wp:featuredmedia":[{"embeddable":true,"href":"https:\/\/pulsschlag24.com\/fr\/wp-json\/wp\/v2\/media\/4824"}],"wp:attachment":[{"href":"https:\/\/pulsschlag24.com\/fr\/wp-json\/wp\/v2\/media?parent=5108"}],"wp:term":[{"taxonomy":"product_brand","embeddable":true,"href":"https:\/\/pulsschlag24.com\/fr\/wp-json\/wp\/v2\/product_brand?post=5108"},{"taxonomy":"product_cat","embeddable":true,"href":"https:\/\/pulsschlag24.com\/fr\/wp-json\/wp\/v2\/product_cat?post=5108"},{"taxonomy":"product_tag","embeddable":true,"href":"https:\/\/pulsschlag24.com\/fr\/wp-json\/wp\/v2\/product_tag?post=5108"}],"curies":[{"name":"wp","href":"https:\/\/api.w.org\/{rel}","templated":true}]}}