{"id":5107,"date":"2026-01-19T11:19:22","date_gmt":"2026-01-19T10:19:22","guid":{"rendered":"https:\/\/pulsschlag24.com\/produkt\/viablue-qtc-rondelles-50053-oe-16-mm-argent-lot-de-8\/"},"modified":"2026-01-19T11:19:22","modified_gmt":"2026-01-19T10:19:22","slug":"viablue-qtc-rondelles-50053-oe-16-mm-argent-lot-de-8","status":"publish","type":"product","link":"https:\/\/pulsschlag24.com\/fr\/produkt\/viablue-qtc-rondelles-50053-oe-16-mm-argent-lot-de-8\/","title":{"rendered":"ViaBlue QTC Rondelles 50053 &#8211; \u00d8 16 mm &#8211; Argent &#8211; Lot de 8"},"content":{"rendered":"<p>Disques de base pour QTC et HS<br \/>\nLes disques de base VIABLUE\u2122 sont destin\u00e9s au remplacement uniquement. Tous les jeux de pointes incluent d\u00e9j\u00e0 des rondelles. Tous les disques pr\u00e9sent\u00e9s ici sont compatibles avec les pointes HS et QTC.  <\/p>\n<p>\u00d8 16 mm<br \/>Plaque de montage en deux parties de haute qualit\u00e9<br \/>\nSocle en m\u00e9tal rev\u00eatu avec incrustation<\/p>\n","protected":false},"excerpt":{"rendered":"<p>\u2713 Prot\u00e8ge les sols<br \/>\u2713 Id\u00e9al pour une utilisation avec les pointes VIABLUE des s\u00e9ries HS et QTC<\/p>\n","protected":false},"featured_media":4820,"comment_status":"open","ping_status":"closed","template":"","meta":[],"product_brand":[],"product_cat":[1006,1010],"product_tag":[],"class_list":{"0":"post-5107","1":"product","2":"type-product","3":"status-publish","4":"has-post-thumbnail","6":"product_cat-viablue","7":"product_cat-pointes-et-rondelles","8":"product_shipping_class-jusqua-2-kg","9":"pa_durchmesser-16-mm","10":"pa_farbe-argent","11":"pa_hoehe-45-mm","12":"pa_maximalbelastung-200-kg-8-pieces","13":"tm-has-options","15":"first","16":"instock","17":"taxable","18":"shipping-taxable","19":"purchasable","20":"product-type-simple"},"_links":{"self":[{"href":"https:\/\/pulsschlag24.com\/fr\/wp-json\/wp\/v2\/product\/5107","targetHints":{"allow":["GET"]}}],"collection":[{"href":"https:\/\/pulsschlag24.com\/fr\/wp-json\/wp\/v2\/product"}],"about":[{"href":"https:\/\/pulsschlag24.com\/fr\/wp-json\/wp\/v2\/types\/product"}],"replies":[{"embeddable":true,"href":"https:\/\/pulsschlag24.com\/fr\/wp-json\/wp\/v2\/comments?post=5107"}],"wp:featuredmedia":[{"embeddable":true,"href":"https:\/\/pulsschlag24.com\/fr\/wp-json\/wp\/v2\/media\/4820"}],"wp:attachment":[{"href":"https:\/\/pulsschlag24.com\/fr\/wp-json\/wp\/v2\/media?parent=5107"}],"wp:term":[{"taxonomy":"product_brand","embeddable":true,"href":"https:\/\/pulsschlag24.com\/fr\/wp-json\/wp\/v2\/product_brand?post=5107"},{"taxonomy":"product_cat","embeddable":true,"href":"https:\/\/pulsschlag24.com\/fr\/wp-json\/wp\/v2\/product_cat?post=5107"},{"taxonomy":"product_tag","embeddable":true,"href":"https:\/\/pulsschlag24.com\/fr\/wp-json\/wp\/v2\/product_tag?post=5107"}],"curies":[{"name":"wp","href":"https:\/\/api.w.org\/{rel}","templated":true}]}}