{"id":5105,"date":"2026-01-19T11:10:24","date_gmt":"2026-01-19T10:10:24","guid":{"rendered":"https:\/\/pulsschlag24.com\/produkt\/viablue-qtc-spikes-50012-argent-lot-de-4\/"},"modified":"2026-01-19T11:10:24","modified_gmt":"2026-01-19T10:10:24","slug":"viablue-qtc-spikes-50012-argent-lot-de-4","status":"publish","type":"product","link":"https:\/\/pulsschlag24.com\/fr\/produkt\/viablue-qtc-spikes-50012-argent-lot-de-4\/","title":{"rendered":"ViaBlue QTC Spikes 50012 &#8211; Argent &#8211; Lot de 4"},"content":{"rendered":"<p>Individuel. Exclusif. Unique.<br \/>\nLes pointes VIABLUE\u2122 QTC emp\u00eachent la transmission de vibrations parasites aux meubles et aux surfaces, garantissant un son clair, net et pr\u00e9cis. Leur design \u00e9l\u00e9gant compl\u00e8te parfaitement les enceintes et les appareils tels que les platines vinyles et les amplificateurs \u00e0 tubes.   <\/p>\n<p>Les pointes QTC comprennent des disques VIABLUE\u2122, qui sont des plaques de support en deux parties d&rsquo;un grand diam\u00e8tre de \u00d8 25 mm. Celles-ci prot\u00e8gent, par exemple, les parquets.<\/p>\n<p>\u00c9l\u00e9gance et perfection<br \/>\nCharge maximale de 200 kg par ensemble<br \/>\n2 bases m\u00e9talliques rev\u00eatues reli\u00e9es par un filetage fin de 20 mm<br \/>\nR\u00e9glage en hauteur de 2 mm<\/p>\n<p>R\u00e9glage intelligent de la hauteur jusqu&rsquo;\u00e0 2 mm<br \/>R\u00e9glage de la hauteur VIABLUE\u2122 directement entre les corps m\u00e9talliques de la base<br \/>\nR\u00e9glage pr\u00e9cis gr\u00e2ce \u00e0 un filetage fin de 20 mm<br \/>\nStabilit\u00e9 optimale gr\u00e2ce \u00e0 un filetage de grand diam\u00e8tre<\/p>\n<p>Montage pratique<br \/>Installation facile par vissage sur le haut-parleur\/appareil \u00e0 l&rsquo;aide du filetage existant<br \/>Le vissage s&rsquo;effectue \u00e0 l&rsquo;aide de vis en acier inoxydable, de tiges filet\u00e9es et, si n\u00e9cessaire, d&rsquo;inserts filet\u00e9s (disponibles s\u00e9par\u00e9ment).<\/p>\n","protected":false},"excerpt":{"rendered":"<p>\u2713 Dissipe les vibrations parasites<br \/>\n\u2713 Concentre et \u00e9limine les vibrations<br \/>\n\u2713 R\u00e9glage de la hauteur directement sur les deux supports de pointes<\/p>\n","protected":false},"featured_media":4812,"comment_status":"open","ping_status":"closed","template":"","meta":[],"product_brand":[],"product_cat":[1006,1010],"product_tag":[],"class_list":{"0":"post-5105","1":"product","2":"type-product","3":"status-publish","4":"has-post-thumbnail","6":"product_cat-viablue","7":"product_cat-pointes-et-rondelles","8":"product_shipping_class-jusqua-2-kg","9":"pa_durchmesser-35-mm","10":"pa_farbe-argent","11":"pa_hoehe-475-495-mm","12":"pa_maximalbelastung-200-kg-4-pieces","13":"tm-has-options","15":"first","16":"instock","17":"taxable","18":"shipping-taxable","19":"purchasable","20":"product-type-simple"},"_links":{"self":[{"href":"https:\/\/pulsschlag24.com\/fr\/wp-json\/wp\/v2\/product\/5105","targetHints":{"allow":["GET"]}}],"collection":[{"href":"https:\/\/pulsschlag24.com\/fr\/wp-json\/wp\/v2\/product"}],"about":[{"href":"https:\/\/pulsschlag24.com\/fr\/wp-json\/wp\/v2\/types\/product"}],"replies":[{"embeddable":true,"href":"https:\/\/pulsschlag24.com\/fr\/wp-json\/wp\/v2\/comments?post=5105"}],"wp:featuredmedia":[{"embeddable":true,"href":"https:\/\/pulsschlag24.com\/fr\/wp-json\/wp\/v2\/media\/4812"}],"wp:attachment":[{"href":"https:\/\/pulsschlag24.com\/fr\/wp-json\/wp\/v2\/media?parent=5105"}],"wp:term":[{"taxonomy":"product_brand","embeddable":true,"href":"https:\/\/pulsschlag24.com\/fr\/wp-json\/wp\/v2\/product_brand?post=5105"},{"taxonomy":"product_cat","embeddable":true,"href":"https:\/\/pulsschlag24.com\/fr\/wp-json\/wp\/v2\/product_cat?post=5105"},{"taxonomy":"product_tag","embeddable":true,"href":"https:\/\/pulsschlag24.com\/fr\/wp-json\/wp\/v2\/product_tag?post=5105"}],"curies":[{"name":"wp","href":"https:\/\/api.w.org\/{rel}","templated":true}]}}