{"id":5099,"date":"2026-01-19T10:18:07","date_gmt":"2026-01-19T09:18:07","guid":{"rendered":"https:\/\/pulsschlag24.com\/produkt\/viablue-hs-spikes-50040-noirs-lot-de-4\/"},"modified":"2026-01-19T10:18:07","modified_gmt":"2026-01-19T09:18:07","slug":"viablue-hs-spikes-50040-noirs-lot-de-4","status":"publish","type":"product","link":"https:\/\/pulsschlag24.com\/fr\/produkt\/viablue-hs-spikes-50040-noirs-lot-de-4\/","title":{"rendered":"ViaBlue HS Spikes 50040 &#8211; Noirs &#8211; Lot de 4"},"content":{"rendered":"<p>Individuel. Exclusif. Unique.<br \/>Les pointes VIABLUE\u2122 HS se d\u00e9placent sur le dessus des meubles, cr\u00e9ant diff\u00e9rentes tonalit\u00e9s et sonorit\u00e9s. \u00c9l\u00e9gantes, elles compl\u00e8tent parfaitement les enceintes et les \u00e9quipements tels que les platines vinyles et les amplificateurs \u00e0 tubes.   <\/p>\n<p>Fin et pr\u00e9cis<br \/>\nCharge maximale de 100 kg par paire<br \/>\n2 bases m\u00e9talliques rev\u00eatues reli\u00e9es par un filetage fin de 15 mm<br \/>\nR\u00e9glage en hauteur de 1 mm<\/p>\n<p>R\u00e9glage intelligent de la hauteur jusqu&rsquo;\u00e0 1 mm<br \/>R\u00e9glage de la hauteur VIABLUE\u2122 directement entre les corps m\u00e9talliques de la base<br \/>\nR\u00e9glage pr\u00e9cis gr\u00e2ce \u00e0 un filetage fin de 15 mm<br \/>\nStabilit\u00e9 optimale gr\u00e2ce \u00e0 un filetage de grand diam\u00e8tre<\/p>\n<p>Montage pratique<br \/>Installation facile en vissant le haut-parleur\/appareil sur les filetages existants.<\/p>\n","protected":false},"excerpt":{"rendered":"<p>\u2713 Dissipe les vibrations parasites<br \/>\u2713 Concentre et \u00e9limine les vibrations<br \/>\u2713 R\u00e9glage de la hauteur directement sur les deux supports de pointes<\/p>\n","protected":false},"featured_media":4792,"comment_status":"open","ping_status":"closed","template":"","meta":[],"product_brand":[],"product_cat":[1006,1010],"product_tag":[],"class_list":{"0":"post-5099","1":"product","2":"type-product","3":"status-publish","4":"has-post-thumbnail","6":"product_cat-viablue","7":"product_cat-pointes-et-rondelles","8":"product_shipping_class-jusqua-2-kg","9":"pa_durchmesser-20-mm","10":"pa_farbe-noir","11":"pa_hoehe-358-368-mm","12":"pa_maximalbelastung-100-kg-4-stueck","13":"tm-has-options","15":"first","16":"instock","17":"taxable","18":"shipping-taxable","19":"purchasable","20":"product-type-simple"},"_links":{"self":[{"href":"https:\/\/pulsschlag24.com\/fr\/wp-json\/wp\/v2\/product\/5099","targetHints":{"allow":["GET"]}}],"collection":[{"href":"https:\/\/pulsschlag24.com\/fr\/wp-json\/wp\/v2\/product"}],"about":[{"href":"https:\/\/pulsschlag24.com\/fr\/wp-json\/wp\/v2\/types\/product"}],"replies":[{"embeddable":true,"href":"https:\/\/pulsschlag24.com\/fr\/wp-json\/wp\/v2\/comments?post=5099"}],"wp:featuredmedia":[{"embeddable":true,"href":"https:\/\/pulsschlag24.com\/fr\/wp-json\/wp\/v2\/media\/4792"}],"wp:attachment":[{"href":"https:\/\/pulsschlag24.com\/fr\/wp-json\/wp\/v2\/media?parent=5099"}],"wp:term":[{"taxonomy":"product_brand","embeddable":true,"href":"https:\/\/pulsschlag24.com\/fr\/wp-json\/wp\/v2\/product_brand?post=5099"},{"taxonomy":"product_cat","embeddable":true,"href":"https:\/\/pulsschlag24.com\/fr\/wp-json\/wp\/v2\/product_cat?post=5099"},{"taxonomy":"product_tag","embeddable":true,"href":"https:\/\/pulsschlag24.com\/fr\/wp-json\/wp\/v2\/product_tag?post=5099"}],"curies":[{"name":"wp","href":"https:\/\/api.w.org\/{rel}","templated":true}]}}