{"id":5097,"date":"2026-01-19T09:49:07","date_gmt":"2026-01-19T08:49:07","guid":{"rendered":"https:\/\/pulsschlag24.com\/produkt\/viablue-ufo-amortisseur-50300-oe-35-mm-noir-lot-de-450300-oe-35-mm-noir-lot-de-4\/"},"modified":"2026-01-19T09:49:07","modified_gmt":"2026-01-19T08:49:07","slug":"viablue-ufo-amortisseur-50300-oe-35-mm-noir-lot-de-450300-oe-35-mm-noir-lot-de-4","status":"publish","type":"product","link":"https:\/\/pulsschlag24.com\/fr\/produkt\/viablue-ufo-amortisseur-50300-oe-35-mm-noir-lot-de-450300-oe-35-mm-noir-lot-de-4\/","title":{"rendered":"ViaBlue UFO Amortisseur 50300 &#8211; \u00d8 35 mm &#8211; Noir &#8211; Lot de 450300 &#8211; \u00d8 35 mm &#8211; Noir &#8211; Lot de 4"},"content":{"rendered":"<p>Individuel. Exclusif. Unique.  <\/p>\n<p>Les absorbeurs VIABLUE\u2122 UFO sont des amortisseurs de vibrations esth\u00e9tiques qui se placent directement sous les appareils vibrants, avec ou sans vis. Leur pression optimale emp\u00eache la transmission des vibrations ind\u00e9sirables aux meubles et aux surfaces, garantissant un son clair, net et pr\u00e9cis. Ils constituent un compl\u00e9ment id\u00e9al pour les haut-parleurs et les appareils tels que les platines vinyles et les amplificateurs \u00e0 tubes.  <\/p>\n<p>La base id\u00e9ale : les amortisseurs<\/p>\n<p>Charge maximale de 100 kg par ensemble<br \/>Corps m\u00e9tallique compact et rev\u00eatu<br \/>\n2 coussinets souples VIABLUE\u2122 innovants par absorbeur<br \/>\nPlacement direct sous les haut-parleurs\/appareils<\/p>\n<p>Pose pratique avec protection du sol<br \/>Positionnement ais\u00e9 sous les enceintes\/appareils<br \/>Prot\u00e8ge toutes les surfaces, y compris les parquets, gr\u00e2ce \u00e0 sa large surface de contact<\/p>\n<p>La stabilit\u00e9 est accrue en vissant les amortisseurs ensemble.<\/p>\n","protected":false},"excerpt":{"rendered":"<p>\u2713 Grande surface de contact<br \/>\n\u2713 Emp\u00eache la transmission des vibrations parasites<br \/>\n\u2713 Prot\u00e8ge les sols<\/p>\n","protected":false},"featured_media":4784,"comment_status":"open","ping_status":"closed","template":"","meta":[],"product_brand":[],"product_cat":[1007,1006],"product_tag":[],"class_list":{"0":"post-5097","1":"product","2":"type-product","3":"status-publish","4":"has-post-thumbnail","6":"product_cat-amortisseur","7":"product_cat-viablue","8":"product_shipping_class-jusqua-2-kg","9":"pa_durchmesser-35-mm","10":"pa_farbe-noir","11":"pa_hoehe-165-mm","12":"pa_maximalbelastung-100-kg-4-stueck","13":"tm-has-options","15":"first","16":"instock","17":"taxable","18":"shipping-taxable","19":"purchasable","20":"product-type-simple"},"_links":{"self":[{"href":"https:\/\/pulsschlag24.com\/fr\/wp-json\/wp\/v2\/product\/5097","targetHints":{"allow":["GET"]}}],"collection":[{"href":"https:\/\/pulsschlag24.com\/fr\/wp-json\/wp\/v2\/product"}],"about":[{"href":"https:\/\/pulsschlag24.com\/fr\/wp-json\/wp\/v2\/types\/product"}],"replies":[{"embeddable":true,"href":"https:\/\/pulsschlag24.com\/fr\/wp-json\/wp\/v2\/comments?post=5097"}],"wp:featuredmedia":[{"embeddable":true,"href":"https:\/\/pulsschlag24.com\/fr\/wp-json\/wp\/v2\/media\/4784"}],"wp:attachment":[{"href":"https:\/\/pulsschlag24.com\/fr\/wp-json\/wp\/v2\/media?parent=5097"}],"wp:term":[{"taxonomy":"product_brand","embeddable":true,"href":"https:\/\/pulsschlag24.com\/fr\/wp-json\/wp\/v2\/product_brand?post=5097"},{"taxonomy":"product_cat","embeddable":true,"href":"https:\/\/pulsschlag24.com\/fr\/wp-json\/wp\/v2\/product_cat?post=5097"},{"taxonomy":"product_tag","embeddable":true,"href":"https:\/\/pulsschlag24.com\/fr\/wp-json\/wp\/v2\/product_tag?post=5097"}],"curies":[{"name":"wp","href":"https:\/\/api.w.org\/{rel}","templated":true}]}}