{"id":4700,"date":"2025-10-25T22:12:48","date_gmt":"2025-10-25T20:12:48","guid":{"rendered":"https:\/\/pulsschlag24.com\/produkt\/audio-selection-as-45-mini-amortisseurs-oe-45-mm-argent-lot-de-8\/"},"modified":"2025-10-25T22:12:48","modified_gmt":"2025-10-25T20:12:48","slug":"audio-selection-as-45-mini-amortisseurs-oe-45-mm-argent-lot-de-8","status":"publish","type":"product","link":"https:\/\/pulsschlag24.com\/fr\/produkt\/audio-selection-as-45-mini-amortisseurs-oe-45-mm-argent-lot-de-8\/","title":{"rendered":"Audio Selection AS-45 &#8211; MINI Amortisseurs &#8211; \u00d8 45 mm &#8211; Argent &#8211; Lot de 8"},"content":{"rendered":"<p>S\u00c9LECTION AUDIO Petits amortisseurs \u2013 Dessous de verre pour composants HiFi<\/p>\n<p>Petit amortisseur en caoutchouc \u00e9conomique avec anneau stabilisateur<br \/>Vibrations minimis\u00e9es<br \/>\nSupport stable garanti<br \/>\nProtection contre les rayures et les dommages au sol ou au meuble hi-fi<br \/>\nId\u00e9al pour les platines vinyles, appareils \u00e9lectroniques, petites enceintes et enceintes de biblioth\u00e8que<\/p>\n<ul>\n<li>\u00d8 = 45mm<\/li>\n<li>Hauteur : 15 mm<\/li>\n<li>Capacit\u00e9 de charge maximale : 30 kg par pi\u00e8ce<\/li>\n<\/ul>\n","protected":false},"excerpt":{"rendered":"<p>\u2713 R\u00e9duit les vibrations<br \/>\n\u2713 Id\u00e9al pour les appareils et les petites enceintes<br \/>\n\u2713 Assure une stabilit\u00e9 optimale<\/p>\n","protected":false},"featured_media":4702,"comment_status":"open","ping_status":"closed","template":"","meta":[],"product_brand":[],"product_cat":[751,763],"product_tag":[],"class_list":{"0":"post-4700","1":"product","2":"type-product","3":"status-publish","4":"has-post-thumbnail","6":"product_cat-audio-selection","7":"product_cat-amortisseur-audio","8":"product_shipping_class-jusqua-2-kg","9":"pa_durchmesser-45-mm","10":"pa_farbe-argent","11":"pa_hoehe-15-mm","12":"pa_maximalbelastung-120-kg-4-pieces","13":"tm-has-options","15":"first","16":"instock","17":"taxable","18":"shipping-taxable","19":"purchasable","20":"product-type-simple"},"_links":{"self":[{"href":"https:\/\/pulsschlag24.com\/fr\/wp-json\/wp\/v2\/product\/4700","targetHints":{"allow":["GET"]}}],"collection":[{"href":"https:\/\/pulsschlag24.com\/fr\/wp-json\/wp\/v2\/product"}],"about":[{"href":"https:\/\/pulsschlag24.com\/fr\/wp-json\/wp\/v2\/types\/product"}],"replies":[{"embeddable":true,"href":"https:\/\/pulsschlag24.com\/fr\/wp-json\/wp\/v2\/comments?post=4700"}],"wp:featuredmedia":[{"embeddable":true,"href":"https:\/\/pulsschlag24.com\/fr\/wp-json\/wp\/v2\/media\/4702"}],"wp:attachment":[{"href":"https:\/\/pulsschlag24.com\/fr\/wp-json\/wp\/v2\/media?parent=4700"}],"wp:term":[{"taxonomy":"product_brand","embeddable":true,"href":"https:\/\/pulsschlag24.com\/fr\/wp-json\/wp\/v2\/product_brand?post=4700"},{"taxonomy":"product_cat","embeddable":true,"href":"https:\/\/pulsschlag24.com\/fr\/wp-json\/wp\/v2\/product_cat?post=4700"},{"taxonomy":"product_tag","embeddable":true,"href":"https:\/\/pulsschlag24.com\/fr\/wp-json\/wp\/v2\/product_tag?post=4700"}],"curies":[{"name":"wp","href":"https:\/\/api.w.org\/{rel}","templated":true}]}}