{"id":4687,"date":"2025-10-25T22:23:52","date_gmt":"2025-10-25T20:23:52","guid":{"rendered":"https:\/\/pulsschlag24.com\/produkt\/audio-selection-rondelles-de-oe-30-mm-noires-lot-de-8\/"},"modified":"2025-10-25T22:23:52","modified_gmt":"2025-10-25T20:23:52","slug":"audio-selection-rondelles-de-oe-30-mm-noires-lot-de-8","status":"publish","type":"product","link":"https:\/\/pulsschlag24.com\/fr\/produkt\/audio-selection-rondelles-de-oe-30-mm-noires-lot-de-8\/","title":{"rendered":"Audio S\u00e9lection Rondelles de &#8211; \u00d8 30 mm &#8211; Noires &#8211; Lot de 8"},"content":{"rendered":"<p>Disques de S\u00c9LECTION AUDIO, les rondelles pratiques pour pointes et c\u00f4nes.<\/p>\n<p>Assure une stabilit\u00e9 optimale, notamment gr\u00e2ce \u00e0 sa face inf\u00e9rieure antid\u00e9rapante.<br \/>\u00c9vite les rayures et les dommages sur le sol ou le meuble hi-fi.<br \/>Prot\u00e8ge les \u00e9quipements, les pointes et les c\u00f4nes des haut-parleurs.<br \/>Compatible avec tous les syst\u00e8mes de pointes et de c\u00f4nes.<\/p>\n<ul>\n<li>Disque \u00d8 = 30 mm<\/li>\n<li>Hauteur : 7 mm<\/li>\n<li>Capacit\u00e9 de charge maximale : 12 kg par pi\u00e8ce<\/li>\n<\/ul>\n","protected":false},"excerpt":{"rendered":"<p>\u2713 Prot\u00e8ge le sol des rayures et des dommages<br \/>\u2713 Compatible avec tous les syst\u00e8mes de pointes et de c\u00f4nes<br \/>\u2713 Garantit une stabilit\u00e9 optimale<\/p>\n","protected":false},"featured_media":4691,"comment_status":"open","ping_status":"closed","template":"","meta":[],"product_brand":[],"product_cat":[751,764],"product_tag":[],"class_list":{"0":"post-4687","1":"product","2":"type-product","3":"status-publish","4":"has-post-thumbnail","6":"product_cat-audio-selection","7":"product_cat-rondelles","8":"product_shipping_class-jusqua-2-kg","9":"pa_durchmesser-30-mm","10":"pa_farbe-noir","11":"pa_hoehe-7-mm","12":"pa_maximalbelastung-48-kg-4-pieces","13":"tm-has-options","15":"first","16":"instock","17":"taxable","18":"shipping-taxable","19":"purchasable","20":"product-type-simple"},"_links":{"self":[{"href":"https:\/\/pulsschlag24.com\/fr\/wp-json\/wp\/v2\/product\/4687","targetHints":{"allow":["GET"]}}],"collection":[{"href":"https:\/\/pulsschlag24.com\/fr\/wp-json\/wp\/v2\/product"}],"about":[{"href":"https:\/\/pulsschlag24.com\/fr\/wp-json\/wp\/v2\/types\/product"}],"replies":[{"embeddable":true,"href":"https:\/\/pulsschlag24.com\/fr\/wp-json\/wp\/v2\/comments?post=4687"}],"wp:featuredmedia":[{"embeddable":true,"href":"https:\/\/pulsschlag24.com\/fr\/wp-json\/wp\/v2\/media\/4691"}],"wp:attachment":[{"href":"https:\/\/pulsschlag24.com\/fr\/wp-json\/wp\/v2\/media?parent=4687"}],"wp:term":[{"taxonomy":"product_brand","embeddable":true,"href":"https:\/\/pulsschlag24.com\/fr\/wp-json\/wp\/v2\/product_brand?post=4687"},{"taxonomy":"product_cat","embeddable":true,"href":"https:\/\/pulsschlag24.com\/fr\/wp-json\/wp\/v2\/product_cat?post=4687"},{"taxonomy":"product_tag","embeddable":true,"href":"https:\/\/pulsschlag24.com\/fr\/wp-json\/wp\/v2\/product_tag?post=4687"}],"curies":[{"name":"wp","href":"https:\/\/api.w.org\/{rel}","templated":true}]}}