{"id":4684,"date":"2025-10-14T23:01:16","date_gmt":"2025-10-14T21:01:16","guid":{"rendered":"https:\/\/pulsschlag24.com\/produkt\/wbt-0805-wbt-0825-soudure-a-largent-sans-plomb-conforme-a-la-norme-rohs\/"},"modified":"2026-04-22T14:39:49","modified_gmt":"2026-04-22T12:39:49","slug":"wbt-0805-wbt-0825-soudure-a-largent-sans-plomb-conforme-a-la-norme-rohs","status":"publish","type":"product","link":"https:\/\/pulsschlag24.com\/fr\/produkt\/wbt-0805-wbt-0825-soudure-a-largent-sans-plomb-conforme-a-la-norme-rohs\/","title":{"rendered":"WBT-0805 \/ WBT-0825 &#8211; Soudure \u00e0 l&rsquo;argent sans plomb (conforme \u00e0 la norme RoHS)"},"content":{"rendered":"<p>WBT-0805 et WBT-0825 sont des soudures \u00e0 l&rsquo;argent sans plomb.<\/p>\n<p>Il existe \u00e9galement une petite bobine, disponible en emballage grand public, contenant 42 g et un fil d&rsquo;une \u00e9paisseur de 0,9 mm, et une bobine plus grande, contenant 250 g et un fil d&rsquo;une \u00e9paisseur de 0,8 mm, disponible pour une utilisation en atelier ainsi que pour la production.<\/p>\n<p>&nbsp;<\/p>\n<p>R\u00e9sum\u00e9:<\/p>\n<p>WBT-0805 (conforme \u00e0 la norme RoHS) :<\/p>\n<ul>\n<li>Poids\/rouleau : 42 g<\/li>\n<li>Diam\u00e8tre : 0,9 m<\/li>\n<\/ul>\n<p>WBT-0825 (conforme \u00e0 la norme RoHS) :<\/p>\n<ul>\n<li>Poids\/rouleau : 250 g<\/li>\n<li>Diam\u00e8tre : 0,8 mm<\/li>\n<\/ul>\n","protected":false},"excerpt":{"rendered":"<p>\u2713 Soudure de haute qualit\u00e9 contenant 4 % d&rsquo;argent fin<br \/>\u2713 Flux sans halog\u00e8ne prot\u00e9geant les surfaces en m\u00e9taux pr\u00e9cieux<br \/>\u2713 Point de fusion exceptionnellement bas de 216\/219 \u00b0C (soudure sans plomb)<\/p>\n","protected":false},"featured_media":4667,"comment_status":"open","ping_status":"closed","template":"","meta":[],"product_brand":[1081],"product_cat":[762,775],"product_tag":[],"class_list":{"0":"post-4684","1":"product","2":"type-product","3":"status-publish","4":"has-post-thumbnail","6":"product_brand-wbt","7":"product_cat-wbt","8":"product_cat-soudure-a-largent","9":"product_shipping_class-jusqua-2-kg","10":"tm-no-options","12":"first","13":"instock","14":"taxable","15":"shipping-taxable","16":"purchasable","17":"product-type-variable"},"_links":{"self":[{"href":"https:\/\/pulsschlag24.com\/fr\/wp-json\/wp\/v2\/product\/4684","targetHints":{"allow":["GET"]}}],"collection":[{"href":"https:\/\/pulsschlag24.com\/fr\/wp-json\/wp\/v2\/product"}],"about":[{"href":"https:\/\/pulsschlag24.com\/fr\/wp-json\/wp\/v2\/types\/product"}],"replies":[{"embeddable":true,"href":"https:\/\/pulsschlag24.com\/fr\/wp-json\/wp\/v2\/comments?post=4684"}],"wp:featuredmedia":[{"embeddable":true,"href":"https:\/\/pulsschlag24.com\/fr\/wp-json\/wp\/v2\/media\/4667"}],"wp:attachment":[{"href":"https:\/\/pulsschlag24.com\/fr\/wp-json\/wp\/v2\/media?parent=4684"}],"wp:term":[{"taxonomy":"product_brand","embeddable":true,"href":"https:\/\/pulsschlag24.com\/fr\/wp-json\/wp\/v2\/product_brand?post=4684"},{"taxonomy":"product_cat","embeddable":true,"href":"https:\/\/pulsschlag24.com\/fr\/wp-json\/wp\/v2\/product_cat?post=4684"},{"taxonomy":"product_tag","embeddable":true,"href":"https:\/\/pulsschlag24.com\/fr\/wp-json\/wp\/v2\/product_tag?post=4684"}],"curies":[{"name":"wp","href":"https:\/\/api.w.org\/{rel}","templated":true}]}}