{"id":4680,"date":"2025-10-14T21:03:38","date_gmt":"2025-10-14T19:03:38","guid":{"rendered":"https:\/\/pulsschlag24.com\/produkt\/wbt-0681-cu-cosse-de-cable-nextgen-fourche-8-mm-cuivre-pur-4-pieces-2-rouges-2-blanches\/"},"modified":"2025-10-14T21:03:38","modified_gmt":"2025-10-14T19:03:38","slug":"wbt-0681-cu-cosse-de-cable-nextgen-fourche-8-mm-cuivre-pur-4-pieces-2-rouges-2-blanches","status":"publish","type":"product","link":"https:\/\/pulsschlag24.com\/fr\/produkt\/wbt-0681-cu-cosse-de-cable-nextgen-fourche-8-mm-cuivre-pur-4-pieces-2-rouges-2-blanches\/","title":{"rendered":"WBT-0681 CU &#8211; Cosse de c\u00e2ble Nextgen &#8211; Fourche 8 mm &#8211; Cuivre pur &#8211; 4 pi\u00e8ces (2 rouges, 2 blanches)"},"content":{"rendered":"<p>nextgen\u2122 &#8211; une nouvelle g\u00e9n\u00e9ration de connecteurs WBT<\/p>\n<p>Les cosses sandwich WBT, \u00e9prouv\u00e9es et fiables, b\u00e9n\u00e9ficient d\u00e9sormais d&rsquo;une mise \u00e0 jour \u00ab nextgen \u00bb in\u00e9dite. Le conducteur de signal a toujours \u00e9t\u00e9 en cuivre pur (dans les versions Cu) et arbore un design minimaliste. Fid\u00e8le au principe \u00ab nextgen \u00bb de WBT, le corps du connecteur est d\u00e9sormais lui aussi construit en grande partie sans m\u00e9tal. Attendez-vous \u00e0 une reproduction musicale encore plus d\u00e9taill\u00e9e et immersive !   <\/p>\n<p>La qualit\u00e9 exceptionnelle de cette cosse r\u00e9side dans la conception unique de sa fourche de contact, bas\u00e9e sur le principe brevet\u00e9* du sandwich : des amortisseurs de vibrations en \u00e9lastom\u00e8re \u00e9liminent les bruits a\u00e9riens et structurels, ainsi que les magn\u00e9tostrictions. Les microphonies de contact sont ainsi fortement att\u00e9nu\u00e9es, pr\u00e9venant tout bruit de fond parasite. La durabilit\u00e9 de la connexion s&rsquo;en trouve \u00e9galement am\u00e9lior\u00e9e. La construction en sandwich, un \u00e9lastom\u00e8re int\u00e9gr\u00e9 dans un capuchon en acier, assure une pression de contact \u00e9lev\u00e9e et uniforme et minimise la r\u00e9sistance de contact. Quatre points de contact en relief sur la face inf\u00e9rieure de la fourche garantissent un contact pr\u00e9cis. La transmission du signal est nettement am\u00e9lior\u00e9e, notamment \u00e0 courants \u00e9lev\u00e9s ou \u00e0 basses tensions. Pour garantir la fiabilit\u00e9 \u00e0 long terme de la r\u00e9sistance de contact, la surface du conducteur de signal en cuivre est prot\u00e9g\u00e9e contre l&rsquo;oxydation par un placage or direct sans nickel.      <\/p>\n<p>Le raccordement au c\u00e2ble est r\u00e9alis\u00e9 par sertissage. Gr\u00e2ce aux vis Torx \u00e0 filetage fin, la connexion est fiable et r\u00e9sistante \u00e0 l&rsquo;arrachement. <\/p>\n<p>Les corps des fiches sont enti\u00e8rement isol\u00e9s et r\u00e9pondent aux exigences de s\u00e9curit\u00e9 selon les normes CE et IEC.<\/p>\n<p>* EP Patent Nr. 1 066 660, US Patent Nr. 6,319,078<\/p>\n<p>&nbsp;<\/p>\n<p>Caract\u00e9ristiques:<\/p>\n<p>Largeur de la fourche<\/p>\n<ul>\n<li>WBT-0681 Fourche Cu 8 mm (1\/3 pouce)<\/li>\n<\/ul>\n<p>section transversale du conducteur (max.)<\/p>\n<ul>\n<li>10 mm\u00b2 (7 AWG)<\/li>\n<\/ul>\n<p>Technologie de connexion<\/p>\n<ul>\n<li>sertissage<\/li>\n<\/ul>\n<p>identifiant<\/p>\n<ul>\n<li>rouge, blanc ou noir<\/li>\n<\/ul>\n","protected":false},"excerpt":{"rendered":"<p>\u2713 Cosse de c\u00e2ble haute intensit\u00e9<br \/>\n\u2713 Conducteur de signal en cuivre pur<br \/>\n\u2713 Placage or 24 carats direct (sans nickel)<br \/>\n\u2713 Amortisseur de vibrations en \u00e9lastom\u00e8re pour une r\u00e9duction des vibrations<br \/>\n\u2713 Fourche sandwich pour une pression de contact \u00e9lev\u00e9e et constante<br \/>\n\u2713 Sertissage avec syst\u00e8me de vis Torx double WBT<br \/>\n\u2713 Conforme aux normes CE et IEC<\/p>\n","protected":false},"featured_media":4677,"comment_status":"open","ping_status":"closed","template":"","meta":[],"product_brand":[],"product_cat":[762,767,769],"product_tag":[],"class_list":{"0":"post-4680","1":"product","2":"type-product","3":"status-publish","4":"has-post-thumbnail","6":"product_cat-wbt","7":"product_cat-connecteur-haut-parleur","8":"product_cat-cosses-de-cable","9":"product_shipping_class-jusqua-2-kg","10":"tm-has-options","12":"first","13":"instock","14":"taxable","15":"shipping-taxable","16":"purchasable","17":"product-type-simple"},"_links":{"self":[{"href":"https:\/\/pulsschlag24.com\/fr\/wp-json\/wp\/v2\/product\/4680","targetHints":{"allow":["GET"]}}],"collection":[{"href":"https:\/\/pulsschlag24.com\/fr\/wp-json\/wp\/v2\/product"}],"about":[{"href":"https:\/\/pulsschlag24.com\/fr\/wp-json\/wp\/v2\/types\/product"}],"replies":[{"embeddable":true,"href":"https:\/\/pulsschlag24.com\/fr\/wp-json\/wp\/v2\/comments?post=4680"}],"wp:featuredmedia":[{"embeddable":true,"href":"https:\/\/pulsschlag24.com\/fr\/wp-json\/wp\/v2\/media\/4677"}],"wp:attachment":[{"href":"https:\/\/pulsschlag24.com\/fr\/wp-json\/wp\/v2\/media?parent=4680"}],"wp:term":[{"taxonomy":"product_brand","embeddable":true,"href":"https:\/\/pulsschlag24.com\/fr\/wp-json\/wp\/v2\/product_brand?post=4680"},{"taxonomy":"product_cat","embeddable":true,"href":"https:\/\/pulsschlag24.com\/fr\/wp-json\/wp\/v2\/product_cat?post=4680"},{"taxonomy":"product_tag","embeddable":true,"href":"https:\/\/pulsschlag24.com\/fr\/wp-json\/wp\/v2\/product_tag?post=4680"}],"curies":[{"name":"wp","href":"https:\/\/api.w.org\/{rel}","templated":true}]}}