{"id":4660,"date":"2025-10-14T16:31:06","date_gmt":"2025-10-14T14:31:06","guid":{"rendered":"https:\/\/pulsschlag24.com\/produkt\/wbt-0610-cu-fiches-bananes-coudees-nextgen-cuivre-pur-4-pieces-2-rouges-2-blanches\/"},"modified":"2025-10-14T16:31:06","modified_gmt":"2025-10-14T14:31:06","slug":"wbt-0610-cu-fiches-bananes-coudees-nextgen-cuivre-pur-4-pieces-2-rouges-2-blanches","status":"publish","type":"product","link":"https:\/\/pulsschlag24.com\/fr\/produkt\/wbt-0610-cu-fiches-bananes-coudees-nextgen-cuivre-pur-4-pieces-2-rouges-2-blanches\/","title":{"rendered":"WBT-0610 CU &#8211; Fiches bananes coud\u00e9es Nextgen &#8211; cuivre pur &#8211; 4 pi\u00e8ces (2 rouges, 2 blanches)"},"content":{"rendered":"<p>nextgen\u2122 &#8211; une nouvelle g\u00e9n\u00e9ration de connecteurs WBT<\/p>\n<p>Le conducteur de signal de cette nouvelle fiche banane nextgen\u2122 est finement profil\u00e9 et fabriqu\u00e9 en cuivre pur. Sans nickel, il est plaqu\u00e9 or directement pour le prot\u00e9ger de l&rsquo;oxydation. Ceci pr\u00e9serve sa haute conductivit\u00e9 et le rend insensible aux interf\u00e9rences magn\u00e9tiques. La broche de contact est con\u00e7ue pour que ses trois segments s&rsquo;\u00e9cartent lors de la rotation, permettant ainsi un serrage ferme dans n&rsquo;importe quelle borne. La pression de contact \u00e9lev\u00e9e et constante qui en r\u00e9sulte garantit une faible r\u00e9sistance de contact.    <\/p>\n<p>Tout comme le WBT-0645, le c\u00e2ble banane nextgen\u2122 est plus court gr\u00e2ce \u00e0 sa conception coud\u00e9e, ce qui permet un placement plus compact des appareils. Le c\u00e2ble WBT-0610 Cu offre \u00e9galement une meilleure protection : sa conception coud\u00e9e le dirige droit vers le bas, \u00e9vitant ainsi les dommages li\u00e9s aux pliures. <\/p>\n<p>Malgr\u00e9 la conception d\u00e9licate du conducteur de signal, le WBT-0610 est parfaitement adapt\u00e9 au sertissage. Les deux vis Torx fixent l&rsquo;extr\u00e9mit\u00e9 sertie du c\u00e2ble \u00e0 l&rsquo;avant, et la seconde vis prot\u00e8ge le c\u00e2ble des tensions. <\/p>\n<p>Le corps de la fiche est enti\u00e8rement isol\u00e9 et conforme aux normes de s\u00e9curit\u00e9 CEI. La goupille de s\u00e9curit\u00e9 emp\u00eache \u00e9galement tout branchement accidentel \u00e0 une prise secteur. Par cons\u00e9quent, la fiche WBT-0610 Cu est \u00e9galement conforme aux normes CE.  <\/p>\n<p>Caract\u00e9ristiques:<\/p>\n<p>Section transversale du conducteur ext\u00e9rieur (max.)<\/p>\n<ul>\n<li>bis 10 mm\u00b2<\/li>\n<\/ul>\n<p>Technologie de connexion<\/p>\n<ul>\n<li>soudure ou sertissage<\/li>\n<\/ul>\n<p>identifiant<\/p>\n<ul>\n<li>rouge, blanc et noir<\/li>\n<\/ul>\n<p>Soulagement des contraintes<\/p>\n<ul>\n<li>Vis Torx (T.6)<\/li>\n<\/ul>\n<p>&nbsp;<\/p>\n<p>&nbsp;<\/p>\n<p>&nbsp;<\/p>\n","protected":false},"excerpt":{"rendered":"<p>\u2713 Conducteur de signal en cuivre haute puret\u00e9<br \/>\n\u2713 Principe nextgen\u2122 \u00e0 faible masse<br \/>\n\u2713 Placage or direct 24 carats (sans nickel)<br \/>\n\u2713 Fixation par broche centrale<br \/>\n\u2713 Sertissage par double vis Torx WBT<br \/>\n\u2713 Conforme aux normes CE et IEC<\/p>\n","protected":false},"featured_media":4661,"comment_status":"open","ping_status":"closed","template":"","meta":[],"product_brand":[],"product_cat":[762,767,768],"product_tag":[],"class_list":{"0":"post-4660","1":"product","2":"type-product","3":"status-publish","4":"has-post-thumbnail","6":"product_cat-wbt","7":"product_cat-connecteur-haut-parleur","8":"product_cat-fiche-banane","9":"product_shipping_class-jusqua-2-kg","10":"tm-has-options","12":"first","13":"instock","14":"taxable","15":"shipping-taxable","16":"purchasable","17":"product-type-simple"},"_links":{"self":[{"href":"https:\/\/pulsschlag24.com\/fr\/wp-json\/wp\/v2\/product\/4660","targetHints":{"allow":["GET"]}}],"collection":[{"href":"https:\/\/pulsschlag24.com\/fr\/wp-json\/wp\/v2\/product"}],"about":[{"href":"https:\/\/pulsschlag24.com\/fr\/wp-json\/wp\/v2\/types\/product"}],"replies":[{"embeddable":true,"href":"https:\/\/pulsschlag24.com\/fr\/wp-json\/wp\/v2\/comments?post=4660"}],"wp:featuredmedia":[{"embeddable":true,"href":"https:\/\/pulsschlag24.com\/fr\/wp-json\/wp\/v2\/media\/4661"}],"wp:attachment":[{"href":"https:\/\/pulsschlag24.com\/fr\/wp-json\/wp\/v2\/media?parent=4660"}],"wp:term":[{"taxonomy":"product_brand","embeddable":true,"href":"https:\/\/pulsschlag24.com\/fr\/wp-json\/wp\/v2\/product_brand?post=4660"},{"taxonomy":"product_cat","embeddable":true,"href":"https:\/\/pulsschlag24.com\/fr\/wp-json\/wp\/v2\/product_cat?post=4660"},{"taxonomy":"product_tag","embeddable":true,"href":"https:\/\/pulsschlag24.com\/fr\/wp-json\/wp\/v2\/product_tag?post=4660"}],"curies":[{"name":"wp","href":"https:\/\/api.w.org\/{rel}","templated":true}]}}