{"id":4658,"date":"2025-05-06T10:08:01","date_gmt":"2025-05-06T08:08:01","guid":{"rendered":"https:\/\/pulsschlag24.com\/produkt\/atacama-coussinets-isolants-en-gel-pour-pieds-denceintes-8-pieces-noir\/"},"modified":"2025-05-06T10:08:01","modified_gmt":"2025-05-06T08:08:01","slug":"atacama-coussinets-isolants-en-gel-pour-pieds-denceintes-8-pieces-noir","status":"publish","type":"product","link":"https:\/\/pulsschlag24.com\/fr\/produkt\/atacama-coussinets-isolants-en-gel-pour-pieds-denceintes-8-pieces-noir\/","title":{"rendered":"Atacama Coussinets isolants en gel pour pieds d&rsquo;enceintes \u2013 8 pi\u00e8ces \u2013 Noir"},"content":{"rendered":"<p>Ces patins en gel se fixent \u00e0 la plaque sup\u00e9rieure de votre support d&rsquo;enceinte, cr\u00e9ant ainsi une plateforme stable, antid\u00e9rapante et amortissante pour vos enceintes biblioth\u00e8que ou colonnes. Optimisez le son de vos enceintes gr\u00e2ce \u00e0 cette solution simple et efficace. Fabriqu\u00e9s en \u00e9lastom\u00e8re de polyur\u00e9thane haute performance, \u00e0 la fois antid\u00e9rapant et r\u00e9sistant aux rayures, ils offrent une excellente isolation acoustique et une protection optimale contre les vibrations.  <\/p>\n","protected":false},"excerpt":{"rendered":"<p>\u2713 Les coussinets en gel offrent une excellente isolation acoustique et une r\u00e9duction optimale des vibrations.<br \/>\n\u2713 Ils se fixent sur les plateaux sup\u00e9rieurs des pieds d&rsquo;enceinte.<br \/>\n\u2713 Parfaitement compatibles avec tous les pieds d&rsquo;enceinte Atacama.<\/p>\n","protected":false},"featured_media":4659,"comment_status":"open","ping_status":"closed","template":"","meta":[],"product_brand":[],"product_cat":[772,774],"product_tag":[],"class_list":{"0":"post-4658","1":"product","2":"type-product","3":"status-publish","4":"has-post-thumbnail","6":"product_cat-accessoires","7":"product_cat-accessoires-support-denceinte","8":"product_shipping_class-jusqua-2-kg","9":"pa_durchmesser-20-mm","10":"pa_farbe-noir","11":"pa_hoehe-10-mm","12":"tm-has-options","14":"first","15":"instock","16":"taxable","17":"shipping-taxable","18":"purchasable","19":"product-type-simple"},"_links":{"self":[{"href":"https:\/\/pulsschlag24.com\/fr\/wp-json\/wp\/v2\/product\/4658","targetHints":{"allow":["GET"]}}],"collection":[{"href":"https:\/\/pulsschlag24.com\/fr\/wp-json\/wp\/v2\/product"}],"about":[{"href":"https:\/\/pulsschlag24.com\/fr\/wp-json\/wp\/v2\/types\/product"}],"replies":[{"embeddable":true,"href":"https:\/\/pulsschlag24.com\/fr\/wp-json\/wp\/v2\/comments?post=4658"}],"wp:featuredmedia":[{"embeddable":true,"href":"https:\/\/pulsschlag24.com\/fr\/wp-json\/wp\/v2\/media\/4659"}],"wp:attachment":[{"href":"https:\/\/pulsschlag24.com\/fr\/wp-json\/wp\/v2\/media?parent=4658"}],"wp:term":[{"taxonomy":"product_brand","embeddable":true,"href":"https:\/\/pulsschlag24.com\/fr\/wp-json\/wp\/v2\/product_brand?post=4658"},{"taxonomy":"product_cat","embeddable":true,"href":"https:\/\/pulsschlag24.com\/fr\/wp-json\/wp\/v2\/product_cat?post=4658"},{"taxonomy":"product_tag","embeddable":true,"href":"https:\/\/pulsschlag24.com\/fr\/wp-json\/wp\/v2\/product_tag?post=4658"}],"curies":[{"name":"wp","href":"https:\/\/api.w.org\/{rel}","templated":true}]}}