{"id":4649,"date":"2025-07-29T10:47:51","date_gmt":"2025-07-29T08:47:51","guid":{"rendered":"https:\/\/pulsschlag24.com\/produkt\/universelles-rondelles-argentees-8-pieces\/"},"modified":"2025-07-29T10:47:51","modified_gmt":"2025-07-29T08:47:51","slug":"universelles-rondelles-argentees-8-pieces","status":"publish","type":"product","link":"https:\/\/pulsschlag24.com\/fr\/produkt\/universelles-rondelles-argentees-8-pieces\/","title":{"rendered":"Universelles Rondelles \u2013 argent\u00e9es \u2013 8 pi\u00e8ces"},"content":{"rendered":"<p>Rondelles universelles argent\u00e9es avec dos en feutre pour prot\u00e9ger les sols d\u00e9licats et am\u00e9liorer l&rsquo;insonorisation.<br \/>Chaque rondelle a un diam\u00e8tre de 12 mm, ce qui les rend compatibles avec la plupart des pieds d&rsquo;enceintes et des syst\u00e8mes hi-fi.<\/p>\n","protected":false},"excerpt":{"rendered":"<p>\u2713 Absorbe les vibrations des corps vibrants<br \/>\n\u2713 Parfaitement compatible avec la quasi-totalit\u00e9 des racks et pieds d&rsquo;enceintes<\/p>\n","protected":false},"featured_media":4654,"comment_status":"open","ping_status":"closed","template":"","meta":[],"product_brand":[],"product_cat":[772,773],"product_tag":[],"class_list":{"0":"post-4649","1":"product","2":"type-product","3":"status-publish","4":"has-post-thumbnail","6":"product_cat-accessoires","7":"product_cat-accessoires-meubles-hi-fi","8":"product_shipping_class-jusqua-2-kg","9":"pa_durchmesser-12-mm","10":"pa_farbe-argent","11":"tm-has-options","13":"first","14":"instock","15":"taxable","16":"shipping-taxable","17":"purchasable","18":"product-type-simple"},"_links":{"self":[{"href":"https:\/\/pulsschlag24.com\/fr\/wp-json\/wp\/v2\/product\/4649","targetHints":{"allow":["GET"]}}],"collection":[{"href":"https:\/\/pulsschlag24.com\/fr\/wp-json\/wp\/v2\/product"}],"about":[{"href":"https:\/\/pulsschlag24.com\/fr\/wp-json\/wp\/v2\/types\/product"}],"replies":[{"embeddable":true,"href":"https:\/\/pulsschlag24.com\/fr\/wp-json\/wp\/v2\/comments?post=4649"}],"wp:featuredmedia":[{"embeddable":true,"href":"https:\/\/pulsschlag24.com\/fr\/wp-json\/wp\/v2\/media\/4654"}],"wp:attachment":[{"href":"https:\/\/pulsschlag24.com\/fr\/wp-json\/wp\/v2\/media?parent=4649"}],"wp:term":[{"taxonomy":"product_brand","embeddable":true,"href":"https:\/\/pulsschlag24.com\/fr\/wp-json\/wp\/v2\/product_brand?post=4649"},{"taxonomy":"product_cat","embeddable":true,"href":"https:\/\/pulsschlag24.com\/fr\/wp-json\/wp\/v2\/product_cat?post=4649"},{"taxonomy":"product_tag","embeddable":true,"href":"https:\/\/pulsschlag24.com\/fr\/wp-json\/wp\/v2\/product_tag?post=4649"}],"curies":[{"name":"wp","href":"https:\/\/api.w.org\/{rel}","templated":true}]}}