{"id":4646,"date":"2025-05-06T10:08:01","date_gmt":"2025-05-06T08:08:01","guid":{"rendered":"https:\/\/pulsschlag24.com\/produkt\/atacama-hd-l-rondelles-argent\/"},"modified":"2025-05-06T10:08:01","modified_gmt":"2025-05-06T08:08:01","slug":"atacama-hd-l-rondelles-argent","status":"publish","type":"product","link":"https:\/\/pulsschlag24.com\/fr\/produkt\/atacama-hd-l-rondelles-argent\/","title":{"rendered":"Atacama HD-L \u2013 Rondelles &#8211; Argent"},"content":{"rendered":"<p>Les rondelles haute densit\u00e9 Atacama sont fabriqu\u00e9es en alliage cuivre\/zinc et sont perc\u00e9es sur le dessus pour faciliter l&rsquo;insertion de leur pointe. Leur face inf\u00e9rieure est recouverte d&rsquo;une membrane en \u00e9lastom\u00e8re EPDM antid\u00e9rapante, con\u00e7ue pour prot\u00e9ger les sols fragiles et am\u00e9liorer l&rsquo;amortissement acoustique. Chaque rondelle a un diam\u00e8tre de 25 mm, ce qui rend les rondelles HD-L compatibles avec la plupart des pieds d&rsquo;enceintes et des syst\u00e8mes hi-fi, pour un poids total maximal de 125 kg r\u00e9parti sur l&rsquo;ensemble des rondelles.  <\/p>\n","protected":false},"excerpt":{"rendered":"<p>\u2713 Absorbe les vibrations des \u00e9l\u00e9ments vibrants<br \/>\n\u2713 Haute qualit\u00e9<br \/>\n\u2713 Parfaitement compatible avec la quasi-totalit\u00e9 des racks Atacama<\/p>\n","protected":false},"featured_media":4647,"comment_status":"open","ping_status":"closed","template":"","meta":[],"product_brand":[],"product_cat":[772,773],"product_tag":[],"class_list":{"0":"post-4646","1":"product","2":"type-product","3":"status-publish","4":"has-post-thumbnail","6":"product_cat-accessoires","7":"product_cat-accessoires-meubles-hi-fi","8":"product_shipping_class-jusqua-2-kg","9":"pa_durchmesser-25-mm","10":"pa_farbe-argent","11":"pa_maximalbelastung-125-kg-4-pieces","12":"tm-has-options","14":"first","15":"instock","16":"taxable","17":"shipping-taxable","18":"purchasable","19":"product-type-simple"},"_links":{"self":[{"href":"https:\/\/pulsschlag24.com\/fr\/wp-json\/wp\/v2\/product\/4646","targetHints":{"allow":["GET"]}}],"collection":[{"href":"https:\/\/pulsschlag24.com\/fr\/wp-json\/wp\/v2\/product"}],"about":[{"href":"https:\/\/pulsschlag24.com\/fr\/wp-json\/wp\/v2\/types\/product"}],"replies":[{"embeddable":true,"href":"https:\/\/pulsschlag24.com\/fr\/wp-json\/wp\/v2\/comments?post=4646"}],"wp:featuredmedia":[{"embeddable":true,"href":"https:\/\/pulsschlag24.com\/fr\/wp-json\/wp\/v2\/media\/4647"}],"wp:attachment":[{"href":"https:\/\/pulsschlag24.com\/fr\/wp-json\/wp\/v2\/media?parent=4646"}],"wp:term":[{"taxonomy":"product_brand","embeddable":true,"href":"https:\/\/pulsschlag24.com\/fr\/wp-json\/wp\/v2\/product_brand?post=4646"},{"taxonomy":"product_cat","embeddable":true,"href":"https:\/\/pulsschlag24.com\/fr\/wp-json\/wp\/v2\/product_cat?post=4646"},{"taxonomy":"product_tag","embeddable":true,"href":"https:\/\/pulsschlag24.com\/fr\/wp-json\/wp\/v2\/product_tag?post=4646"}],"curies":[{"name":"wp","href":"https:\/\/api.w.org\/{rel}","templated":true}]}}