{"id":4639,"date":"2025-05-06T10:08:01","date_gmt":"2025-05-06T08:08:01","guid":{"rendered":"https:\/\/pulsschlag24.com\/produkt\/atacama-atabites-smd-z-7hd-materiau-de-remplissage-pour-meubles-hi-fi-et-pieds-denceintes\/"},"modified":"2025-05-06T10:08:01","modified_gmt":"2025-05-06T08:08:01","slug":"atacama-atabites-smd-z-7hd-materiau-de-remplissage-pour-meubles-hi-fi-et-pieds-denceintes","status":"publish","type":"product","link":"https:\/\/pulsschlag24.com\/fr\/produkt\/atacama-atabites-smd-z-7hd-materiau-de-remplissage-pour-meubles-hi-fi-et-pieds-denceintes\/","title":{"rendered":"Atacama Atabites SMD-Z 7HD \u2013 Mat\u00e9riau de remplissage pour meubles Hi-Fi et pieds d&rsquo;enceintes"},"content":{"rendered":"<p>Pour obtenir le meilleur son possible de votre support d&rsquo;enceinte, il est recommand\u00e9 de remplir les colonnes principales avec un mat\u00e9riau de remplissage inerte \u00e0 haute densit\u00e9.<br \/>\nCela stabilise la plateforme et est id\u00e9al pour y positionner des enceintes de biblioth\u00e8que, par exemple.<br \/>\nEn ajustant la quantit\u00e9 de mat\u00e9riau de remplissage utilis\u00e9e, vous pouvez faire des essais pour trouver la quantit\u00e9 optimale qui convient \u00e0 vos haut-parleurs.<br \/>\nL&rsquo;atabites a une densit\u00e9 approximative de 2403 kg\/m\u00b2 contre seulement 1442 kg\/m\u00b2 pour le sable sec.<br \/>\nLe mat\u00e9riau de remplissage Atabites SMD-Z 7HD, dot\u00e9 de nouveaux microdisques rev\u00eatus de zinc, pr\u00e9sente une taille de particules uniforme et une puissance sonore constante.<br \/>\nLe rev\u00eatement de zinc augmente la masse, prot\u00e8ge le mat\u00e9riau de remplissage contre l&rsquo;oxydation et la d\u00e9gradation, et am\u00e9liore \u00e9galement l&rsquo;aspect visuel.<br \/>\nVeuillez noter : les Atabites sont livr\u00e9es au poids et non au volume (seau de 7 kg). Un tassement du contenu peut se produire pendant le transport.<br \/>\nVoici le poids maximal approximatif des Atabites pouvant \u00eatre utilis\u00e9s pour chaque paire d&rsquo;enceintes :<br \/>Nexus 5i = 7 kg ; Nexus 6i = 8,2 kg ; Nexus 7i = 12,2 kg ; Nexus 10i = 21 kg.<br \/>\nMos\u00e9co 5 = 7 kg ; Mos\u00e9co 6 = 10,4 kg ; Mos\u00e9co 7 = 12,2 kg ; Moseco 10 = 21kg.<br \/>\nMoseco XL500 = 35 kg ; Moseco XL600 = 42 kg<br \/>SLX200 = 7 kg ; SLX300 = 14 kg ; SLX400 = 21 kg ; SLX500 = 28 kg ; SLX600 = 35 kg ; SLX700 = 42 kg ; SLX1000 = 49 kg.<br \/>\nDie Sound-Ergebnisse h\u00e4ngen von der Positionierung des Lautsprechers, der Art des Lautsprechers, der Raumgr\u00f6\u00dfe, der Art der Elektronik und Verkabelung, der H\u00f6rposition und dem pers\u00f6nlichen Geschmack ab.<br \/>\nCependant, les meilleurs r\u00e9sultats sont g\u00e9n\u00e9ralement obtenus lorsque les tribunes sont remplies \u00e0 environ la moiti\u00e9 ou aux deux tiers de leur capacit\u00e9.<\/p>\n","protected":false},"excerpt":{"rendered":"<p>\u2713 Mat\u00e9riau de lestage haute densit\u00e9 de qualit\u00e9 sup\u00e9rieure<br \/>\u2713 Microdisques zingu\u00e9s absorbant les vibrations des corps vibrants<br \/>\u2713 Parfaitement compatible avec la quasi-totalit\u00e9 des pieds d&rsquo;enceintes Atacama<\/p>\n","protected":false},"featured_media":4640,"comment_status":"open","ping_status":"closed","template":"","meta":[],"product_brand":[],"product_cat":[772,774],"product_tag":[],"class_list":{"0":"post-4639","1":"product","2":"type-product","3":"status-publish","4":"has-post-thumbnail","6":"product_cat-accessoires","7":"product_cat-accessoires-support-denceinte","8":"product_shipping_class-jusqua-10-kg","9":"pa_farbe-argent","10":"pa_gewicht-7-kg-volume-approximatif-de-16-l","11":"pa_material-materiau-de-ballast-haute-densite-microdisques-recouverts-de-zinc","12":"tm-has-options","14":"first","15":"instock","16":"taxable","17":"shipping-taxable","18":"purchasable","19":"product-type-simple"},"_links":{"self":[{"href":"https:\/\/pulsschlag24.com\/fr\/wp-json\/wp\/v2\/product\/4639","targetHints":{"allow":["GET"]}}],"collection":[{"href":"https:\/\/pulsschlag24.com\/fr\/wp-json\/wp\/v2\/product"}],"about":[{"href":"https:\/\/pulsschlag24.com\/fr\/wp-json\/wp\/v2\/types\/product"}],"replies":[{"embeddable":true,"href":"https:\/\/pulsschlag24.com\/fr\/wp-json\/wp\/v2\/comments?post=4639"}],"wp:featuredmedia":[{"embeddable":true,"href":"https:\/\/pulsschlag24.com\/fr\/wp-json\/wp\/v2\/media\/4640"}],"wp:attachment":[{"href":"https:\/\/pulsschlag24.com\/fr\/wp-json\/wp\/v2\/media?parent=4639"}],"wp:term":[{"taxonomy":"product_brand","embeddable":true,"href":"https:\/\/pulsschlag24.com\/fr\/wp-json\/wp\/v2\/product_brand?post=4639"},{"taxonomy":"product_cat","embeddable":true,"href":"https:\/\/pulsschlag24.com\/fr\/wp-json\/wp\/v2\/product_cat?post=4639"},{"taxonomy":"product_tag","embeddable":true,"href":"https:\/\/pulsschlag24.com\/fr\/wp-json\/wp\/v2\/product_tag?post=4639"}],"curies":[{"name":"wp","href":"https:\/\/api.w.org\/{rel}","templated":true}]}}