{"id":4637,"date":"2025-05-27T14:02:18","date_gmt":"2025-05-27T12:02:18","guid":{"rendered":"https:\/\/pulsschlag24.com\/produkt\/atacama-eris2-eco-5-0-kit-de-remplacement-de-pieds-200-mm-noir-modele-discontinue\/"},"modified":"2025-05-27T14:02:18","modified_gmt":"2025-05-27T12:02:18","slug":"atacama-eris2-eco-5-0-kit-de-remplacement-de-pieds-200-mm-noir-modele-discontinue","status":"publish","type":"product","link":"https:\/\/pulsschlag24.com\/fr\/produkt\/atacama-eris2-eco-5-0-kit-de-remplacement-de-pieds-200-mm-noir-modele-discontinue\/","title":{"rendered":"Atacama ERIS2 ECO 5.0 \u2013 Kit de remplacement de pieds &#8211; 200 mm \u2013 Noir \u2013 Mod\u00e8le discontinu\u00e9"},"content":{"rendered":"<p>Kit de r\u00e9glage de la hauteur des pieds pour la gamme ERIS2 Eco 5.0.<br \/>\nSi vous poss\u00e9dez d\u00e9j\u00e0 une baie ERIS2 Eco 5.0 et souhaitez modifier la hauteur des pieds d&rsquo;un ou plusieurs modules d&rsquo;\u00e9tag\u00e8res, vous pouvez commander les pi\u00e8ces n\u00e9cessaires.<br \/>\nLa hauteur indiqu\u00e9e correspond \u00e0 la dimension int\u00e9rieure des pieds une fois enti\u00e8rement assembl\u00e9s avec toutes les fixations.<\/p>\n","protected":false},"excerpt":{"rendered":"<p>\u2713 Jeu de pieds de rechange noir satin\u00e9 (3 pi\u00e8ces)<br \/>\n\u2713 Compatible avec les racks Hi-Fi Atacama \u2013 ERIS2 ECO 5.0<\/p>\n","protected":false},"featured_media":4636,"comment_status":"open","ping_status":"closed","template":"","meta":[],"product_brand":[],"product_cat":[772,773,752,766],"product_tag":[],"class_list":{"0":"post-4637","1":"product","2":"type-product","3":"status-publish","4":"has-post-thumbnail","6":"product_cat-accessoires","7":"product_cat-accessoires-meubles-hi-fi","8":"product_cat-modeles-abandonnes","9":"product_cat-vente","10":"product_shipping_class-jusqua-5-kg","11":"tm-has-options","13":"first","14":"instock","15":"sale","16":"taxable","17":"shipping-taxable","18":"purchasable","19":"product-type-simple"},"_links":{"self":[{"href":"https:\/\/pulsschlag24.com\/fr\/wp-json\/wp\/v2\/product\/4637","targetHints":{"allow":["GET"]}}],"collection":[{"href":"https:\/\/pulsschlag24.com\/fr\/wp-json\/wp\/v2\/product"}],"about":[{"href":"https:\/\/pulsschlag24.com\/fr\/wp-json\/wp\/v2\/types\/product"}],"replies":[{"embeddable":true,"href":"https:\/\/pulsschlag24.com\/fr\/wp-json\/wp\/v2\/comments?post=4637"}],"wp:featuredmedia":[{"embeddable":true,"href":"https:\/\/pulsschlag24.com\/fr\/wp-json\/wp\/v2\/media\/4636"}],"wp:attachment":[{"href":"https:\/\/pulsschlag24.com\/fr\/wp-json\/wp\/v2\/media?parent=4637"}],"wp:term":[{"taxonomy":"product_brand","embeddable":true,"href":"https:\/\/pulsschlag24.com\/fr\/wp-json\/wp\/v2\/product_brand?post=4637"},{"taxonomy":"product_cat","embeddable":true,"href":"https:\/\/pulsschlag24.com\/fr\/wp-json\/wp\/v2\/product_cat?post=4637"},{"taxonomy":"product_tag","embeddable":true,"href":"https:\/\/pulsschlag24.com\/fr\/wp-json\/wp\/v2\/product_tag?post=4637"}],"curies":[{"name":"wp","href":"https:\/\/api.w.org\/{rel}","templated":true}]}}