{"id":4632,"date":"2025-06-09T13:42:01","date_gmt":"2025-06-09T11:42:01","guid":{"rendered":"https:\/\/pulsschlag24.com\/produkt\/atacama-evoque-eco-60-40-edition-speciale-kit-de-remplacement-de-pieds-210-mm-noir\/"},"modified":"2026-03-17T22:12:03","modified_gmt":"2026-03-17T21:12:03","slug":"atacama-evoque-eco-60-40-edition-speciale-kit-de-remplacement-de-pieds-210-mm-noir","status":"publish","type":"product","link":"https:\/\/pulsschlag24.com\/fr\/produkt\/atacama-evoque-eco-60-40-edition-speciale-kit-de-remplacement-de-pieds-210-mm-noir\/","title":{"rendered":"Atacama EVOQUE ECO 60\/40 \u00c9dition Sp\u00e9ciale \u2013 Kit de remplacement de pieds &#8211; 210 mm \u2013 Noir"},"content":{"rendered":"<p>Kit de r\u00e9glage de la hauteur des pieds pour la s\u00e9rie Atacama &#8211; EVOQUE ECO SE.<br \/>Compatible avec les racks Hi-Fi EVOQUE ECO 60\/40 SE.<br \/>Convient uniquement aux mod\u00e8les Evoque (versions standard), Special Edition, Design Edition et Custom !<br \/>Si vous poss\u00e9dez d\u00e9j\u00e0 un rack Atacama &#8211; EVOQUE ECO 60\/40 SE et souhaitez modifier la hauteur des pieds d&rsquo;un ou plusieurs modules, vous pouvez commander les pi\u00e8ces n\u00e9cessaires.<br \/>La hauteur indiqu\u00e9e correspond \u00e0 la dimension int\u00e9rieure des pieds une fois enti\u00e8rement assembl\u00e9s avec toutes les fixations.<br \/>Remarque : Cet article est \u00e9galement disponible dans d&rsquo;autres dimensions.<\/p>\n<p>Remarque :<br \/>\nLe prix indiqu\u00e9 comprend quatre tubes ext\u00e9rieurs et quatre tiges filet\u00e9es. Tous les autres composants fournis d\u2019origine avec le module d\u2019\u00e9tag\u00e8re doivent \u00eatre r\u00e9utilis\u00e9s. <\/p>\n<p><span style=\"font-weight: 400;\">Weitere interessante Produkte finden Sie in unserer Kategorie <a href=\"https:\/\/pulsschlag24.com\/fr\/categorie-de-produit\/meubles-hi-fi\/\">Hi-Fi Racks.<\/a><\/span><\/p>\n","protected":false},"excerpt":{"rendered":"<p>\u2713 Jeu de pieds de rechange noir satin\u00e9 (4 pi\u00e8ces)<br \/>\n\u2713 Compatible avec les racks Hi-Fi Atacama &#8211; EVOQUE ECO SE \u2013 \u00c9dition Sp\u00e9ciale<br \/>\n\u2713 Les colonnes de 210 mm sont fournies avec les tiges filet\u00e9es correspondantes<\/p>\n","protected":false},"featured_media":4633,"comment_status":"open","ping_status":"closed","template":"","meta":[],"product_brand":[],"product_cat":[752,772,773],"product_tag":[],"class_list":{"0":"post-4632","1":"product","2":"type-product","3":"status-publish","4":"has-post-thumbnail","6":"product_cat-modeles-abandonnes","7":"product_cat-accessoires","8":"product_cat-accessoires-meubles-hi-fi","9":"product_shipping_class-jusqua-5-kg","10":"tm-has-options","12":"first","13":"instock","14":"taxable","15":"shipping-taxable","16":"purchasable","17":"product-type-simple"},"_links":{"self":[{"href":"https:\/\/pulsschlag24.com\/fr\/wp-json\/wp\/v2\/product\/4632","targetHints":{"allow":["GET"]}}],"collection":[{"href":"https:\/\/pulsschlag24.com\/fr\/wp-json\/wp\/v2\/product"}],"about":[{"href":"https:\/\/pulsschlag24.com\/fr\/wp-json\/wp\/v2\/types\/product"}],"replies":[{"embeddable":true,"href":"https:\/\/pulsschlag24.com\/fr\/wp-json\/wp\/v2\/comments?post=4632"}],"wp:featuredmedia":[{"embeddable":true,"href":"https:\/\/pulsschlag24.com\/fr\/wp-json\/wp\/v2\/media\/4633"}],"wp:attachment":[{"href":"https:\/\/pulsschlag24.com\/fr\/wp-json\/wp\/v2\/media?parent=4632"}],"wp:term":[{"taxonomy":"product_brand","embeddable":true,"href":"https:\/\/pulsschlag24.com\/fr\/wp-json\/wp\/v2\/product_brand?post=4632"},{"taxonomy":"product_cat","embeddable":true,"href":"https:\/\/pulsschlag24.com\/fr\/wp-json\/wp\/v2\/product_cat?post=4632"},{"taxonomy":"product_tag","embeddable":true,"href":"https:\/\/pulsschlag24.com\/fr\/wp-json\/wp\/v2\/product_tag?post=4632"}],"curies":[{"name":"wp","href":"https:\/\/api.w.org\/{rel}","templated":true}]}}