{"id":4626,"date":"2025-05-06T10:08:01","date_gmt":"2025-05-06T08:08:01","guid":{"rendered":"https:\/\/pulsschlag24.com\/produkt\/atacama-evoque-eco-se2-kit-de-remplacement-de-pieds-265-mm-noir\/"},"modified":"2026-02-10T22:33:05","modified_gmt":"2026-02-10T21:33:05","slug":"atacama-evoque-eco-se2-kit-de-remplacement-de-pieds-265-mm-noir","status":"publish","type":"product","link":"https:\/\/pulsschlag24.com\/fr\/produkt\/atacama-evoque-eco-se2-kit-de-remplacement-de-pieds-265-mm-noir\/","title":{"rendered":"Atacama EVOQUE ECO SE2 \u2013 Kit de remplacement de pieds &#8211; 265 mm \u2013 Noir"},"content":{"rendered":"<p>Kit de r\u00e9glage de la hauteur des pieds pour la s\u00e9rie Atacama &#8211; EVOQUE ECO SE2.<br \/>\nCompatible avec les racks Hi-Fi EVOQUE ECO 60\/40 SE2.<br \/>\nNon compatible avec les mod\u00e8les Evoque (versions standard), Special Edition, Design Edition et Custom !<br \/>\nSi vous poss\u00e9dez d\u00e9j\u00e0 un rack Atacama &#8211; EVOQUE ECO 60\/40 SE2 et souhaitez modifier la hauteur des pieds d&rsquo;un ou plusieurs modules, vous pouvez commander les pi\u00e8ces n\u00e9cessaires.<br \/>\nLa hauteur indiqu\u00e9e correspond \u00e0 la dimension int\u00e9rieure des pieds une fois enti\u00e8rement assembl\u00e9s avec toutes les fixations.<br \/>\nRemarque : Cet article est \u00e9galement disponible dans d&rsquo;autres dimensions.<\/p>\n<p>Remarque :<br \/>\nLe prix indiqu\u00e9 comprend quatre tubes ext\u00e9rieurs et quatre tiges filet\u00e9es. Tous les autres composants fournis d\u2019origine avec le module d\u2019\u00e9tag\u00e8re doivent \u00eatre r\u00e9utilis\u00e9s. <\/p>\n","protected":false},"excerpt":{"rendered":"<p>\u2713 Jeu de pieds de rechange noir satin\u00e9 (4 pi\u00e8ces)<br \/>\u2713 Compatible avec les racks Hi-Fi Atacama &#8211; EVOQUE ECO SE2<br \/>\u2713 Les colonnes de 265 mm sont fournies avec les tiges filet\u00e9es correspondantes<\/p>\n","protected":false},"featured_media":4627,"comment_status":"open","ping_status":"closed","template":"","meta":[],"product_brand":[],"product_cat":[772,773],"product_tag":[],"class_list":{"0":"post-4626","1":"product","2":"type-product","3":"status-publish","4":"has-post-thumbnail","6":"product_cat-accessoires","7":"product_cat-accessoires-meubles-hi-fi","8":"product_shipping_class-jusqua-5-kg","9":"tm-has-options","11":"first","12":"instock","13":"taxable","14":"shipping-taxable","15":"purchasable","16":"product-type-simple"},"_links":{"self":[{"href":"https:\/\/pulsschlag24.com\/fr\/wp-json\/wp\/v2\/product\/4626","targetHints":{"allow":["GET"]}}],"collection":[{"href":"https:\/\/pulsschlag24.com\/fr\/wp-json\/wp\/v2\/product"}],"about":[{"href":"https:\/\/pulsschlag24.com\/fr\/wp-json\/wp\/v2\/types\/product"}],"replies":[{"embeddable":true,"href":"https:\/\/pulsschlag24.com\/fr\/wp-json\/wp\/v2\/comments?post=4626"}],"wp:featuredmedia":[{"embeddable":true,"href":"https:\/\/pulsschlag24.com\/fr\/wp-json\/wp\/v2\/media\/4627"}],"wp:attachment":[{"href":"https:\/\/pulsschlag24.com\/fr\/wp-json\/wp\/v2\/media?parent=4626"}],"wp:term":[{"taxonomy":"product_brand","embeddable":true,"href":"https:\/\/pulsschlag24.com\/fr\/wp-json\/wp\/v2\/product_brand?post=4626"},{"taxonomy":"product_cat","embeddable":true,"href":"https:\/\/pulsschlag24.com\/fr\/wp-json\/wp\/v2\/product_cat?post=4626"},{"taxonomy":"product_tag","embeddable":true,"href":"https:\/\/pulsschlag24.com\/fr\/wp-json\/wp\/v2\/product_tag?post=4626"}],"curies":[{"name":"wp","href":"https:\/\/api.w.org\/{rel}","templated":true}]}}