{"id":4619,"date":"2025-11-13T10:20:12","date_gmt":"2025-11-13T09:20:12","guid":{"rendered":"https:\/\/pulsschlag24.com\/produkt\/atacama-apollo-podium-kit-de-remplacement-de-pieds-250-mm\/"},"modified":"2025-11-13T10:20:12","modified_gmt":"2025-11-13T09:20:12","slug":"atacama-apollo-podium-kit-de-remplacement-de-pieds-250-mm","status":"publish","type":"product","link":"https:\/\/pulsschlag24.com\/fr\/produkt\/atacama-apollo-podium-kit-de-remplacement-de-pieds-250-mm\/","title":{"rendered":"Atacama APOLLO \u2013 PODIUM \u2013 Kit de remplacement de pieds &#8211; 250 mm"},"content":{"rendered":"<p>Description:<\/p>\n<p>S\u00e9rie Apollo Podium \u2013 Pieds r\u00e9glables en hauteur (Ch\u00eane naturel ou Ch\u00eane fonc\u00e9)<br \/>Remarque importante : Ce kit est compatible uniquement avec les mod\u00e8les Apollo Podium en bois massif suivants :<\/p>\n<p>Apollo Podium 6<br \/>\nApollo Podium 10<\/p>\n<p>Non compatible avec :<br \/>\nApollo Podium XL<br \/>\nTous les racks Podium de HiFi Racks Ltd<\/p>\n<p>Caract\u00e9ristiques du produit :<\/p>\n<p>Pieds de remplacement pour les racks modulaires Apollo Podium 6 (simple largeur) et 10 (double largeur). NON COMPATIBLES AVEC LES RACKS PODIUM DE HIFI RACKS LTD.<br \/>Permet de modifier la hauteur des pieds d&rsquo;un module d&rsquo;\u00e9tag\u00e8re existant.<br \/>Hauteurs de pieds disponibles (espace utile apr\u00e8s installation) :<br \/>Options standard : 150 mm, 200 mm et 250 mm apr\u00e8s installation compl\u00e8te. <\/p>\n<p>Avis :<\/p>\n<p>Les hauteurs indiqu\u00e9es font r\u00e9f\u00e9rence aux dimensions int\u00e9rieures, pieds inclus.<\/p>\n<p>Prix : Veuillez noter : le prix indiqu\u00e9 pour les versions 150 mm, 200 mm et 250 mm concerne uniquement les quatre pieds ext\u00e9rieurs. Tous les autres composants doivent \u00eatre r\u00e9utilis\u00e9s de votre \u00e9tag\u00e8re existante. <\/p>\n<p>Le ch\u00eane massif est un produit naturel. Sa couleur et son grain varient d&rsquo;une pi\u00e8ce \u00e0 l&rsquo;autre et peuvent foncer avec le temps en raison du vieillissement naturel. <\/p>\n","protected":false},"excerpt":{"rendered":"<p>\u2713 Jeu de pieds de rechange (4 pi\u00e8ces)<br \/>\n\u2713 Compatible avec les racks Hi-Fi Apollo \u2013 Podium 6 et Apollo \u2013 Podium 10<\/p>\n","protected":false},"featured_media":4613,"comment_status":"open","ping_status":"closed","template":"","meta":[],"product_brand":[],"product_cat":[772,773],"product_tag":[],"class_list":{"0":"post-4619","1":"product","2":"type-product","3":"status-publish","4":"has-post-thumbnail","6":"product_cat-accessoires","7":"product_cat-accessoires-meubles-hi-fi","8":"product_shipping_class-jusqua-5-kg","9":"tm-no-options","11":"first","12":"instock","13":"taxable","14":"shipping-taxable","15":"purchasable","16":"product-type-variable"},"_links":{"self":[{"href":"https:\/\/pulsschlag24.com\/fr\/wp-json\/wp\/v2\/product\/4619","targetHints":{"allow":["GET"]}}],"collection":[{"href":"https:\/\/pulsschlag24.com\/fr\/wp-json\/wp\/v2\/product"}],"about":[{"href":"https:\/\/pulsschlag24.com\/fr\/wp-json\/wp\/v2\/types\/product"}],"replies":[{"embeddable":true,"href":"https:\/\/pulsschlag24.com\/fr\/wp-json\/wp\/v2\/comments?post=4619"}],"wp:featuredmedia":[{"embeddable":true,"href":"https:\/\/pulsschlag24.com\/fr\/wp-json\/wp\/v2\/media\/4613"}],"wp:attachment":[{"href":"https:\/\/pulsschlag24.com\/fr\/wp-json\/wp\/v2\/media?parent=4619"}],"wp:term":[{"taxonomy":"product_brand","embeddable":true,"href":"https:\/\/pulsschlag24.com\/fr\/wp-json\/wp\/v2\/product_brand?post=4619"},{"taxonomy":"product_cat","embeddable":true,"href":"https:\/\/pulsschlag24.com\/fr\/wp-json\/wp\/v2\/product_cat?post=4619"},{"taxonomy":"product_tag","embeddable":true,"href":"https:\/\/pulsschlag24.com\/fr\/wp-json\/wp\/v2\/product_tag?post=4619"}],"curies":[{"name":"wp","href":"https:\/\/api.w.org\/{rel}","templated":true}]}}