{"id":4598,"date":"2025-05-06T10:08:01","date_gmt":"2025-05-06T08:08:01","guid":{"rendered":"https:\/\/pulsschlag24.com\/produkt\/atacama-apollo-storm-kit-de-remplacement-de-pieds-235-mm-noir\/"},"modified":"2025-05-06T10:08:01","modified_gmt":"2025-05-06T08:08:01","slug":"atacama-apollo-storm-kit-de-remplacement-de-pieds-235-mm-noir","status":"publish","type":"product","link":"https:\/\/pulsschlag24.com\/fr\/produkt\/atacama-apollo-storm-kit-de-remplacement-de-pieds-235-mm-noir\/","title":{"rendered":"Atacama APOLLO \u2013 STORM \u2013 Kit de remplacement de pieds &#8211; 235 mm \u2013 noir"},"content":{"rendered":"<p>Kit de hauteur de pieds de rechange pour la s\u00e9rie Apollo Storm.<br \/>\nCompatible avec les meubles Hi-Fi Apollo Storm 6 et Apollo Storm 10.<br \/>\nNon compatible avec le meuble AV Apollo Storm 10 (niveau bas \u00e0 2 \u00e9tag\u00e8res pour l&rsquo;installation d&rsquo;un t\u00e9l\u00e9viseur) ni avec l&rsquo;Apollo Storm 6 (niveau bas \u00e0 2 \u00e9tag\u00e8res pour le rangement de vinyles).<br \/>\nSi vous poss\u00e9dez d\u00e9j\u00e0 un meuble Apollo Storm 6 ou Apollo Storm 10 et souhaitez modifier la hauteur des pieds ou la couleur d&rsquo;un ou plusieurs modules d&rsquo;\u00e9tag\u00e8res, vous pouvez commander les pi\u00e8ces n\u00e9cessaires.<br \/>\nLa hauteur indiqu\u00e9e correspond \u00e0 la dimension int\u00e9rieure une fois les pieds enti\u00e8rement assembl\u00e9s avec toutes les fixations.<\/p>\n<p>Remarque :<br \/>\nLe prix indiqu\u00e9 comprend quatre tubes ext\u00e9rieurs avec les inserts \u00e0 vis pour pointes inf\u00e9rieures. Tous les autres composants fournis d\u2019origine avec le module d\u2019\u00e9tag\u00e8re doivent \u00eatre r\u00e9utilis\u00e9s. <\/p>\n","protected":false},"excerpt":{"rendered":"<p>\u2713 Jeu de pieds de rechange noirs (noir soyeux), 4 pi\u00e8ces<br \/>\u2713 Compatibles avec les racks Hi-Fi Apollo &#8211; Storm 6 et Apollo &#8211; Storm 10<br \/>\u2713 Les colonnes de 235 mm sont fournies avec les inserts \u00e0 vis pour pointes.<\/p>\n","protected":false},"featured_media":4599,"comment_status":"open","ping_status":"closed","template":"","meta":[],"product_brand":[],"product_cat":[772,773],"product_tag":[],"class_list":{"0":"post-4598","1":"product","2":"type-product","3":"status-publish","4":"has-post-thumbnail","6":"product_cat-accessoires","7":"product_cat-accessoires-meubles-hi-fi","8":"product_shipping_class-jusqua-5-kg","9":"tm-has-options","11":"first","12":"instock","13":"taxable","14":"shipping-taxable","15":"purchasable","16":"product-type-simple"},"_links":{"self":[{"href":"https:\/\/pulsschlag24.com\/fr\/wp-json\/wp\/v2\/product\/4598","targetHints":{"allow":["GET"]}}],"collection":[{"href":"https:\/\/pulsschlag24.com\/fr\/wp-json\/wp\/v2\/product"}],"about":[{"href":"https:\/\/pulsschlag24.com\/fr\/wp-json\/wp\/v2\/types\/product"}],"replies":[{"embeddable":true,"href":"https:\/\/pulsschlag24.com\/fr\/wp-json\/wp\/v2\/comments?post=4598"}],"wp:featuredmedia":[{"embeddable":true,"href":"https:\/\/pulsschlag24.com\/fr\/wp-json\/wp\/v2\/media\/4599"}],"wp:attachment":[{"href":"https:\/\/pulsschlag24.com\/fr\/wp-json\/wp\/v2\/media?parent=4598"}],"wp:term":[{"taxonomy":"product_brand","embeddable":true,"href":"https:\/\/pulsschlag24.com\/fr\/wp-json\/wp\/v2\/product_brand?post=4598"},{"taxonomy":"product_cat","embeddable":true,"href":"https:\/\/pulsschlag24.com\/fr\/wp-json\/wp\/v2\/product_cat?post=4598"},{"taxonomy":"product_tag","embeddable":true,"href":"https:\/\/pulsschlag24.com\/fr\/wp-json\/wp\/v2\/product_tag?post=4598"}],"curies":[{"name":"wp","href":"https:\/\/api.w.org\/{rel}","templated":true}]}}