{"id":4587,"date":"2025-07-25T11:15:40","date_gmt":"2025-07-25T09:15:40","guid":{"rendered":"https:\/\/pulsschlag24.com\/produkt\/atacama-apollo-disques-isolants-pour-pieds-de-supports-hi-fi-lot-de-4-noir\/"},"modified":"2025-07-25T11:15:40","modified_gmt":"2025-07-25T09:15:40","slug":"atacama-apollo-disques-isolants-pour-pieds-de-supports-hi-fi-lot-de-4-noir","status":"publish","type":"product","link":"https:\/\/pulsschlag24.com\/fr\/produkt\/atacama-apollo-disques-isolants-pour-pieds-de-supports-hi-fi-lot-de-4-noir\/","title":{"rendered":"Atacama APOLLO \u2013 Disques isolants pour pieds de supports hi-fi \u2013 Lot de 4 \u2013 Noir"},"content":{"rendered":"<p>Lot de 4 rondelles isolantes noires, compatibles avec les supports audio\/vid\u00e9o et Hi-Fi Atacama Evoque (tous mod\u00e8les), Eris 2 et Apollo Storm.<br \/>Ces rondelles se fixent sur le dessus des tubes des pieds, entre le tube et la surface horizontale du support.<br \/>Largeur totale : 38 mm, diam\u00e8tre int\u00e9rieur du trou : 8 mm.<br \/>Le bord ext\u00e9rieur est muni d\u2019un rebord pour faciliter le positionnement sur le tube, et le trou int\u00e9rieur est \u00e9galement dot\u00e9 d\u2019un rebord pour maintenir la rondelle en place.<br \/>Fabriqu\u00e9es en polyur\u00e9thane flexible.<\/p>\n","protected":false},"excerpt":{"rendered":"<p>\u2713 Compatible avec les racks audio-vid\u00e9o et Hi-Fi Atacama Evoque (tous mod\u00e8les), Eris 2 et Apollo Storm<br \/>\u2713 Fabriqu\u00e9 en polyur\u00e9thane flexible<\/p>\n","protected":false},"featured_media":4588,"comment_status":"open","ping_status":"closed","template":"","meta":[],"product_brand":[],"product_cat":[772,773],"product_tag":[],"class_list":{"0":"post-4587","1":"product","2":"type-product","3":"status-publish","4":"has-post-thumbnail","6":"product_cat-accessoires","7":"product_cat-accessoires-meubles-hi-fi","8":"product_shipping_class-jusqua-2-kg","9":"tm-has-options","11":"first","12":"instock","13":"taxable","14":"shipping-taxable","15":"purchasable","16":"product-type-simple"},"_links":{"self":[{"href":"https:\/\/pulsschlag24.com\/fr\/wp-json\/wp\/v2\/product\/4587","targetHints":{"allow":["GET"]}}],"collection":[{"href":"https:\/\/pulsschlag24.com\/fr\/wp-json\/wp\/v2\/product"}],"about":[{"href":"https:\/\/pulsschlag24.com\/fr\/wp-json\/wp\/v2\/types\/product"}],"replies":[{"embeddable":true,"href":"https:\/\/pulsschlag24.com\/fr\/wp-json\/wp\/v2\/comments?post=4587"}],"wp:featuredmedia":[{"embeddable":true,"href":"https:\/\/pulsschlag24.com\/fr\/wp-json\/wp\/v2\/media\/4588"}],"wp:attachment":[{"href":"https:\/\/pulsschlag24.com\/fr\/wp-json\/wp\/v2\/media?parent=4587"}],"wp:term":[{"taxonomy":"product_brand","embeddable":true,"href":"https:\/\/pulsschlag24.com\/fr\/wp-json\/wp\/v2\/product_brand?post=4587"},{"taxonomy":"product_cat","embeddable":true,"href":"https:\/\/pulsschlag24.com\/fr\/wp-json\/wp\/v2\/product_cat?post=4587"},{"taxonomy":"product_tag","embeddable":true,"href":"https:\/\/pulsschlag24.com\/fr\/wp-json\/wp\/v2\/product_tag?post=4587"}],"curies":[{"name":"wp","href":"https:\/\/api.w.org\/{rel}","templated":true}]}}