{"id":4575,"date":"2025-07-28T13:28:07","date_gmt":"2025-07-28T11:28:07","guid":{"rendered":"https:\/\/pulsschlag24.com\/produkt\/atacama-m8-evoque-eco-se-elite-eco-24-pointes-de-fixation-pour-module-detagere-lot-de-4-pour-meubles-hi-fi\/"},"modified":"2025-07-28T13:28:07","modified_gmt":"2025-07-28T11:28:07","slug":"atacama-m8-evoque-eco-se-elite-eco-24-pointes-de-fixation-pour-module-detagere-lot-de-4-pour-meubles-hi-fi","status":"publish","type":"product","link":"https:\/\/pulsschlag24.com\/fr\/produkt\/atacama-m8-evoque-eco-se-elite-eco-24-pointes-de-fixation-pour-module-detagere-lot-de-4-pour-meubles-hi-fi\/","title":{"rendered":"Atacama M8 Evoque Eco SE \/ Elite eco 24 Pointes de fixation pour module d&rsquo;\u00e9tag\u00e8re \u2013 Lot de 4 \u2013 pour meubles Hi-Fi"},"content":{"rendered":"<div class=\"n4sEPd\">\n<div class=\"QFw9Te BLojaf\"><\/div>\n<div class=\"FFpbKc\">\n<div class=\"xMmqsf\"><span class=\"jCAhz\"><span class=\"ryNqvb\">Pointes de module d&rsquo;\u00e9tag\u00e8re en laiton nickel\u00e9 M8 (8 mm).<\/span><\/span><\/div>\n<div><\/div>\n<div class=\"xMmqsf\"><span class=\"jCAhz ChMk0b\"><span class=\"ryNqvb\">Longueur totale 23 mm <\/span><\/span><\/div>\n<div class=\"xMmqsf\"><span class=\"jCAhz ChMk0b\"><span class=\"ryNqvb\">Largeur maximale 15 mm <\/span><\/span><\/div>\n<div class=\"xMmqsf\"><span class=\"jCAhz ChMk0b\"><span class=\"ryNqvb\">Longueur du filetage 9 mm <\/span><\/span><\/div>\n<div class=\"xMmqsf\"><span class=\"jCAhz ChMk0b\"><span class=\"ryNqvb\">Pas de filetage 1,25 mm <\/span><\/span><\/div>\n<div><\/div>\n<div class=\"xMmqsf\"><span class=\"jCAhz ChMk0b\"><span class=\"ryNqvb\">Disponible en paquet de 4 pointes individuelles.<\/span><\/span><\/div>\n<div><\/div>\n<div class=\"xMmqsf\"><span class=\"jCAhz ChMk0b\"><span class=\"ryNqvb\">Standard-Spike-Schnittstelle f\u00fcr: <\/span><\/span><\/div>\n<div class=\"xMmqsf\"><span class=\"jCAhz ChMk0b\"><span class=\"ryNqvb\">Atacama Evoque Eco SE (toutes variantes de largeur\/profondeur d&rsquo;\u00e9tag\u00e8re)<\/span><\/span><\/div>\n<div class=\"xMmqsf\"><span class=\"jCAhz ChMk0b\"><span class=\"ryNqvb\">Atacama Elite Eco 24<\/span><\/span><\/div>\n<\/div>\n<\/div>\n","protected":false},"excerpt":{"rendered":"<p>\u2713 Pointes de fixation en laiton pour \u00e9tag\u00e8res<br \/>\u2713 Atacama Evoque Eco SE et Atacama Elite Eco 24<\/p>\n","protected":false},"featured_media":4576,"comment_status":"open","ping_status":"closed","template":"","meta":[],"product_brand":[],"product_cat":[772,773],"product_tag":[],"class_list":{"0":"post-4575","1":"product","2":"type-product","3":"status-publish","4":"has-post-thumbnail","6":"product_cat-accessoires","7":"product_cat-accessoires-meubles-hi-fi","8":"product_shipping_class-jusqua-2-kg","9":"tm-has-options","11":"first","12":"instock","13":"taxable","14":"shipping-taxable","15":"purchasable","16":"product-type-simple"},"_links":{"self":[{"href":"https:\/\/pulsschlag24.com\/fr\/wp-json\/wp\/v2\/product\/4575","targetHints":{"allow":["GET"]}}],"collection":[{"href":"https:\/\/pulsschlag24.com\/fr\/wp-json\/wp\/v2\/product"}],"about":[{"href":"https:\/\/pulsschlag24.com\/fr\/wp-json\/wp\/v2\/types\/product"}],"replies":[{"embeddable":true,"href":"https:\/\/pulsschlag24.com\/fr\/wp-json\/wp\/v2\/comments?post=4575"}],"wp:featuredmedia":[{"embeddable":true,"href":"https:\/\/pulsschlag24.com\/fr\/wp-json\/wp\/v2\/media\/4576"}],"wp:attachment":[{"href":"https:\/\/pulsschlag24.com\/fr\/wp-json\/wp\/v2\/media?parent=4575"}],"wp:term":[{"taxonomy":"product_brand","embeddable":true,"href":"https:\/\/pulsschlag24.com\/fr\/wp-json\/wp\/v2\/product_brand?post=4575"},{"taxonomy":"product_cat","embeddable":true,"href":"https:\/\/pulsschlag24.com\/fr\/wp-json\/wp\/v2\/product_cat?post=4575"},{"taxonomy":"product_tag","embeddable":true,"href":"https:\/\/pulsschlag24.com\/fr\/wp-json\/wp\/v2\/product_tag?post=4575"}],"curies":[{"name":"wp","href":"https:\/\/api.w.org\/{rel}","templated":true}]}}