{"id":4563,"date":"2025-05-06T10:08:01","date_gmt":"2025-05-06T08:08:01","guid":{"rendered":"https:\/\/pulsschlag24.com\/produkt\/atacama-moseco-nexxus-pack-de-plaques-de-base-a-lestage-poids-pour-plaques-de-base-200-mm-x-170-mm-noir\/"},"modified":"2025-12-15T17:29:10","modified_gmt":"2025-12-15T16:29:10","slug":"atacama-moseco-nexxus-pack-de-plaques-de-base-a-lestage-poids-pour-plaques-de-base-200-mm-x-170-mm-noir","status":"publish","type":"product","link":"https:\/\/pulsschlag24.com\/fr\/produkt\/atacama-moseco-nexxus-pack-de-plaques-de-base-a-lestage-poids-pour-plaques-de-base-200-mm-x-170-mm-noir\/","title":{"rendered":"Atacama Moseco + NeXXus \u2013 Pack de plaques de base \u00e0 lestage \u2013 Poids pour plaques de base \u2013 200 mm x 170 mm \u2013 noir"},"content":{"rendered":"<p>Ces kits d&rsquo;options de plaques de base \u00e0 charge massique sont con\u00e7us pour s&rsquo;adapter \u00e0 toute la gamme de pieds d&rsquo;enceintes Nexus et Moseco.<br \/>\nCe poids pour plaque de base, de 200 mm de large et 170 mm de profondeur, contribuera \u00e0 assurer un support encore plus s\u00fbr pour les produits HiFi.<br \/>\nCon\u00e7ue pour \u00eatre mont\u00e9e hors de vue dans la plaque de base des supports d&rsquo;enceintes Nexus et sous la plaque de base en bambou des supports d&rsquo;enceintes Moseco, la plaque de base ajoute 1,5 kg \u00e0 chaque support d&rsquo;enceinte, offrant \u00e0 la fois un meilleur amortissement du son et une plus grande stabilit\u00e9 \u00e0 chaque support.<br \/>\nLe colis se compose de deux plaques, pesant chacune 1,5 kg, toutes deux en acier au carbone peint en noir satin\u00e9 de 8 mm d&rsquo;\u00e9paisseur.<br \/>\nCet accessoire est fabriqu\u00e9 en Grande-Bretagne par la soci\u00e9t\u00e9 Atacama.<br \/>\nRemarque : les coussins isolants en gel ne sont pas inclus, mais peuvent \u00eatre command\u00e9s s\u00e9par\u00e9ment.<\/p>\n","protected":false},"excerpt":{"rendered":"<p>\u2713 Accessoires haut de gamme pour les pieds d&rsquo;enceintes Moseco et NeXXus d&rsquo;Atacama<br \/>\n\u2713 Plateaux sup\u00e9rieurs de qualit\u00e9 sup\u00e9rieure, 160 mm de large et 220 mm de profondeur<br \/>\n\u2713 Assurent une meilleure stabilit\u00e9 des appareils hi-fi sur les pieds<\/p>\n","protected":false},"featured_media":4564,"comment_status":"open","ping_status":"closed","template":"","meta":[],"product_brand":[],"product_cat":[772,774],"product_tag":[],"class_list":{"0":"post-4563","1":"product","2":"type-product","3":"status-publish","4":"has-post-thumbnail","6":"product_cat-accessoires","7":"product_cat-accessoires-support-denceinte","8":"product_shipping_class-jusqua-5-kg","9":"pa_farbe-noir-mat","10":"pa_gewicht-35-kg","11":"pa_material-acier-peint","12":"tm-has-options","14":"first","15":"instock","16":"taxable","17":"shipping-taxable","18":"purchasable","19":"product-type-simple"},"_links":{"self":[{"href":"https:\/\/pulsschlag24.com\/fr\/wp-json\/wp\/v2\/product\/4563","targetHints":{"allow":["GET"]}}],"collection":[{"href":"https:\/\/pulsschlag24.com\/fr\/wp-json\/wp\/v2\/product"}],"about":[{"href":"https:\/\/pulsschlag24.com\/fr\/wp-json\/wp\/v2\/types\/product"}],"replies":[{"embeddable":true,"href":"https:\/\/pulsschlag24.com\/fr\/wp-json\/wp\/v2\/comments?post=4563"}],"wp:featuredmedia":[{"embeddable":true,"href":"https:\/\/pulsschlag24.com\/fr\/wp-json\/wp\/v2\/media\/4564"}],"wp:attachment":[{"href":"https:\/\/pulsschlag24.com\/fr\/wp-json\/wp\/v2\/media?parent=4563"}],"wp:term":[{"taxonomy":"product_brand","embeddable":true,"href":"https:\/\/pulsschlag24.com\/fr\/wp-json\/wp\/v2\/product_brand?post=4563"},{"taxonomy":"product_cat","embeddable":true,"href":"https:\/\/pulsschlag24.com\/fr\/wp-json\/wp\/v2\/product_cat?post=4563"},{"taxonomy":"product_tag","embeddable":true,"href":"https:\/\/pulsschlag24.com\/fr\/wp-json\/wp\/v2\/product_tag?post=4563"}],"curies":[{"name":"wp","href":"https:\/\/api.w.org\/{rel}","templated":true}]}}