{"id":4562,"date":"2025-06-09T13:42:01","date_gmt":"2025-06-09T11:42:01","guid":{"rendered":"https:\/\/pulsschlag24.com\/produkt\/atacama-moseco-nexxus-plateau-superieur-140-mm-x-210-mm-noir-1-piece-emballage-endommage\/"},"modified":"2025-06-09T13:42:01","modified_gmt":"2025-06-09T11:42:01","slug":"atacama-moseco-nexxus-plateau-superieur-140-mm-x-210-mm-noir-1-piece-emballage-endommage","status":"publish","type":"product","link":"https:\/\/pulsschlag24.com\/fr\/produkt\/atacama-moseco-nexxus-plateau-superieur-140-mm-x-210-mm-noir-1-piece-emballage-endommage\/","title":{"rendered":"Atacama Moseco + NeXXus \u2013 Plateau sup\u00e9rieur &#8211; 140 mm x 210 mm \u2013 noir \u2013 1 pi\u00e8ce \u2013 emballage endommag\u00e9"},"content":{"rendered":"<p>Ces ensembles d&rsquo;options de plaque sup\u00e9rieure sont con\u00e7us pour s&rsquo;adapter \u00e0 presque toute la gamme de pieds d&rsquo;enceintes NeXXus et Moseco (sauf Moseco 10).<br \/>\nCette plaque sup\u00e9rieure plus large, mesurant 140 mm de large et 210 mm de profondeur, contribuera \u00e0 assurer un support encore plus s\u00fbr pour les produits hi-fi.<br \/>\nLe paquet contient deux plaques, toutes deux en acier peint en noir satin\u00e9 de 4 mm d&rsquo;\u00e9paisseur.<br \/>\nCes plaques sup\u00e9rieures d\u00e9coup\u00e9es au laser avec pr\u00e9cision sont fournies par paire et peuvent \u00eatre adapt\u00e9es \u00e0 tous les supports d&rsquo;enceintes NeXXus et Moseco, \u00e0 l&rsquo;exception du Moseco 10.<br \/>\nCet accessoire est fabriqu\u00e9 en Grande-Bretagne par la soci\u00e9t\u00e9 Atacama.<br \/>\nRemarque : les coussins isolants en gel ne sont pas inclus, mais peuvent \u00eatre command\u00e9s s\u00e9par\u00e9ment.<\/p>\n","protected":false},"excerpt":{"rendered":"<p>\u2713 Accessoires haut de gamme pour les pieds d&rsquo;enceintes Moseco et NeXXus d&rsquo;Atacama<br \/>\u2713 Plateau sup\u00e9rieur haut de gamme, 140 mm de large et 210 mm de profondeur<br \/>\u2713 Assure une meilleure stabilit\u00e9 des appareils hi-fi sur les pieds<\/p>\n","protected":false},"featured_media":4554,"comment_status":"open","ping_status":"closed","template":"","meta":[],"product_brand":[],"product_cat":[766,770,772,774],"product_tag":[],"class_list":{"0":"post-4562","1":"product","2":"type-product","3":"status-publish","4":"has-post-thumbnail","6":"product_cat-vente","7":"product_cat-produits-doccasion","8":"product_cat-accessoires","9":"product_cat-accessoires-support-denceinte","10":"product_shipping_class-jusqua-5-kg","11":"pa_farbe-noir-mat","12":"pa_masse-140-mm-x-210-mm","13":"pa_material-acier-peint","14":"tm-has-options","16":"first","17":"instock","18":"sale","19":"taxable","20":"shipping-taxable","21":"purchasable","22":"product-type-simple"},"_links":{"self":[{"href":"https:\/\/pulsschlag24.com\/fr\/wp-json\/wp\/v2\/product\/4562","targetHints":{"allow":["GET"]}}],"collection":[{"href":"https:\/\/pulsschlag24.com\/fr\/wp-json\/wp\/v2\/product"}],"about":[{"href":"https:\/\/pulsschlag24.com\/fr\/wp-json\/wp\/v2\/types\/product"}],"replies":[{"embeddable":true,"href":"https:\/\/pulsschlag24.com\/fr\/wp-json\/wp\/v2\/comments?post=4562"}],"wp:featuredmedia":[{"embeddable":true,"href":"https:\/\/pulsschlag24.com\/fr\/wp-json\/wp\/v2\/media\/4554"}],"wp:attachment":[{"href":"https:\/\/pulsschlag24.com\/fr\/wp-json\/wp\/v2\/media?parent=4562"}],"wp:term":[{"taxonomy":"product_brand","embeddable":true,"href":"https:\/\/pulsschlag24.com\/fr\/wp-json\/wp\/v2\/product_brand?post=4562"},{"taxonomy":"product_cat","embeddable":true,"href":"https:\/\/pulsschlag24.com\/fr\/wp-json\/wp\/v2\/product_cat?post=4562"},{"taxonomy":"product_tag","embeddable":true,"href":"https:\/\/pulsschlag24.com\/fr\/wp-json\/wp\/v2\/product_tag?post=4562"}],"curies":[{"name":"wp","href":"https:\/\/api.w.org\/{rel}","templated":true}]}}