{"id":4553,"date":"2025-05-06T10:08:01","date_gmt":"2025-05-06T08:08:01","guid":{"rendered":"https:\/\/pulsschlag24.com\/produkt\/atacama-moseco-nexxus-kit-doptions-de-plaque-superieure-160-mm-x-220-mm-noir\/"},"modified":"2026-04-12T13:29:38","modified_gmt":"2026-04-12T11:29:38","slug":"atacama-moseco-nexxus-kit-doptions-de-plaque-superieure-160-mm-x-220-mm-noir","status":"publish","type":"product","link":"https:\/\/pulsschlag24.com\/fr\/produkt\/atacama-moseco-nexxus-kit-doptions-de-plaque-superieure-160-mm-x-220-mm-noir\/","title":{"rendered":"Atacama Moseco + NeXXus \u2013 Kit d&rsquo;options de plaque sup\u00e9rieure \u2013 160 mm x 220 mm \u2013 Noir"},"content":{"rendered":"<p>Ces ensembles d&rsquo;options de plaque sup\u00e9rieure sont con\u00e7us pour s&rsquo;adapter \u00e0 presque toute la gamme de pieds d&rsquo;enceintes NeXXus et Moseco (sauf Moseco 10).<br \/>\nCette plaque sup\u00e9rieure plus large, mesurant 160 mm de large et 220 mm de profondeur, contribuera \u00e0 assurer un support encore plus s\u00fbr pour les produits Hi-Fi.<br \/>\nLe paquet contient deux plaques, toutes deux en acier peint en noir satin\u00e9 de 4 mm d&rsquo;\u00e9paisseur.<br \/>\nCes plaques sup\u00e9rieures d\u00e9coup\u00e9es au laser avec pr\u00e9cision sont fournies par paire et peuvent \u00eatre adapt\u00e9es \u00e0 tous les supports d&rsquo;enceintes NeXXus et Moseco, \u00e0 l&rsquo;exception du Moseco 10.<br \/>\nCet accessoire est fabriqu\u00e9 en Grande-Bretagne par la soci\u00e9t\u00e9 Atacama.<br \/>\nRemarque : les coussins isolants en gel ne sont pas inclus, mais peuvent \u00eatre command\u00e9s s\u00e9par\u00e9ment.<\/p>\n<p><span style=\"font-weight: 400;\">Weitere interessante Produkte finden Sie in unserer Kategorie <a href=\"https:\/\/pulsschlag24.com\/fr\/categorie-de-produit\/support-denceinte\/\">Lautsprecherst\u00e4nder<\/a>.<\/span><\/p>\n","protected":false},"excerpt":{"rendered":"<p>\u2713 Accessoires haut de gamme pour les pieds d&rsquo;enceintes Moseco et NeXXus d&rsquo;Atacama<br \/>\n\u2713 Plateaux sup\u00e9rieurs de qualit\u00e9 sup\u00e9rieure, 160 mm de large et 220 mm de profondeur<br \/>\n\u2713 Assurent une meilleure stabilit\u00e9 des appareils hi-fi sur les pieds<\/p>\n","protected":false},"featured_media":4554,"comment_status":"open","ping_status":"closed","template":"","meta":[],"product_brand":[],"product_cat":[772,774],"product_tag":[],"class_list":{"0":"post-4553","1":"product","2":"type-product","3":"status-publish","4":"has-post-thumbnail","6":"product_cat-accessoires","7":"product_cat-accessoires-support-denceinte","8":"product_shipping_class-jusqua-5-kg","9":"pa_farbe-noir-mat","10":"pa_gewicht-22-kg","11":"pa_masse-160-mm-x-220-mm","12":"pa_material-acier-peint","13":"tm-has-options","15":"first","16":"outofstock","17":"taxable","18":"shipping-taxable","19":"purchasable","20":"product-type-simple"},"_links":{"self":[{"href":"https:\/\/pulsschlag24.com\/fr\/wp-json\/wp\/v2\/product\/4553","targetHints":{"allow":["GET"]}}],"collection":[{"href":"https:\/\/pulsschlag24.com\/fr\/wp-json\/wp\/v2\/product"}],"about":[{"href":"https:\/\/pulsschlag24.com\/fr\/wp-json\/wp\/v2\/types\/product"}],"replies":[{"embeddable":true,"href":"https:\/\/pulsschlag24.com\/fr\/wp-json\/wp\/v2\/comments?post=4553"}],"wp:featuredmedia":[{"embeddable":true,"href":"https:\/\/pulsschlag24.com\/fr\/wp-json\/wp\/v2\/media\/4554"}],"wp:attachment":[{"href":"https:\/\/pulsschlag24.com\/fr\/wp-json\/wp\/v2\/media?parent=4553"}],"wp:term":[{"taxonomy":"product_brand","embeddable":true,"href":"https:\/\/pulsschlag24.com\/fr\/wp-json\/wp\/v2\/product_brand?post=4553"},{"taxonomy":"product_cat","embeddable":true,"href":"https:\/\/pulsschlag24.com\/fr\/wp-json\/wp\/v2\/product_cat?post=4553"},{"taxonomy":"product_tag","embeddable":true,"href":"https:\/\/pulsschlag24.com\/fr\/wp-json\/wp\/v2\/product_tag?post=4553"}],"curies":[{"name":"wp","href":"https:\/\/api.w.org\/{rel}","templated":true}]}}