{"id":4551,"date":"2025-10-08T11:25:43","date_gmt":"2025-10-08T09:25:43","guid":{"rendered":"https:\/\/pulsschlag24.com\/produkt\/atacama-apollo-athena-vs1-table-basse-chene-fonce\/"},"modified":"2025-10-08T11:25:43","modified_gmt":"2025-10-08T09:25:43","slug":"atacama-apollo-athena-vs1-table-basse-chene-fonce","status":"publish","type":"product","link":"https:\/\/pulsschlag24.com\/fr\/produkt\/atacama-apollo-athena-vs1-table-basse-chene-fonce\/","title":{"rendered":"Atacama Apollo &#8211; Athena VS1 \u2013 Table basse &#8211; Ch\u00eane fonc\u00e9"},"content":{"rendered":"<p>Am\u00e9liorez votre espace de vie et votre collection de disques.<\/p>\n<p>Enfin, une pi\u00e8ce ma\u00eetresse qui souligne votre passion pour la musique.<\/p>\n<p>Cette table basse, fabriqu\u00e9e en ch\u00eane massif et dot\u00e9e d&rsquo;un espace de rangement pour vinyles, s&rsquo;accorde parfaitement avec notre gamme de meubles et supports muraux HiFi Apollo. Plus qu&rsquo;une simple table, sa spacieuse \u00e9tag\u00e8re inf\u00e9rieure comprend quatre compartiments s\u00e9par\u00e9s, offrant un rangement organis\u00e9 pour jusqu&rsquo;\u00e0 200 de vos vinyles pr\u00e9f\u00e9r\u00e9s. <\/p>\n<p>Con\u00e7u et fabriqu\u00e9 en Grande-Bretagne.<\/p>\n","protected":false},"excerpt":{"rendered":"<p>\u2713 Fabrication de qualit\u00e9 sup\u00e9rieure<br \/>\n\u2713 Grande durabilit\u00e9 et compatibilit\u00e9 universelle<br \/>\n\u2713 Con\u00e7u et fabriqu\u00e9 en Grande-Bretagne<\/p>\n","protected":false},"featured_media":4549,"comment_status":"open","ping_status":"closed","template":"","meta":[],"product_brand":[],"product_cat":[754,776],"product_tag":[],"class_list":{"0":"post-4551","1":"product","2":"type-product","3":"status-publish","4":"has-post-thumbnail","6":"product_cat-atacama-apollo","7":"product_cat-plus-de-meubles-hi-fi","8":"product_shipping_class-jusqua-30-kg","9":"pa_breite-aussen-660-mm","10":"pa_hoehe-445-mm","11":"pa_holzfarbe-chene-fonce","12":"pa_tiefe-aussen-660-mm","13":"tm-no-options","15":"first","16":"instock","17":"taxable","18":"shipping-taxable","19":"purchasable","20":"product-type-simple"},"_links":{"self":[{"href":"https:\/\/pulsschlag24.com\/fr\/wp-json\/wp\/v2\/product\/4551","targetHints":{"allow":["GET"]}}],"collection":[{"href":"https:\/\/pulsschlag24.com\/fr\/wp-json\/wp\/v2\/product"}],"about":[{"href":"https:\/\/pulsschlag24.com\/fr\/wp-json\/wp\/v2\/types\/product"}],"replies":[{"embeddable":true,"href":"https:\/\/pulsschlag24.com\/fr\/wp-json\/wp\/v2\/comments?post=4551"}],"wp:featuredmedia":[{"embeddable":true,"href":"https:\/\/pulsschlag24.com\/fr\/wp-json\/wp\/v2\/media\/4549"}],"wp:attachment":[{"href":"https:\/\/pulsschlag24.com\/fr\/wp-json\/wp\/v2\/media?parent=4551"}],"wp:term":[{"taxonomy":"product_brand","embeddable":true,"href":"https:\/\/pulsschlag24.com\/fr\/wp-json\/wp\/v2\/product_brand?post=4551"},{"taxonomy":"product_cat","embeddable":true,"href":"https:\/\/pulsschlag24.com\/fr\/wp-json\/wp\/v2\/product_cat?post=4551"},{"taxonomy":"product_tag","embeddable":true,"href":"https:\/\/pulsschlag24.com\/fr\/wp-json\/wp\/v2\/product_tag?post=4551"}],"curies":[{"name":"wp","href":"https:\/\/api.w.org\/{rel}","templated":true}]}}