{"id":4524,"date":"2025-09-24T21:25:53","date_gmt":"2025-09-24T19:25:53","guid":{"rendered":"https:\/\/pulsschlag24.com\/produkt\/atacama-apollo-atlas-wm1-module-detagere-murale-chene-clair\/"},"modified":"2026-04-22T14:35:28","modified_gmt":"2026-04-22T12:35:28","slug":"atacama-apollo-atlas-wm1-module-detagere-murale-chene-clair","status":"publish","type":"product","link":"https:\/\/pulsschlag24.com\/fr\/produkt\/atacama-apollo-atlas-wm1-module-detagere-murale-chene-clair\/","title":{"rendered":"Atacama APOLLO &#8211; Atlas WM1 &#8211; Module d&rsquo;\u00e9tag\u00e8re murale \u2013 Ch\u00eane clair"},"content":{"rendered":"<p>Support mural Apollo Atlas WM1 en ch\u00eane massif l\u00e9ger<\/p>\n<p>Offrez \u00e0 votre platine vinyle le support s\u00e9curis\u00e9 qu&rsquo;elle m\u00e9rite avec le support mural Apollo Atlas WM1 en ch\u00eane massif.<\/p>\n<p>Cette \u00e9tag\u00e8re a \u00e9t\u00e9 sp\u00e9cialement con\u00e7ue pour la fixation murale stable de votre \u00e9quipement hi-fi, notamment des platines vinyles. C&rsquo;est la solution id\u00e9ale si le sol de votre pi\u00e8ce d&rsquo;\u00e9coute fl\u00e9chit ou s&rsquo;affaisse lorsque votre platine est pos\u00e9e sur un meuble hi-fi classique, ce qui peut provoquer des sauts de lecture et interrompre l&rsquo;\u00e9coute. En fixant votre platine au mur, vous \u00e9liminez compl\u00e8tement ce probl\u00e8me et profitez d&rsquo;une \u00e9coute claire et sans interruption.  <\/p>\n<p>L&rsquo;Atlas WM1 a \u00e9t\u00e9 con\u00e7u pour compl\u00e9ter les s\u00e9ries Apollo Podium et Storm et offre un espace de 20 mm entre l&rsquo;\u00e9tag\u00e8re et le mur. Cet espace facilite la gestion des c\u00e2bles \u00e0 l&rsquo;arri\u00e8re de l&rsquo;appareil. Deux encoches suppl\u00e9mentaires dans l&rsquo;\u00e9tag\u00e8re permettent d&rsquo;augmenter la profondeur et de s\u00e9parer le passage des c\u00e2bles d&rsquo;alimentation et de signal. Ceci contribue \u00e0 r\u00e9duire les interf\u00e9rences et \u00e0 am\u00e9liorer la qualit\u00e9 sonore.   <\/p>\n<p>Vous avez besoin d&rsquo;options de personnalisation et d&rsquo;une isolation renforc\u00e9e ? Ajoutez un module Apollo Isoplinth 1. <\/p>\n<p>Pour ceux qui souhaitent optimiser les performances de leur platine vinyle, le module d&rsquo;isolation Apollo Isoplinth 1 est disponible s\u00e9par\u00e9ment. Ce module comprend quatre pointes BZP r\u00e9glables de 40 mm et des supports de pointes HD-L avec amortisseurs en Sorbothane. Il offre non seulement une isolation acoustique suppl\u00e9mentaire pour tous les \u00e9quipements hi-fi compatibles, mais permet \u00e9galement un r\u00e9glage pr\u00e9cis de la platine pour un \u00e9quilibre et une pr\u00e9cision de lecture optimaux.  <\/p>\n<p>Instructions d&rsquo;installation importantes<\/p>\n<p>Le module d&rsquo;\u00e9tag\u00e8re Atlas WM1 n&rsquo;est pas r\u00e9glable apr\u00e8s installation. Si vous l&rsquo;utilisez avec une platine vinyle, assurez-vous que celle-ci poss\u00e8de des pieds r\u00e9glables pour une mise \u00e0 niveau pr\u00e9cise. Si votre platine n&rsquo;en est pas \u00e9quip\u00e9e, nous vous recommandons vivement d&rsquo;acqu\u00e9rir le module d&rsquo;\u00e9tag\u00e8re Isoplinth 1 (en option) pour un positionnement parfaitement horizontal.  <\/p>\n<p>L&rsquo;installation par un professionnel est requise. Les vis fournies avec l&rsquo;Apollo Atlas WM1 conviennent aux murs pleins ; cependant, diff\u00e9rents types de murs n\u00e9cessitent des fixations sp\u00e9cifiques. Il est de la responsabilit\u00e9 de l&rsquo;utilisateur de s&rsquo;assurer que l&rsquo;\u00e9tag\u00e8re est solidement et correctement fix\u00e9e et qu&rsquo;elle peut supporter le poids de son \u00e9quipement. La capacit\u00e9 de charge de l&rsquo;\u00e9tag\u00e8re d\u00e9pend du type de mur et de la qualit\u00e9 de l&rsquo;installation. Dans la plupart des cas, le module ne doit pas supporter une charge sup\u00e9rieure \u00e0 20 kg.    <\/p>\n<p>Le ch\u00eane est un mat\u00e9riau naturel, par cons\u00e9quent la couleur et le grain varient selon le module.<\/p>\n<p>Les modules Apollo Atlas WM1 et Isoplinth 1 sont fabriqu\u00e9s en Grande-Bretagne.<\/p>\n","protected":false},"excerpt":{"rendered":"<p>\u2713 Fabrication de qualit\u00e9 sup\u00e9rieure<br \/>\n\u2713 Grande durabilit\u00e9 et compatibilit\u00e9 universelle<br \/>\n\u2713 Con\u00e7u et fabriqu\u00e9 en Grande-Bretagne<\/p>\n","protected":false},"featured_media":4525,"comment_status":"open","ping_status":"closed","template":"","meta":[],"product_brand":[],"product_cat":[754,776],"product_tag":[],"class_list":{"0":"post-4524","1":"product","2":"type-product","3":"status-publish","4":"has-post-thumbnail","6":"product_cat-atacama-apollo","7":"product_cat-plus-de-meubles-hi-fi","8":"product_shipping_class-jusqua-20-kg","9":"pa_breite-aussen-500-mm","10":"pa_hoehe-465-mm","11":"pa_holzfarbe-chene-clair","12":"pa_maximalbelastung-20-kg","13":"pa_regalbrettstaerke-chene-massif-de-40-mm","14":"pa_tiefe-aussen-650-mm","15":"tm-no-options","17":"first","18":"instock","19":"taxable","20":"shipping-taxable","21":"purchasable","22":"product-type-variable"},"_links":{"self":[{"href":"https:\/\/pulsschlag24.com\/fr\/wp-json\/wp\/v2\/product\/4524","targetHints":{"allow":["GET"]}}],"collection":[{"href":"https:\/\/pulsschlag24.com\/fr\/wp-json\/wp\/v2\/product"}],"about":[{"href":"https:\/\/pulsschlag24.com\/fr\/wp-json\/wp\/v2\/types\/product"}],"replies":[{"embeddable":true,"href":"https:\/\/pulsschlag24.com\/fr\/wp-json\/wp\/v2\/comments?post=4524"}],"wp:featuredmedia":[{"embeddable":true,"href":"https:\/\/pulsschlag24.com\/fr\/wp-json\/wp\/v2\/media\/4525"}],"wp:attachment":[{"href":"https:\/\/pulsschlag24.com\/fr\/wp-json\/wp\/v2\/media?parent=4524"}],"wp:term":[{"taxonomy":"product_brand","embeddable":true,"href":"https:\/\/pulsschlag24.com\/fr\/wp-json\/wp\/v2\/product_brand?post=4524"},{"taxonomy":"product_cat","embeddable":true,"href":"https:\/\/pulsschlag24.com\/fr\/wp-json\/wp\/v2\/product_cat?post=4524"},{"taxonomy":"product_tag","embeddable":true,"href":"https:\/\/pulsschlag24.com\/fr\/wp-json\/wp\/v2\/product_tag?post=4524"}],"curies":[{"name":"wp","href":"https:\/\/api.w.org\/{rel}","templated":true}]}}