{"id":4520,"date":"2025-05-06T09:54:58","date_gmt":"2025-05-06T07:54:58","guid":{"rendered":"https:\/\/pulsschlag24.com\/produkt\/atacama-hms-2x-masse-elevee-pied-denceinte-600-mm-pour-charges-lourdes-noir\/"},"modified":"2025-05-06T09:54:58","modified_gmt":"2025-05-06T07:54:58","slug":"atacama-hms-2x-masse-elevee-pied-denceinte-600-mm-pour-charges-lourdes-noir","status":"publish","type":"product","link":"https:\/\/pulsschlag24.com\/fr\/produkt\/atacama-hms-2x-masse-elevee-pied-denceinte-600-mm-pour-charges-lourdes-noir\/","title":{"rendered":"Atacama HMS 2X \u2013 Masse \u00e9lev\u00e9e \u2013 Pied d&rsquo;enceinte &#8211; 600 mm \u2013 pour charges lourdes \u2013 noir"},"content":{"rendered":"<p>La s\u00e9rie HMS est la gamme de pieds d&rsquo;enceintes de r\u00e9f\u00e9rence d&rsquo;Atacama et s&rsquo;av\u00e8re indispensable lorsqu&rsquo;une large plateforme est requise.<br \/>La s\u00e9rie HMS se caract\u00e9rise par sa conception \u00e0 quatre colonnes et offre une stabilit\u00e9 remarquable pour accueillir des enceintes biblioth\u00e8que imposantes et d&rsquo;autres \u00e9quipements techniques. Ces pieds d&rsquo;enceintes \u00e9l\u00e9gants sont \u00e9galement dot\u00e9s de patins isolants en gel et d&rsquo;un syst\u00e8me de gestion des c\u00e2bles moderne, caract\u00e9ristiques de la marque.<br \/>D\u00e9velopp\u00e9 en collaboration avec ProAc, l&rsquo;un des fabricants d&rsquo;enceintes les plus prestigieux du Royaume-Uni, le pied Atacama HMS 2X (High-Mass Stand 2X) est \u00e9quip\u00e9 d&rsquo;une large plateforme de 200 mm x 225 mm.<br \/>Le HMS 2X est con\u00e7u pour les audiophiles exigeants. Ces pieds offrent une capacit\u00e9 de charge 30 % sup\u00e9rieure \u00e0 celle de la s\u00e9rie SLX \u00e9quivalente d&rsquo;Atacama. Une fois chaque paire \u00e9quip\u00e9e d&rsquo;enceintes Atabites, le HMS 2X constitue la plateforme id\u00e9ale pour optimiser les performances de vos enceintes.<br \/>\nCes supports d&rsquo;enceintes haut de gamme d&rsquo;Atacama ont \u00e9t\u00e9 sp\u00e9cialement con\u00e7us et fabriqu\u00e9s pour les audiophiles exigeants.<br \/>\nLes supports sont exceptionnellement stables et minimisent la transmission des vibrations du bo\u00eetier.<br \/>\nAvec une hauteur de 600 centim\u00e8tres (sans coussinets isolants en gel ni pointes de sol), le HMS 2X assure un placement optimal des haut-parleurs.<br \/>\nLes supports d&rsquo;enceintes sont fabriqu\u00e9s en acier \u00e9pais avec des fixations tr\u00e8s stables pour garantir une rigidit\u00e9 optimale.<br \/>\nZur verbesserten Leistung kommt die HMS-Serie immer mit isolierenden Gelpads als Standardausstattung.<br \/>\nCes coussinets prot\u00e8gent le dessous de l&rsquo;enceinte, r\u00e9duisent le risque de glissement, cr\u00e9ent une barri\u00e8re d&rsquo;amortissement sur l&rsquo;enceinte et am\u00e9liorent ainsi la qualit\u00e9 sonore.<br \/>\nDes piquets de fixation au sol sont \u00e9galement inclus de s\u00e9rie.<br \/>\nPour prot\u00e9ger les rev\u00eatements de sol sensibles, nous proposons \u00e9galement, sur demande, des rondelles sp\u00e9ciales Atacama.<br \/>\nRemarque : Deux paquets de chaussures \u00e0 pointes Atacama HD-L sont recommand\u00e9s si les supports doivent \u00eatre plac\u00e9s sur un rev\u00eatement de sol sensible.<br \/>\nLa plaque sup\u00e9rieure est en acier \u00e9pais. Les pieds d&rsquo;enceintes HMS 2X poss\u00e8dent des plaques sup\u00e9rieures de 200 mm de large et 225 mm de profondeur, et des plaques inf\u00e9rieures de 300 mm de large et 335 mm de profondeur. Attention : les dimensions (largeur\/profondeur) des enceintes support\u00e9es ne doivent pas d\u00e9passer celles du pied.<br \/>Les pieds sont propos\u00e9s avec une finition noire satin\u00e9e.<br \/>Finition standard : noir satin\u00e9 (\u00e9galement disponible en argent m\u00e9tallis\u00e9 et blanc diamant en option, avec suppl\u00e9ment).<br \/>Les pieds d&rsquo;enceintes de la s\u00e9rie HMS sont con\u00e7us et fabriqu\u00e9s au Royaume-Uni.<br \/>Remarque : les enceintes pr\u00e9sent\u00e9es sur les images ne sont pas incluses.  <\/p>\n<p>Remarque<br \/>Atacama recommande le mat\u00e9riau de remplissage inerte Atabite SMD-Z 7HD pour des performances acoustiques optimales.<br \/>Atacama recommande de remplir chaque paire de supports HMS aux deux tiers avec du mat\u00e9riau de remplissage Atabite SMD-Z 7HD afin d&rsquo;optimiser leur potentiel sonore.<br \/>Quantit\u00e9 d&rsquo;Atabit recommand\u00e9e :<br \/>Voici le nombre de godets recommand\u00e9 \u00e0 r\u00e9partir entre chaque support d&rsquo;enceinte. Toutes les colonnes verticales doivent \u00eatre remplies de mani\u00e8re \u00e9gale. Les quantit\u00e9s indiqu\u00e9es sont approximatives et ne correspondent pas n\u00e9cessairement \u00e0 un remplissage complet des tubes. Il est recommand\u00e9 d&rsquo;effectuer des essais afin de trouver la quantit\u00e9 exacte qui vous permettra d&rsquo;obtenir les meilleurs r\u00e9sultats sonores pour votre syst\u00e8me. En effet, la quantit\u00e9 de mat\u00e9riau de remplissage Atabite n\u00e9cessaire pour un son optimal d\u00e9pend des enceintes, de l&rsquo;acoustique de la pi\u00e8ce, du c\u00e2blage, du placement des enceintes et des composants hi-fi.<br \/>En g\u00e9n\u00e9ral, un remplissage des tubes \u00e0 moiti\u00e9 ou aux deux tiers environ donne les meilleurs r\u00e9sultats. Si vous constatez un manque de pr\u00e9cision dans les aigus et un son \u00e9touff\u00e9 dans les graves, cela signifie g\u00e9n\u00e9ralement que vous avez trop rempli les supports ; dans ce cas, r\u00e9duisez la quantit\u00e9 d&rsquo;Atabit dans chaque support.<br \/>Si les haut-parleurs sont neufs, il est recommand\u00e9 de d\u00e9terminer la quantit\u00e9 exacte d&rsquo;attelles n\u00e9cessaire apr\u00e8s leur rodage. Consultez le manuel de vos haut-parleurs ou contactez le distributeur\/fabricant pour obtenir des recommandations.<br \/>Pour les HMS 2X, vous pouvez utiliser jusqu&rsquo;\u00e0 12 seaux (84 kg) par paire. Pour des r\u00e9sultats optimaux, remplissez les tubes aux deux tiers.      <\/p>\n","protected":false},"excerpt":{"rendered":"<p>\u2713 HMS = Referenzlautsprecherst\u00e4nder<br \/>\n\u2713 inklusive gro\u00dfer Aufsatzplatten (200 mm x 225 mm) f\u00fcr gr\u00f6\u00dfere Lautsprecher<br \/>\n\u2713 vier St\u00fctzs\u00e4ulen pro St\u00e4nder sichern richtig schwere Last ab<\/p>\n","protected":false},"featured_media":4521,"comment_status":"open","ping_status":"closed","template":"","meta":[],"product_brand":[],"product_cat":[758,765],"product_tag":[],"class_list":{"0":"post-4520","1":"product","2":"type-product","3":"status-publish","4":"has-post-thumbnail","6":"product_cat-atacama-hms","7":"product_cat-support-denceinte","8":"product_shipping_class-jusqua-30-kg","9":"pa_basisplatte-b-x-t-300-mm-x-335-mm","10":"pa_belastung-pro-staender-20-kg","11":"pa_deckplatte-b-x-t-200-mm-x-225-mm","12":"pa_gesamtgewicht-beide-staender-25-kg","13":"pa_gesamthoehe-645-mm","14":"pa_material-farbe-basisplatte-noir","15":"pa_material-farbe-staender-noir","16":"tm-has-options","18":"first","19":"instock","20":"taxable","21":"shipping-taxable","22":"purchasable","23":"product-type-simple"},"_links":{"self":[{"href":"https:\/\/pulsschlag24.com\/fr\/wp-json\/wp\/v2\/product\/4520","targetHints":{"allow":["GET"]}}],"collection":[{"href":"https:\/\/pulsschlag24.com\/fr\/wp-json\/wp\/v2\/product"}],"about":[{"href":"https:\/\/pulsschlag24.com\/fr\/wp-json\/wp\/v2\/types\/product"}],"replies":[{"embeddable":true,"href":"https:\/\/pulsschlag24.com\/fr\/wp-json\/wp\/v2\/comments?post=4520"}],"wp:featuredmedia":[{"embeddable":true,"href":"https:\/\/pulsschlag24.com\/fr\/wp-json\/wp\/v2\/media\/4521"}],"wp:attachment":[{"href":"https:\/\/pulsschlag24.com\/fr\/wp-json\/wp\/v2\/media?parent=4520"}],"wp:term":[{"taxonomy":"product_brand","embeddable":true,"href":"https:\/\/pulsschlag24.com\/fr\/wp-json\/wp\/v2\/product_brand?post=4520"},{"taxonomy":"product_cat","embeddable":true,"href":"https:\/\/pulsschlag24.com\/fr\/wp-json\/wp\/v2\/product_cat?post=4520"},{"taxonomy":"product_tag","embeddable":true,"href":"https:\/\/pulsschlag24.com\/fr\/wp-json\/wp\/v2\/product_tag?post=4520"}],"curies":[{"name":"wp","href":"https:\/\/api.w.org\/{rel}","templated":true}]}}