{"id":4508,"date":"2025-05-06T09:54:49","date_gmt":"2025-05-06T07:54:49","guid":{"rendered":"https:\/\/pulsschlag24.com\/produkt\/atacama-slx600-pieds-denceintes-645-mm-grandes-plaques-de-fixation-noir\/"},"modified":"2025-05-06T09:54:49","modified_gmt":"2025-05-06T07:54:49","slug":"atacama-slx600-pieds-denceintes-645-mm-grandes-plaques-de-fixation-noir","status":"publish","type":"product","link":"https:\/\/pulsschlag24.com\/fr\/produkt\/atacama-slx600-pieds-denceintes-645-mm-grandes-plaques-de-fixation-noir\/","title":{"rendered":"Atacama SLX600 \u2013 Pieds d&rsquo;enceintes &#8211; 645 mm \u2013 Grandes plaques de fixation \u2013 Noir"},"content":{"rendered":"<p>La s\u00e9rie SLX est la gamme de pieds d&rsquo;enceintes la plus professionnelle d&rsquo;Atacama, id\u00e9ale lorsqu&rsquo;une large plateforme est n\u00e9cessaire.<br \/>\nCompos\u00e9e de quatre colonnes, la s\u00e9rie SLX offre une assise stable pour les enceintes biblioth\u00e8que de grande taille et autres \u00e9quipements techniques. Ces \u00e9l\u00e9gants pieds d&rsquo;enceintes int\u00e8grent \u00e9galement des patins isolants en gel et un syst\u00e8me de gestion des c\u00e2bles moderne, caract\u00e9ristiques d&rsquo;Atacama.<br \/>\nCes supports d&rsquo;enceintes haut de gamme d&rsquo;Atacama ont \u00e9t\u00e9 sp\u00e9cialement con\u00e7us et fabriqu\u00e9s pour les audiophiles exigeants.<br \/>\nLes supports sont exceptionnellement stables et minimisent la transmission des vibrations du bo\u00eetier.<br \/>\nAvec une hauteur de 30 \u00e0 70 centim\u00e8tres (sans coussinets isolants en gel ni pointes de sol), la s\u00e9rie SLX assure un placement optimal des enceintes.<br \/>\nLes supports d&rsquo;enceintes sont fabriqu\u00e9s en acier \u00e9pais avec des fixations tr\u00e8s stables pour garantir une rigidit\u00e9 optimale.<br \/>\nChaque paire de tr\u00e9pieds SLX est compos\u00e9e de nouvelles plaques de base en acier au carbone d\u00e9coup\u00e9es au laser de 5 mm d&rsquo;\u00e9paisseur, de huit pointes de sol r\u00e9glables BZP de 8 mm avec capuchons sup\u00e9rieurs en acier inoxydable et de coussinets de gel d&rsquo;isolation trap\u00e9zo\u00efdaux \u00e0 haute charge (HLT) am\u00e9lior\u00e9s pour les plaques de t\u00eate.<br \/>\nPour des performances optimales, la s\u00e9rie SLX est toujours \u00e9quip\u00e9e de s\u00e9rie de coussinets isolants en gel.<br \/>\nCes coussinets prot\u00e8gent le dessous de l&rsquo;enceinte, r\u00e9duisent le risque de glissement, cr\u00e9ent une barri\u00e8re d&rsquo;amortissement sur l&rsquo;enceinte et am\u00e9liorent ainsi la qualit\u00e9 sonore.<br \/>\nDes piquets de fixation au sol sont \u00e9galement inclus de s\u00e9rie.<br \/>\nPour prot\u00e9ger les rev\u00eatements de sol sensibles, nous proposons \u00e9galement, sur demande, des rondelles sp\u00e9ciales Atacama.<br \/>\nLa plaque sup\u00e9rieure est en acier \u00e9pais. Tous les pieds d&rsquo;enceintes SLX sont \u00e9quip\u00e9s de plaques sup\u00e9rieures et inf\u00e9rieures standard identiques, mesurant 225 mm de large et 225 mm de profondeur. Attention : les dimensions (largeur\/profondeur) des enceintes support\u00e9es ne doivent pas d\u00e9passer celles du pied.<br \/>Les pieds sont finis en noir satin\u00e9.<br \/>Les pieds d&rsquo;enceintes de la s\u00e9rie SLX sont con\u00e7us et fabriqu\u00e9s au Royaume-Uni.<br \/>Les pieds d&rsquo;enceintes Atacama SLX sont disponibles dans les dimensions suivantes : SLX300 = 345 mm (13,6&Prime;) ; SLX400 = 445 mm (17,5&Prime;) ; SLX500 = 545 mm (21,5&Prime;) ; SLX600 = 645 mm (25,4&Prime;) ; SLX700 = 745 mm (27,5&Prime;).  <\/p>\n<p>Remarque<br \/>Atacama recommande le mat\u00e9riau de remplissage inerte Atabite SMD-Z 7HD pour des performances acoustiques optimales.<br \/>Atacama recommande de remplir chaque paire de pieds SLX aux deux tiers avec du mat\u00e9riau de remplissage Atabite SMD-Z 7HD afin d&rsquo;optimiser leur potentiel sonore.<br \/>Quantit\u00e9 d&rsquo;Atabit recommand\u00e9e :<br \/>Voici le nombre de godets recommand\u00e9 \u00e0 r\u00e9partir entre chaque pied d&rsquo;enceinte. Toutes les colonnes verticales doivent \u00eatre remplies de mani\u00e8re \u00e9gale. Les quantit\u00e9s indiqu\u00e9es sont approximatives et ne correspondent pas n\u00e9cessairement \u00e0 un remplissage complet des tubes. Il est recommand\u00e9 d&rsquo;effectuer des essais afin de trouver la quantit\u00e9 exacte qui vous permettra d&rsquo;obtenir les meilleurs r\u00e9sultats sonores pour votre syst\u00e8me. En effet, la quantit\u00e9 de mat\u00e9riau de remplissage Atabite n\u00e9cessaire pour un son optimal d\u00e9pend des enceintes, de l&rsquo;acoustique de la pi\u00e8ce, du c\u00e2blage, du placement des enceintes et des composants hi-fi.<br \/>En g\u00e9n\u00e9ral, un remplissage des tubes \u00e0 moiti\u00e9 ou aux deux tiers environ donne les meilleurs r\u00e9sultats. Si vous constatez un manque de pr\u00e9cision dans les aigus et un son \u00e9touff\u00e9 dans les graves, cela signifie g\u00e9n\u00e9ralement que vous avez trop rempli les pieds et qu&rsquo;il faut r\u00e9duire la quantit\u00e9 d&rsquo;Atabit dans chaque pied.<br \/>Si vos haut-parleurs sont neufs, il est recommand\u00e9 d&rsquo;attendre la p\u00e9riode de rodage avant de d\u00e9terminer le nombre exact de supports n\u00e9cessaires. Consultez le manuel de vos haut-parleurs ou contactez le distributeur\/fabricant pour obtenir des recommandations.<br \/>SLX300 = 2 supports ; SLX400 = 3 supports ; SLX500 = 4 supports ; SLX600 = 5 supports ; SLX700 = 6 supports     <\/p>\n","protected":false},"excerpt":{"rendered":"<p>\u2713 Quatre colonnes de support par pied assurent la stabilit\u00e9 des charges lourdes.<br \/>\u2713 Comprend de larges plaques de montage pour les enceintes de grande taille.<br \/>\u2713 Comprend des coussinets isolants en gel d&rsquo;Atacama.<br \/>\u2713 Compatibilit\u00e9 universelle.<\/p>\n","protected":false},"featured_media":4509,"comment_status":"open","ping_status":"closed","template":"","meta":[],"product_brand":[],"product_cat":[761,765],"product_tag":[],"class_list":{"0":"post-4508","1":"product","2":"type-product","3":"status-publish","4":"has-post-thumbnail","6":"product_cat-atacama-slx","7":"product_cat-support-denceinte","8":"product_shipping_class-jusqua-20-kg","9":"pa_basisplatte-b-x-t-305-mm-x-305-mm","10":"pa_belastung-pro-staender-15-kg","11":"pa_deckplatte-b-x-t-225-mm-x-225-mm","12":"pa_gesamthoehe-645-mm","13":"pa_material-farbe-basisplatte-noir","14":"pa_material-farbe-staender-noir","15":"tm-has-options","17":"first","18":"instock","19":"taxable","20":"shipping-taxable","21":"purchasable","22":"product-type-simple"},"_links":{"self":[{"href":"https:\/\/pulsschlag24.com\/fr\/wp-json\/wp\/v2\/product\/4508","targetHints":{"allow":["GET"]}}],"collection":[{"href":"https:\/\/pulsschlag24.com\/fr\/wp-json\/wp\/v2\/product"}],"about":[{"href":"https:\/\/pulsschlag24.com\/fr\/wp-json\/wp\/v2\/types\/product"}],"replies":[{"embeddable":true,"href":"https:\/\/pulsschlag24.com\/fr\/wp-json\/wp\/v2\/comments?post=4508"}],"wp:featuredmedia":[{"embeddable":true,"href":"https:\/\/pulsschlag24.com\/fr\/wp-json\/wp\/v2\/media\/4509"}],"wp:attachment":[{"href":"https:\/\/pulsschlag24.com\/fr\/wp-json\/wp\/v2\/media?parent=4508"}],"wp:term":[{"taxonomy":"product_brand","embeddable":true,"href":"https:\/\/pulsschlag24.com\/fr\/wp-json\/wp\/v2\/product_brand?post=4508"},{"taxonomy":"product_cat","embeddable":true,"href":"https:\/\/pulsschlag24.com\/fr\/wp-json\/wp\/v2\/product_cat?post=4508"},{"taxonomy":"product_tag","embeddable":true,"href":"https:\/\/pulsschlag24.com\/fr\/wp-json\/wp\/v2\/product_tag?post=4508"}],"curies":[{"name":"wp","href":"https:\/\/api.w.org\/{rel}","templated":true}]}}