{"id":4484,"date":"2025-05-06T09:54:49","date_gmt":"2025-05-06T07:54:49","guid":{"rendered":"https:\/\/pulsschlag24.com\/produkt\/atacama-moseco-xl600-pied-denceinte-620-mm-noir-et-plaque-de-base-en-bambou-fonce\/"},"modified":"2025-05-06T09:54:49","modified_gmt":"2025-05-06T07:54:49","slug":"atacama-moseco-xl600-pied-denceinte-620-mm-noir-et-plaque-de-base-en-bambou-fonce","status":"publish","type":"product","link":"https:\/\/pulsschlag24.com\/fr\/produkt\/atacama-moseco-xl600-pied-denceinte-620-mm-noir-et-plaque-de-base-en-bambou-fonce\/","title":{"rendered":"Atacama Moseco XL600 \u2013 Pied d&rsquo;enceinte &#8211; 620 mm \u2013 Noir et plaque de base en bambou fonc\u00e9"},"content":{"rendered":"<p>Ces supports d&rsquo;enceintes haut de gamme d&rsquo;Atacama ont \u00e9t\u00e9 con\u00e7us et fabriqu\u00e9s sp\u00e9cifiquement pour les audiophiles les plus exigeants.<br \/>\nD&rsquo;une stabilit\u00e9 exceptionnelle, ils minimisent la transmission des vibrations du caisson.<br \/>\nAvec une hauteur de plus de 60 centim\u00e8tres, ils garantissent un positionnement optimal des enceintes.<br \/>\nLes supports d&rsquo;enceintes Moseco XL600 allient les atouts esth\u00e9tiques et sonores du bambou \u00e0 la robustesse, la solidit\u00e9 et la stabilit\u00e9 d&rsquo;une structure en acier au carbone double. Cette structure se compose d&rsquo;une colonne avant de 75 mm et de deux colonnes arri\u00e8re de 50 mm.<br \/><!-- -->Produit phare de la gamme Moseco, les supports d&rsquo;enceintes Moseco XL sont pr\u00e9sent\u00e9s ici. Vendus par paires, ils sont dot\u00e9s d&rsquo;un plateau sup\u00e9rieur en acier au carbone massif de 5 mm d&rsquo;\u00e9paisseur, 200 mm de largeur et 275 mm de profondeur, sp\u00e9cialement con\u00e7u pour supporter les grandes enceintes biblioth\u00e8que.<br \/><!-- -->Chaque plateau sup\u00e9rieur est fourni avec quatre patins isolants incurv\u00e9s en gel pour prot\u00e9ger et amortir les vibrations du caisson. La hauteur totale des Moseco XL600 est de 620 mm, sans les pointes de d\u00e9couplage ni les patins.<br \/><!-- -->Pour une stabilit\u00e9 optimale, les pieds Moseco XL sont con\u00e7us autour d&rsquo;une structure tubulaire en acier au carbone triple. Ces tubes se composent de deux larges colonnes arri\u00e8re de 50 mm de diam\u00e8tre, parfaitement assorties \u00e0 une unique colonne avant surdimensionn\u00e9e de 75 mm de diam\u00e8tre ; l&rsquo;ensemble arbore une \u00e9l\u00e9gante finition noire mate. Les trois tubes sont con\u00e7us pour \u00eatre remplis de lest Atabite SMD 7.5HD afin d&rsquo;augmenter leur masse et de r\u00e9duire le d\u00e9bordement (deux sachets par pied suffisent g\u00e9n\u00e9ralement).<br \/>\nL&rsquo;enceinte Moseco XL est \u00e9galement dot\u00e9e de plaques de base en bambou de 40 mm d&rsquo;\u00e9paisseur, fabriqu\u00e9es artisanalement. Esth\u00e9tiques et performantes, elles offrent des avantages acoustiques consid\u00e9rables en mati\u00e8re d&rsquo;amortissement des r\u00e9sonances, surpassant ainsi les mat\u00e9riaux traditionnels comme le m\u00e9tal ou le verre g\u00e9n\u00e9ralement utilis\u00e9s. Afin d&rsquo;optimiser les performances du bambou, les trois tubes en acier sont fix\u00e9s individuellement dans des trous, renfor\u00e7ant le support lat\u00e9ral et garantissant ainsi rigidit\u00e9 et stabilit\u00e9.<br \/>\nChaque plaque de base en bambou est livr\u00e9e avec quatre pointes r\u00e9glables de 8 mm en acier zingu\u00e9 brillant avec \u00e9crous de blocage pour faciliter la mise \u00e0 niveau et assurer une couche d&rsquo;isolation suppl\u00e9mentaire (deux paquets de semelles \u00e0 pointes Atacama HD-S peuvent \u00eatre achet\u00e9s s\u00e9par\u00e9ment s&rsquo;il est n\u00e9cessaire de positionner les supports sur un rev\u00eatement de sol d\u00e9licat).<br \/>\nPour une stabilit\u00e9 accrue et une meilleure att\u00e9nuation du bruit, le kit de plaque de base \u00e0 charge massique Atacama peut \u00eatre utilis\u00e9 avec le Moseco XL.<br \/>\nToutes les enceintes Moseco XL600 sont livr\u00e9es avec des pointes de sol M6 r\u00e9glables et des mini-patins en gel qui peuvent \u00eatre fix\u00e9s \u00e0 la plaque sup\u00e9rieure pour prot\u00e9ger la base de vos enceintes.<br \/>\nDeux options de hauteur sont disponibles ; un choix de 515 mm ou 615 mm peut \u00eatre sp\u00e9cifi\u00e9 (sans pointes ni coussinets de gel isolants).<br \/>\nLe coloris standard est le noir mat, et les platines de base sont en bambou fonc\u00e9. Les pieds d&rsquo;enceintes Moseco sont fabriqu\u00e9s au Royaume-Uni.<br \/>\nLe bambou \u00e9tant un produit naturel, de l\u00e9g\u00e8res variations de couleur peuvent appara\u00eetre entre les platines. Les couleurs \u00e9volueront avec le temps, notamment si les pieds sont expos\u00e9s directement au soleil. Ces l\u00e9g\u00e8res variations peuvent \u00e9galement se produire si vous associez des pieds d&rsquo;enceintes Atacama Moseco XL \u00e0 un autre produit Atacama en bambou. Atacama s&rsquo;approvisionne exclusivement en bambou aupr\u00e8s de for\u00eats g\u00e9r\u00e9es durablement.   <\/p>\n","protected":false},"excerpt":{"rendered":"<p>\u2713 Design \u00e9l\u00e9gant et excellente qualit\u00e9 de fabrication<br \/>\n\u2713 Grande durabilit\u00e9 et utilisation universelle<br \/>\n\u2713 Comprend des coussinets isolants en gel d&rsquo;Atacama. Con\u00e7u et fabriqu\u00e9 en Grande-Bretagne.<\/p>\n","protected":false},"featured_media":4485,"comment_status":"open","ping_status":"closed","template":"","meta":[],"product_brand":[],"product_cat":[759,765,766],"product_tag":[],"class_list":{"0":"post-4484","1":"product","2":"type-product","3":"status-publish","4":"has-post-thumbnail","6":"product_cat-atacama-moseco","7":"product_cat-support-denceinte","8":"product_cat-vente","9":"product_shipping_class-jusqua-30-kg","10":"pa_basisplatte-b-x-t-275-mm-x-350-mm","11":"pa_belastung-pro-staender-20-kg","12":"pa_deckplatte-b-x-t-200-mm-x-275-mm","13":"pa_gesamthoehe-620-mm","14":"pa_holzfarbe-bambou-fonce","15":"pa_material-farbe-basisplatte-bambou-fonce","16":"pa_material-farbe-staender-noir-mat","17":"tm-has-options","19":"first","20":"instock","21":"sale","22":"featured","23":"taxable","24":"shipping-taxable","25":"purchasable","26":"product-type-simple"},"_links":{"self":[{"href":"https:\/\/pulsschlag24.com\/fr\/wp-json\/wp\/v2\/product\/4484","targetHints":{"allow":["GET"]}}],"collection":[{"href":"https:\/\/pulsschlag24.com\/fr\/wp-json\/wp\/v2\/product"}],"about":[{"href":"https:\/\/pulsschlag24.com\/fr\/wp-json\/wp\/v2\/types\/product"}],"replies":[{"embeddable":true,"href":"https:\/\/pulsschlag24.com\/fr\/wp-json\/wp\/v2\/comments?post=4484"}],"wp:featuredmedia":[{"embeddable":true,"href":"https:\/\/pulsschlag24.com\/fr\/wp-json\/wp\/v2\/media\/4485"}],"wp:attachment":[{"href":"https:\/\/pulsschlag24.com\/fr\/wp-json\/wp\/v2\/media?parent=4484"}],"wp:term":[{"taxonomy":"product_brand","embeddable":true,"href":"https:\/\/pulsschlag24.com\/fr\/wp-json\/wp\/v2\/product_brand?post=4484"},{"taxonomy":"product_cat","embeddable":true,"href":"https:\/\/pulsschlag24.com\/fr\/wp-json\/wp\/v2\/product_cat?post=4484"},{"taxonomy":"product_tag","embeddable":true,"href":"https:\/\/pulsschlag24.com\/fr\/wp-json\/wp\/v2\/product_tag?post=4484"}],"curies":[{"name":"wp","href":"https:\/\/api.w.org\/{rel}","templated":true}]}}