{"id":4463,"date":"2025-09-17T10:36:47","date_gmt":"2025-09-17T08:36:47","guid":{"rendered":"https:\/\/pulsschlag24.com\/produkt\/atacama-moseco-5-1-pied-denceinte-560-mm-noir-et-plaque-de-base-en-bambou-fonce\/"},"modified":"2025-09-17T10:36:47","modified_gmt":"2025-09-17T08:36:47","slug":"atacama-moseco-5-1-pied-denceinte-560-mm-noir-et-plaque-de-base-en-bambou-fonce","status":"publish","type":"product","link":"https:\/\/pulsschlag24.com\/fr\/produkt\/atacama-moseco-5-1-pied-denceinte-560-mm-noir-et-plaque-de-base-en-bambou-fonce\/","title":{"rendered":"Atacama Moseco 5.1 \u2013 Pied d&rsquo;enceinte &#8211; 560 mm \u2013 Noir et plaque de base en bambou fonc\u00e9"},"content":{"rendered":"<p>Support d&rsquo;enceinte Atacama Moseco r\u00e9vis\u00e9.1. <\/p>\n<p>&nbsp;<\/p>\n<p>Les pieds d&rsquo;enceintes Atacama Moseco Revised.1, con\u00e7us sp\u00e9cialement pour cette application et fabriqu\u00e9s au Royaume-Uni, constituent une version consid\u00e9rablement am\u00e9lior\u00e9e de la gamme Moseco originale, maintes fois prim\u00e9e. Ils offrent plusieurs am\u00e9liorations par rapport au mod\u00e8le pr\u00e9c\u00e9dent, notamment :  <\/p>\n<p>&nbsp;<\/p>\n<p>Altitude plus \u00e9lev\u00e9e :<\/p>\n<p>Les supports repens\u00e9s sont d\u00e9sormais disponibles en hauteurs de 5, 6, 7 et 10 mm (soit environ 15 mm de plus que la version correspondante de la gamme Moseco inchang\u00e9e). Vous b\u00e9n\u00e9ficiez ainsi d&rsquo;une plus grande flexibilit\u00e9 pour trouver la hauteur d&rsquo;\u00e9coute id\u00e9ale pour vos enceintes. <\/p>\n<p>La nouvelle plaque de base en bambou a \u00e9t\u00e9 con\u00e7ue pour correspondre au rack HiFi prim\u00e9 Atacama Evoque Eco 60-40 SE2, qui a \u00e9t\u00e9 nomm\u00e9 meilleur support HiFi par le magazine What HiFi Sound &amp; Vision pendant plusieurs ann\u00e9es en 2019, 2020, 2021 et 2022.<\/p>\n<p>&nbsp;<\/p>\n<p>Stabilit\u00e9 am\u00e9lior\u00e9e :<\/p>\n<p>L&rsquo;\u00e9cartement des piquets au sol a \u00e9t\u00e9 augment\u00e9, ce qui am\u00e9liore la stabilit\u00e9 des tribunes sur les terrains accident\u00e9s. Le positionnement des tubes verticaux a \u00e9galement \u00e9t\u00e9 optimis\u00e9 et centralis\u00e9, assurant ainsi une meilleure assise aux tribunes. <\/p>\n<p>&nbsp;<\/p>\n<p>Un plus large choix de kits de plaques de recouvrement en option :<\/p>\n<p>Une gamme plus \u00e9tendue de plaques sup\u00e9rieures optionnelles est d\u00e9sormais disponible (vendues s\u00e9par\u00e9ment), vous offrant une plus grande flexibilit\u00e9 dans le choix de la taille id\u00e9ale de la plaque sup\u00e9rieure pour vos enceintes.<\/p>\n<p>&nbsp;<\/p>\n<p>Capacit\u00e9 de charge des haut-parleurs sup\u00e9rieure de 25 % :<\/p>\n<p>Les supports repens\u00e9s supportent d\u00e9sormais des haut-parleurs jusqu&rsquo;\u00e0 10 kg ou 12,5 kg lorsqu&rsquo;ils sont partiellement charg\u00e9s avec des Atacama Atabites, et sont donc adapt\u00e9s \u00e0 une gamme plus large de haut-parleurs.<\/p>\n<p>Les pieds d&rsquo;enceintes Atacama Moseco .1, enti\u00e8rement repens\u00e9s, sont fabriqu\u00e9s au Royaume-Uni avec des mat\u00e9riaux de haute qualit\u00e9 et b\u00e9n\u00e9ficient d&rsquo;une garantie de 2 ans. Ils constituent un excellent choix pour quiconque recherche un pied d&rsquo;enceinte performant, polyvalent et \u00e9l\u00e9gant. <\/p>\n<p>&nbsp;<\/p>\n<p>Voici quelques d\u00e9tails suppl\u00e9mentaires concernant les supports d&rsquo;enceintes Atacama Moseco .1 r\u00e9vis\u00e9s :<\/p>\n<p>Les plaques de base du support sont fabriqu\u00e9es en bambou haute densit\u00e9, selon nos propres sp\u00e9cifications. Il s&rsquo;agit d&rsquo;un mat\u00e9riau durable et acoustiquement neutre. <\/p>\n<p>&nbsp;<\/p>\n<p>Les supports offrent une gestion des c\u00e2bles via le tube de support vertical arri\u00e8re et peuvent accueillir des c\u00e2bles d&rsquo;enceintes d&rsquo;un diam\u00e8tre allant jusqu&rsquo;\u00e0 15 mm. (Voir notes). <\/p>\n<p>Les supports sont disponibles en diff\u00e9rentes hauteurs et mod\u00e8les pour s&rsquo;adapter aux besoins et \u00e0 la configuration de vos enceintes.<\/p>\n<p>&nbsp;<\/p>\n<p>Les supports sont faciles \u00e0 monter et \u00e0 r\u00e9gler gr\u00e2ce aux piquets de sol M8 BZP inclus (avec \u00e9crous de blocage).<\/p>\n<p>&nbsp;<\/p>\n<p>Les supports sont fournis de s\u00e9rie avec des mini-coussinets en gel pour la plaque sup\u00e9rieure afin de fixer, prot\u00e9ger et amortir le son de la partie inf\u00e9rieure de vos enceintes.<\/p>\n<p>&nbsp;<\/p>\n<p>D\u00e9tails concernant le cheminement des c\u00e2bles :<\/p>\n<p>VEUILLEZ NOTER:<\/p>\n<p>Le diam\u00e8tre du trou est de 18 mm.<\/p>\n<p>Le diam\u00e8tre ext\u00e9rieur total du tuyau est de 28 mm.<\/p>\n<p>D\u00c9tant donn\u00e9 que le c\u00e2ble d&rsquo;enceinte doit \u00eatre tourn\u00e9 \u00e0 90 degr\u00e9s \u00e0 l&rsquo;int\u00e9rieur du tube, les c\u00e2bles d&rsquo;enceinte d&rsquo;un diam\u00e8tre allant jusqu&rsquo;\u00e0 15 mm devraient pouvoir passer par les trous, en fonction de la flexibilit\u00e9 du c\u00e2ble.<\/p>\n<p>Une fois le c\u00e2ble pass\u00e9 dans le tuyau, des fiches bananes ou des fiches plates doivent y \u00eatre fix\u00e9es.<\/p>\n","protected":false},"excerpt":{"rendered":"<p>\u2713 Design \u00e9l\u00e9gant et excellente qualit\u00e9 de fabrication<br \/>\n\u2713 Grande durabilit\u00e9 et utilisation universelle<br \/>\n\u2713 Comprend des coussinets isolants en gel d&rsquo;Atacama. Con\u00e7u et fabriqu\u00e9 en Grande-Bretagne.<\/p>\n","protected":false},"featured_media":4460,"comment_status":"open","ping_status":"closed","template":"","meta":[],"product_brand":[],"product_cat":[759,765],"product_tag":[],"class_list":{"0":"post-4463","1":"product","2":"type-product","3":"status-publish","4":"has-post-thumbnail","6":"product_cat-atacama-moseco","7":"product_cat-support-denceinte","8":"product_shipping_class-jusqua-20-kg","9":"pa_basisplatte-b-x-t-245-mm-x-280-mm","10":"pa_belastung-pro-staender-10-kg","11":"pa_deckplatte-b-x-t-130-mm-x-170-mm","12":"pa_gesamthoehe-560-mm","13":"pa_holzfarbe-bambou-fonce","14":"pa_material-farbe-basisplatte-bambou-fonce","15":"pa_material-farbe-staender-noir-mat","16":"tm-has-options","18":"first","19":"instock","20":"taxable","21":"shipping-taxable","22":"purchasable","23":"product-type-simple"},"_links":{"self":[{"href":"https:\/\/pulsschlag24.com\/fr\/wp-json\/wp\/v2\/product\/4463","targetHints":{"allow":["GET"]}}],"collection":[{"href":"https:\/\/pulsschlag24.com\/fr\/wp-json\/wp\/v2\/product"}],"about":[{"href":"https:\/\/pulsschlag24.com\/fr\/wp-json\/wp\/v2\/types\/product"}],"replies":[{"embeddable":true,"href":"https:\/\/pulsschlag24.com\/fr\/wp-json\/wp\/v2\/comments?post=4463"}],"wp:featuredmedia":[{"embeddable":true,"href":"https:\/\/pulsschlag24.com\/fr\/wp-json\/wp\/v2\/media\/4460"}],"wp:attachment":[{"href":"https:\/\/pulsschlag24.com\/fr\/wp-json\/wp\/v2\/media?parent=4463"}],"wp:term":[{"taxonomy":"product_brand","embeddable":true,"href":"https:\/\/pulsschlag24.com\/fr\/wp-json\/wp\/v2\/product_brand?post=4463"},{"taxonomy":"product_cat","embeddable":true,"href":"https:\/\/pulsschlag24.com\/fr\/wp-json\/wp\/v2\/product_cat?post=4463"},{"taxonomy":"product_tag","embeddable":true,"href":"https:\/\/pulsschlag24.com\/fr\/wp-json\/wp\/v2\/product_tag?post=4463"}],"curies":[{"name":"wp","href":"https:\/\/api.w.org\/{rel}","templated":true}]}}