{"id":4441,"date":"2025-05-06T09:54:49","date_gmt":"2025-05-06T07:54:49","guid":{"rendered":"https:\/\/pulsschlag24.com\/produkt\/atacama-moseco-7-pied-denceinte-715-mm-noir-et-base-en-bambou-clair\/"},"modified":"2025-05-06T09:54:49","modified_gmt":"2025-05-06T07:54:49","slug":"atacama-moseco-7-pied-denceinte-715-mm-noir-et-base-en-bambou-clair","status":"publish","type":"product","link":"https:\/\/pulsschlag24.com\/fr\/produkt\/atacama-moseco-7-pied-denceinte-715-mm-noir-et-base-en-bambou-clair\/","title":{"rendered":"Atacama Moseco 7 \u2013 Pied d&rsquo;enceinte &#8211; 715 mm \u2013 Noir et base en bambou clair"},"content":{"rendered":"<p>Ces supports d&rsquo;enceintes haut de gamme d&rsquo;Atacama ont \u00e9t\u00e9 con\u00e7us et fabriqu\u00e9s sp\u00e9cifiquement pour les audiophiles les plus exigeants.<br \/>D&rsquo;une stabilit\u00e9 exceptionnelle, ils minimisent la transmission des vibrations des enceintes.<br \/>Avec une hauteur de plus de 70 centim\u00e8tres, ils garantissent un positionnement optimal des enceintes.<br \/>Les c\u00e2bles peuvent \u00eatre achemin\u00e9s par la colonne arri\u00e8re.<br \/>Moseco a \u00e9t\u00e9 \u00e9lu \u00ab Meilleur support d&rsquo;enceintes 2014 et 2015 \u00bb par les magazines WHAT HIFI? SOUND et VISION.<br \/>Les supports d&rsquo;enceintes Moseco allient les atouts esth\u00e9tiques et sonores du bambou \u00e0 l&rsquo;adaptabilit\u00e9, la robustesse et la stabilit\u00e9 des doubles tiges en acier au carbone. Ces tiges se composent d&rsquo;une colonne avant de 50 mm et d&rsquo;une colonne arri\u00e8re de 28 mm, cette derni\u00e8re permettant une gestion optimale des c\u00e2bles.<br \/>Les supports d&rsquo;enceintes Moseco sont non seulement esth\u00e9tiques, mais ils s&rsquo;harmonisent aussi parfaitement avec la gamme prim\u00e9e de supports HiFi Rack d&rsquo;Atacama (Eris, Elite, Evoque Design Edition et Elara), tant par leurs couleurs que par leur style. Ils conviennent parfaitement \u00e0 la plupart des enceintes de biblioth\u00e8que de petite et moyenne taille.<br \/>Pour ceux qui souhaitent optimiser les performances de leurs enceintes, les pieds Moseco peuvent \u00eatre \u00e9quip\u00e9s d&rsquo;un mat\u00e9riau amortissant dans la colonne avant (un seau d&rsquo;Atabite SMD-Z7.5HD est id\u00e9al pour une paire de pieds Moseco). Le kit de base lest\u00e9e Atacama (en option) permet \u00e9galement d&rsquo;ajouter du poids et de la stabilit\u00e9 si n\u00e9cessaire.<br \/>Tous les pieds Moseco sont fournis avec des pointes de d\u00e9couplage M6 r\u00e9glables et des mini-patins en gel \u00e0 fixer sur la plaque sup\u00e9rieure pour prot\u00e9ger la base de vos enceintes.<br \/>La couleur standard est le noir mat et les plaques de base sont fournies de s\u00e9rie en bambou clair. Les pieds d&rsquo;enceintes Moseco sont fabriqu\u00e9s au Royaume-Uni.<br \/>Le bambou \u00e9tant un produit naturel, de l\u00e9g\u00e8res variations de couleur peuvent appara\u00eetre entre les panneaux. Les couleurs peuvent \u00e9voluer avec le temps, notamment si les pieds sont expos\u00e9s directement au soleil. Ces l\u00e9g\u00e8res variations de couleur peuvent \u00e9galement survenir si vous associez une paire de pieds d&rsquo;enceintes Moseco \u00e0 un autre produit Atacama en bambou. Atacama s&rsquo;approvisionne exclusivement en bambou issu de for\u00eats g\u00e9r\u00e9es durablement.      <\/p>\n","protected":false},"excerpt":{"rendered":"<p>\u2713 Design \u00e9l\u00e9gant et excellente qualit\u00e9 de fabrication<br \/>\n\u2713 Grande durabilit\u00e9 et utilisation universelle<br \/>\n\u2713 Comprend des coussinets isolants en gel d&rsquo;Atacama. Con\u00e7u et fabriqu\u00e9 en Grande-Bretagne.<\/p>\n","protected":false},"featured_media":4442,"comment_status":"open","ping_status":"closed","template":"","meta":[],"product_brand":[],"product_cat":[759,765],"product_tag":[],"class_list":{"0":"post-4441","1":"product","2":"type-product","3":"status-publish","4":"has-post-thumbnail","6":"product_cat-atacama-moseco","7":"product_cat-support-denceinte","8":"product_shipping_class-jusqua-20-kg","9":"pa_basisplatte-b-x-t-240-mm-x-280-mm","10":"pa_belastung-pro-staender-75-kg","11":"pa_deckplatte-b-x-t-130-mm-x-170-mm","12":"pa_gesamthoehe-715-mm","13":"pa_holzfarbe-bambou-clair","14":"pa_material-farbe-basisplatte-bambou-clair","15":"pa_material-farbe-staender-noir-mat","16":"tm-has-options","18":"first","19":"outofstock","20":"taxable","21":"shipping-taxable","22":"purchasable","23":"product-type-simple"},"_links":{"self":[{"href":"https:\/\/pulsschlag24.com\/fr\/wp-json\/wp\/v2\/product\/4441","targetHints":{"allow":["GET"]}}],"collection":[{"href":"https:\/\/pulsschlag24.com\/fr\/wp-json\/wp\/v2\/product"}],"about":[{"href":"https:\/\/pulsschlag24.com\/fr\/wp-json\/wp\/v2\/types\/product"}],"replies":[{"embeddable":true,"href":"https:\/\/pulsschlag24.com\/fr\/wp-json\/wp\/v2\/comments?post=4441"}],"wp:featuredmedia":[{"embeddable":true,"href":"https:\/\/pulsschlag24.com\/fr\/wp-json\/wp\/v2\/media\/4442"}],"wp:attachment":[{"href":"https:\/\/pulsschlag24.com\/fr\/wp-json\/wp\/v2\/media?parent=4441"}],"wp:term":[{"taxonomy":"product_brand","embeddable":true,"href":"https:\/\/pulsschlag24.com\/fr\/wp-json\/wp\/v2\/product_brand?post=4441"},{"taxonomy":"product_cat","embeddable":true,"href":"https:\/\/pulsschlag24.com\/fr\/wp-json\/wp\/v2\/product_cat?post=4441"},{"taxonomy":"product_tag","embeddable":true,"href":"https:\/\/pulsschlag24.com\/fr\/wp-json\/wp\/v2\/product_tag?post=4441"}],"curies":[{"name":"wp","href":"https:\/\/api.w.org\/{rel}","templated":true}]}}