{"id":4405,"date":"2025-05-27T14:00:36","date_gmt":"2025-05-27T12:00:36","guid":{"rendered":"https:\/\/pulsschlag24.com\/produkt\/pied-denceinte-atacama-nexxus-600-essential-620-mm-blanc\/"},"modified":"2025-12-15T13:43:35","modified_gmt":"2025-12-15T12:43:35","slug":"pied-denceinte-atacama-nexxus-600-essential-620-mm-blanc","status":"publish","type":"product","link":"https:\/\/pulsschlag24.com\/fr\/produkt\/pied-denceinte-atacama-nexxus-600-essential-620-mm-blanc\/","title":{"rendered":"Atacama NeXXus 600 Essential \u2013 Pied d&rsquo;enceinte &#8211; 620 mm \u2013 Blanc"},"content":{"rendered":"<p>S\u00e9rie NeXXus \u2013 Supports d&rsquo;enceintes abordables et \u00e9volutifs<br \/>\nAtacama pr\u00e9sente les supports d&rsquo;enceintes prim\u00e9s NeXXus 600 Essential en blanc \u2013 le premier syst\u00e8me de montage d&rsquo;enceintes modulaire, \u00e9volutif et extensible d&rsquo;Atacama.<br \/>\nLe NeXXus 600 Essential est le premier support d&rsquo;enceinte de la nouvelle s\u00e9rie NeXXus et apporte valeur et adaptabilit\u00e9 \u00e0 la conception des supports d&rsquo;enceintes.<br \/>\nChaque support est fourni par paires et est livr\u00e9 de s\u00e9rie avec deux tubes de support de 50,8 mm (2&Prime;) de large et une nouvelle plaque de base d\u00e9coup\u00e9e au laser de 5 mm d&rsquo;\u00e9paisseur dans un design en \u00ab\u00a0bouclier\u00a0\u00bb, ainsi qu&rsquo;une plaque sup\u00e9rieure de 130 mm x 170 mm.<br \/>\nSi cette plaque sup\u00e9rieure n&rsquo;est pas compatible avec vos enceintes, vous pouvez acheter s\u00e9par\u00e9ment des plaques sup\u00e9rieures de dimensions diff\u00e9rentes. Veuillez nous contacter pour plus d&rsquo;informations.<br \/>Avec une capacit\u00e9 de charge deux fois sup\u00e9rieure \u00e0 celle du support Nexus (son pr\u00e9d\u00e9cesseur), d\u00e9sormais indisponible, le NeXXus 600 Essential peut supporter des enceintes pesant jusqu&rsquo;\u00e0 15 kg chacune, une am\u00e9lioration significative par rapport \u00e0 la g\u00e9n\u00e9ration pr\u00e9c\u00e9dente (capacit\u00e9 de charge de 8,4 kg). Sa base plus large assure \u00e9galement une fixation s\u00fbre et stable des enceintes plus lourdes.<br \/>\nL&rsquo;interface \u00e0 pointes a \u00e9galement \u00e9t\u00e9 mise \u00e0 jour sur NeXXus avec des pointes BZP de 8 mm.<br \/>\nLes supports d&rsquo;enceintes de la s\u00e9rie Atacama NeXXus sont fabriqu\u00e9s en Grande-Bretagne.<br \/>\nInformations compl\u00e9mentaires<br \/>Atacama recommande l&rsquo;utilisation d&rsquo;Atabites comme mat\u00e9riau de remplissage pour obtenir des performances acoustiques optimales.<br \/>\nPour ceux qui souhaitent am\u00e9liorer encore les performances de leurs haut-parleurs, les supports NeXXus peuvent \u00eatre \u00e9quip\u00e9s de sections de colonne remplies de mat\u00e9riau absorbant le son (Atabites SMD-Z 7HD).<br \/>\nLa capacit\u00e9 maximale des Atabite est de 16,8 kg par paire (2 seaux de 7 kg suffisent pour la plupart des applications).<br \/>\nLe kit de plaque de base Atacama (en option) peut \u00e9galement \u00eatre utilis\u00e9 pour ajouter du poids et de la stabilit\u00e9 si n\u00e9cessaire.<\/p>\n","protected":false},"excerpt":{"rendered":"<p>\u2713 Design \u00e9l\u00e9gant et excellente qualit\u00e9 de fabrication<br \/>\n\u2713 Grande durabilit\u00e9 et utilisation universelle<br \/>\n\u2713 Comprend des coussinets isolants en gel d&rsquo;Atacama. Con\u00e7u et fabriqu\u00e9 en Grande-Bretagne.<\/p>\n","protected":false},"featured_media":4406,"comment_status":"open","ping_status":"closed","template":"","meta":[],"product_brand":[],"product_cat":[760,765],"product_tag":[],"class_list":{"0":"post-4405","1":"product","2":"type-product","3":"status-publish","4":"has-post-thumbnail","6":"product_cat-atacama-nexxus","7":"product_cat-support-denceinte","8":"product_shipping_class-jusqua-20-kg","9":"pa_basisplatte-b-x-t-260-mm-x-365-mm","10":"pa_belastung-pro-staender-15-kg","11":"pa_deckplatte-b-x-t-130-mm-x-170-mm","12":"pa_gesamthoehe-620-mm","13":"pa_material-farbe-basisplatte-blanc","14":"pa_material-farbe-staender-blanc","15":"tm-has-options","17":"first","18":"outofstock","19":"taxable","20":"shipping-taxable","21":"purchasable","22":"product-type-simple"},"_links":{"self":[{"href":"https:\/\/pulsschlag24.com\/fr\/wp-json\/wp\/v2\/product\/4405","targetHints":{"allow":["GET"]}}],"collection":[{"href":"https:\/\/pulsschlag24.com\/fr\/wp-json\/wp\/v2\/product"}],"about":[{"href":"https:\/\/pulsschlag24.com\/fr\/wp-json\/wp\/v2\/types\/product"}],"replies":[{"embeddable":true,"href":"https:\/\/pulsschlag24.com\/fr\/wp-json\/wp\/v2\/comments?post=4405"}],"wp:featuredmedia":[{"embeddable":true,"href":"https:\/\/pulsschlag24.com\/fr\/wp-json\/wp\/v2\/media\/4406"}],"wp:attachment":[{"href":"https:\/\/pulsschlag24.com\/fr\/wp-json\/wp\/v2\/media?parent=4405"}],"wp:term":[{"taxonomy":"product_brand","embeddable":true,"href":"https:\/\/pulsschlag24.com\/fr\/wp-json\/wp\/v2\/product_brand?post=4405"},{"taxonomy":"product_cat","embeddable":true,"href":"https:\/\/pulsschlag24.com\/fr\/wp-json\/wp\/v2\/product_cat?post=4405"},{"taxonomy":"product_tag","embeddable":true,"href":"https:\/\/pulsschlag24.com\/fr\/wp-json\/wp\/v2\/product_tag?post=4405"}],"curies":[{"name":"wp","href":"https:\/\/api.w.org\/{rel}","templated":true}]}}