{"id":4390,"date":"2025-09-16T14:29:10","date_gmt":"2025-09-16T12:29:10","guid":{"rendered":"https:\/\/pulsschlag24.com\/produkt\/exclusivite-europeenne-pied-denceinte-atacama-apollo-cyclone-7-xl-715-mm-noir-et-plaque-de-base-en-acajou-sapelli\/"},"modified":"2025-12-15T13:37:42","modified_gmt":"2025-12-15T12:37:42","slug":"exclusivite-europeenne-pied-denceinte-atacama-apollo-cyclone-7-xl-715-mm-noir-et-plaque-de-base-en-acajou-sapelli","status":"publish","type":"product","link":"https:\/\/pulsschlag24.com\/fr\/produkt\/exclusivite-europeenne-pied-denceinte-atacama-apollo-cyclone-7-xl-715-mm-noir-et-plaque-de-base-en-acajou-sapelli\/","title":{"rendered":"\u00ab Exclusivit\u00e9 europ\u00e9enne \u00bb : Atacama Apollo Cyclone 7 XL \u2013 Pied d\u2019enceinte &#8211; 715 mm \u2013 Noir et plaque de base en acajou sapelli"},"content":{"rendered":"<p>\u00ab Exclusivit\u00e9 europ\u00e9enne \u00bb<\/p>\n<p>&nbsp;<\/p>\n<p>Am\u00e9liorez votre exp\u00e9rience sonore<\/p>\n<p>Les supports d&rsquo;enceintes Apollo Cyclone XL offrent une solution \u00e9l\u00e9gante et fonctionnelle pour votre syst\u00e8me hi-fi. Choisissez parmi trois hauteurs populaires pour positionner parfaitement vos enceintes et obtenir une qualit\u00e9 sonore optimale. <\/p>\n<p>R\u00e9glage simplifi\u00e9<\/p>\n<p>Outre les platines sup\u00e9rieures standard, des kits de platines sup\u00e9rieures optionnels sont disponibles s\u00e9par\u00e9ment pour une int\u00e9gration parfaite des pieds \u00e0 vos enceintes. Chaque base en acajou sapelli massif est \u00e9quip\u00e9e de quatre pointes M8 qui isolent efficacement les pieds d&rsquo;enceinte du sol et minimisent les vibrations. <\/p>\n<p>Optimisez votre son<\/p>\n<p>Pour une personnalisation accrue, la colonne avant peut \u00eatre remplie d&rsquo;Atabites afin d&rsquo;adapter les supports d&rsquo;enceintes \u00e0 vos enceintes et \u00e0 l&rsquo;acoustique de votre pi\u00e8ce. Une bo\u00eete de 7 kg d&rsquo;Atabites suffit pour le Cyclone 7 XL (la charge maximale admissible de ce mod\u00e8le est d&rsquo;environ 9,9 kg). La colonne arri\u00e8re est dot\u00e9e de larges ouvertures pour le passage des c\u00e2bles, permettant d&rsquo;utiliser des c\u00e2bles d&rsquo;enceintes de haute qualit\u00e9 ou un c\u00e2ble d&rsquo;alimentation IEC standard, pour une installation propre et soign\u00e9e.  <\/p>\n<p>Conception compl\u00e9mentaire<\/p>\n<p>Les pieds d&rsquo;enceintes Apollo Cyclone XL s&rsquo;accordent parfaitement avec le meuble Hi-Fi Apollo Storm 6 XL, cr\u00e9ant ainsi un syst\u00e8me audio harmonieux et esth\u00e9tique. Leurs tubes verticaux excentr\u00e9s offrent une grande flexibilit\u00e9 de positionnement des enceintes et permettent de choisir la distance optimale par rapport au mur. <\/p>\n<p>Mat\u00e9riaux et fabrication de haute qualit\u00e9<\/p>\n<p>Fabriqu\u00e9s en Grande-Bretagne \u00e0 partir d&rsquo;acajou sapelli de haute qualit\u00e9, ces pieds d&rsquo;enceintes sont con\u00e7us pour durer. Les variations naturelles de couleur, de grain et de n\u0153uds font partie int\u00e9grante de la beaut\u00e9 unique du bois et ne constituent en aucun cas des d\u00e9fauts. Chaque paire de pieds d&rsquo;enceintes Cyclone XL est une pi\u00e8ce unique !  <\/p>\n<p>Remarque : Lors de l&rsquo;utilisation des supports sur des sols sensibles, deux paquets de chaussures \u00e0 pointes HD-S vendues s\u00e9par\u00e9ment peuvent \u00eatre n\u00e9cessaires.<\/p>\n<p>D\u00e9couvrez les supports d&rsquo;enceintes Apollo Cyclone XL et am\u00e9liorez votre exp\u00e9rience sonore d\u00e8s aujourd&rsquo;hui.<\/p>\n","protected":false},"excerpt":{"rendered":"<p>\u2713 Design \u00e9l\u00e9gant et excellente qualit\u00e9 de fabrication<br \/>\u2713 Grande durabilit\u00e9 et utilisation universelle<br \/>\u2713 Comprend des coussinets isolants en gel con\u00e7us et fabriqu\u00e9s par Atacama au Royaume-Uni<\/p>\n","protected":false},"featured_media":4384,"comment_status":"open","ping_status":"closed","template":"","meta":[],"product_brand":[],"product_cat":[757,765],"product_tag":[],"class_list":{"0":"post-4390","1":"product","2":"type-product","3":"status-publish","4":"has-post-thumbnail","6":"product_cat-atacama-apollo-cyclone","7":"product_cat-support-denceinte","8":"product_shipping_class-jusqua-20-kg","9":"pa_basisplatte-b-x-t-280-mm-x-350-mm","10":"pa_belastung-pro-staender-20-kg","11":"pa_deckplatte-b-x-t-130-mm-x-170-mm","12":"pa_gesamthoehe-715-mm","13":"pa_holzfarbe-acajou-sapelli","14":"pa_material-farbe-basisplatte-acajou-sapelli","15":"pa_material-farbe-staender-noir-mat","16":"tm-has-options","18":"first","19":"instock","20":"taxable","21":"shipping-taxable","22":"purchasable","23":"product-type-simple"},"_links":{"self":[{"href":"https:\/\/pulsschlag24.com\/fr\/wp-json\/wp\/v2\/product\/4390","targetHints":{"allow":["GET"]}}],"collection":[{"href":"https:\/\/pulsschlag24.com\/fr\/wp-json\/wp\/v2\/product"}],"about":[{"href":"https:\/\/pulsschlag24.com\/fr\/wp-json\/wp\/v2\/types\/product"}],"replies":[{"embeddable":true,"href":"https:\/\/pulsschlag24.com\/fr\/wp-json\/wp\/v2\/comments?post=4390"}],"wp:featuredmedia":[{"embeddable":true,"href":"https:\/\/pulsschlag24.com\/fr\/wp-json\/wp\/v2\/media\/4384"}],"wp:attachment":[{"href":"https:\/\/pulsschlag24.com\/fr\/wp-json\/wp\/v2\/media?parent=4390"}],"wp:term":[{"taxonomy":"product_brand","embeddable":true,"href":"https:\/\/pulsschlag24.com\/fr\/wp-json\/wp\/v2\/product_brand?post=4390"},{"taxonomy":"product_cat","embeddable":true,"href":"https:\/\/pulsschlag24.com\/fr\/wp-json\/wp\/v2\/product_cat?post=4390"},{"taxonomy":"product_tag","embeddable":true,"href":"https:\/\/pulsschlag24.com\/fr\/wp-json\/wp\/v2\/product_tag?post=4390"}],"curies":[{"name":"wp","href":"https:\/\/api.w.org\/{rel}","templated":true}]}}