{"id":4368,"date":"2025-05-06T09:54:49","date_gmt":"2025-05-06T07:54:49","guid":{"rendered":"https:\/\/pulsschlag24.com\/produkt\/pied-denceinte-atacama-apollo-cyclone-7-chene-clair\/"},"modified":"2025-12-15T13:21:10","modified_gmt":"2025-12-15T12:21:10","slug":"pied-denceinte-atacama-apollo-cyclone-7-chene-clair","status":"publish","type":"product","link":"https:\/\/pulsschlag24.com\/fr\/produkt\/pied-denceinte-atacama-apollo-cyclone-7-chene-clair\/","title":{"rendered":"Atacama Apollo \u2013 Cyclone 7 \u2013 Pied d&rsquo;enceinte &#8211; Ch\u00eane clair"},"content":{"rendered":"<p>APOLLO &#8211; CYCLONE 7 fait partie de la s\u00e9rie Atacama Cyclone.<\/p>\n<p>Ces supports d&rsquo;enceintes haut de gamme ont \u00e9t\u00e9 sp\u00e9cialement con\u00e7us et fabriqu\u00e9s pour les audiophiles exigeants.<\/p>\n<p>Les supports sont exceptionnellement stables et minimisent la transmission des vibrations du bo\u00eetier.<\/p>\n<p>Avec une hauteur de plus de 70 centim\u00e8tres, un positionnement optimal des haut-parleurs est garanti.<\/p>\n<p>Les supports d&rsquo;enceintes de la toute nouvelle s\u00e9rie Cyclone sont dot\u00e9s d&rsquo;une plaque de base en ch\u00eane massif, qui contribue \u00e0 minimiser les r\u00e9sonances m\u00e9caniques, et d&rsquo;un tube central de 50,8 mm de diam\u00e8tre qui peut \u00eatre lest\u00e9 pour supporter les enceintes utilis\u00e9es.<\/p>\n<p>La dimension standard du plateau sup\u00e9rieur est de 150 mm de large et 200 mm de profondeur.<\/p>\n<p>Des pointes BZP de 6 mm et des \u00e9crous de blocage sont fournis pour les platines afin d&rsquo;isoler et de niveler les supports. Des patins en microgel sont inclus pour la platine sup\u00e9rieure afin d&#8217;emp\u00eacher les enceintes de glisser et d&rsquo;att\u00e9nuer les r\u00e9sonances du coffret. <\/p>\n<p>Ces supports d&rsquo;enceintes en ch\u00eane, fonctionnels, r\u00e9glables et esth\u00e9tiques, offrent un excellent rapport qualit\u00e9-prix et contribuent grandement aux performances de vos enceintes de biblioth\u00e8que.<\/p>\n<p>Tous les pieds d&rsquo;enceintes Apollo Cyclone sont fournis par paires et sont fabriqu\u00e9s au Royaume-Uni.<\/p>\n<p>Le ch\u00eane \u00e9tant un mat\u00e9riau naturel, de l\u00e9g\u00e8res variations de couleur entre les platines de base sont possibles. Les couleurs \u00e9volueront avec le temps, notamment si les supports sont expos\u00e9s directement au soleil. Ces l\u00e9g\u00e8res variations peuvent \u00e9galement survenir si vous associez des supports d&rsquo;enceintes Cyclone \u00e0 un autre produit Atacama en ch\u00eane. Atacama s&rsquo;approvisionne exclusivement en ch\u00eane issu de for\u00eats g\u00e9r\u00e9es durablement.  <\/p>\n<p>Trois hauteurs sont disponibles : Cyclone 5 (515 mm), Cyclone 6 (615 mm) et Cyclone 7 (715 mm).<\/p>\n","protected":false},"excerpt":{"rendered":"<p>\u2713 Design \u00e9l\u00e9gant et excellente qualit\u00e9 de fabrication<br \/>\n\u2713 Grande durabilit\u00e9 et utilisation universelle<br \/>\n\u2713 Comprend des coussinets isolants en gel d&rsquo;Atacama. Con\u00e7u et fabriqu\u00e9 en Grande-Bretagne.<\/p>\n","protected":false},"featured_media":4369,"comment_status":"open","ping_status":"closed","template":"","meta":[],"product_brand":[],"product_cat":[757,765],"product_tag":[],"class_list":{"0":"post-4368","1":"product","2":"type-product","3":"status-publish","4":"has-post-thumbnail","6":"product_cat-atacama-apollo-cyclone","7":"product_cat-support-denceinte","8":"product_shipping_class-jusqua-20-kg","9":"pa_basisplatte-b-x-t-240-mm-x-300-mm","10":"pa_belastung-pro-staender-8-kg","11":"pa_deckplatte-b-x-t-150-mm-x-200-mm","12":"pa_gesamthoehe-715-mm","13":"pa_holzfarbe-chene-clair","14":"pa_material-farbe-basisplatte-chene-clair","15":"pa_material-farbe-staender-noir-mat","16":"tm-has-options","18":"first","19":"instock","20":"taxable","21":"shipping-taxable","22":"purchasable","23":"product-type-simple"},"_links":{"self":[{"href":"https:\/\/pulsschlag24.com\/fr\/wp-json\/wp\/v2\/product\/4368","targetHints":{"allow":["GET"]}}],"collection":[{"href":"https:\/\/pulsschlag24.com\/fr\/wp-json\/wp\/v2\/product"}],"about":[{"href":"https:\/\/pulsschlag24.com\/fr\/wp-json\/wp\/v2\/types\/product"}],"replies":[{"embeddable":true,"href":"https:\/\/pulsschlag24.com\/fr\/wp-json\/wp\/v2\/comments?post=4368"}],"wp:featuredmedia":[{"embeddable":true,"href":"https:\/\/pulsschlag24.com\/fr\/wp-json\/wp\/v2\/media\/4369"}],"wp:attachment":[{"href":"https:\/\/pulsschlag24.com\/fr\/wp-json\/wp\/v2\/media?parent=4368"}],"wp:term":[{"taxonomy":"product_brand","embeddable":true,"href":"https:\/\/pulsschlag24.com\/fr\/wp-json\/wp\/v2\/product_brand?post=4368"},{"taxonomy":"product_cat","embeddable":true,"href":"https:\/\/pulsschlag24.com\/fr\/wp-json\/wp\/v2\/product_cat?post=4368"},{"taxonomy":"product_tag","embeddable":true,"href":"https:\/\/pulsschlag24.com\/fr\/wp-json\/wp\/v2\/product_tag?post=4368"}],"curies":[{"name":"wp","href":"https:\/\/api.w.org\/{rel}","templated":true}]}}