{"id":4337,"date":"2025-05-05T14:36:11","date_gmt":"2025-05-05T12:36:11","guid":{"rendered":"https:\/\/pulsschlag24.com\/produkt\/atacama-evoque-eco-44-16-design-edition-meuble-hi-fi-145-mm-bambou-leger\/"},"modified":"2025-05-05T14:36:11","modified_gmt":"2025-05-05T12:36:11","slug":"atacama-evoque-eco-44-16-design-edition-meuble-hi-fi-145-mm-bambou-leger","status":"publish","type":"product","link":"https:\/\/pulsschlag24.com\/fr\/produkt\/atacama-evoque-eco-44-16-design-edition-meuble-hi-fi-145-mm-bambou-leger\/","title":{"rendered":"Atacama EVOQUE ECO 44\/16 Design Edition \u2013 Meuble Hi-Fi \u2013 145 mm \u2013 bambou l\u00e9ger"},"content":{"rendered":"<p>La gamme EVOQUE ECO 44\/16 &#8211; DESIGN EDITION est techniquement identique \u00e0 l&rsquo;EVOQUE ECO 60-40 standard, maintes fois prim\u00e9. Cependant, ce rack d&rsquo;exception, fabriqu\u00e9 artisanalement, arbore une teinte luxueuse et unique, introuvable sur aucun autre rack Atacama. Appliqu\u00e9e \u00e0 la main en plusieurs couches, cette finition sp\u00e9ciale est contr\u00f4l\u00e9e \u00e0 chaque \u00e9tape de la production par les meilleurs artisans d&rsquo;Atacama afin de garantir une qualit\u00e9 optimale pour chaque module.<x id=\"gid_1\"><\/x>Les trois kits de pieds disponibles (base, hauteur 145 mm et 195 mm) sont propos\u00e9s en finition \u00ab Noir Satin\u00e9 \u00bb (non disponible sur les mod\u00e8les EVOQUE ECO standard). L&rsquo;\u00c9DITION DESIGN EDITION s&rsquo;int\u00e8gre ainsi parfaitement \u00e0 la vaste gamme de pieds d&rsquo;enceintes Atacama.<x id=\"gid_2\"><\/x>Toute combinaison de modules d&rsquo;\u00e9tag\u00e8res peut \u00eatre utilis\u00e9e et plac\u00e9e sur un module de base jusqu&rsquo;\u00e0 une hauteur maximale de 1255 mm.<x id=\"gid_3\"><\/x>Tous les mod\u00e8les EVOQUE ECO sont \u00e9quip\u00e9s d&rsquo;une mise \u00e0 la terre m\u00e9canique assur\u00e9e par des boulons en acier au carbone de 8 mm traversant chaque pied et du syst\u00e8me ASIST (Atacama Sonic Isolation System Technology), con\u00e7u pour optimiser l&rsquo;amortissement et \u00e9loigner les r\u00e9sonances haute fr\u00e9quence des \u00e9quipements support\u00e9s.<br \/>Le bois utilis\u00e9 est du bambou massif l\u00e9ger. Les plateaux de l&rsquo;EVOQUE ECO 44\/16 &#8211; DESIGN EDITION sont fabriqu\u00e9s par Atacama au Royaume-Uni.   <\/p>\n","protected":false},"excerpt":{"rendered":"<p>\u2713 Meuble Hi-Fi compatible avec toutes les marques et tous les mod\u00e8les<br \/>\n\u2713 Grande capacit\u00e9 de charge et compatibilit\u00e9 universelle<br \/>\n\u2713 Possibilit\u00e9 de combiner diff\u00e9rents modules d&rsquo;\u00e9tag\u00e8res<br \/>\n\u2713 Finitions et mat\u00e9riaux de qualit\u00e9 sup\u00e9rieure, design \u00e9pur\u00e9<\/p>\n","protected":false},"featured_media":4139,"comment_status":"open","ping_status":"closed","template":"","meta":[],"product_brand":[],"product_cat":[753,756],"product_tag":[],"class_list":{"0":"post-4337","1":"product","2":"type-product","3":"status-publish","4":"has-post-thumbnail","6":"product_cat-meubles-hi-fi","7":"product_cat-atacama-evoque-eco","8":"product_shipping_class-jusqua-20-kg","9":"pa_breite-aussen-1120-mm","10":"pa_breite-innen-1020-mm","11":"pa_farbe-der-saeulenmodule-soie-noire","12":"pa_hoehe-innen-innenlagerhoehe-145-mm","13":"pa_holzfarbe-bambou-clair","14":"pa_regalbrettstaerke-bambou-massif-de-27-mm","15":"pa_tiefe-aussen-400-mm","16":"pa_tiefe-innen-300-mm","17":"tm-has-options","19":"first","20":"instock","21":"taxable","22":"shipping-taxable","23":"purchasable","24":"product-type-simple"},"_links":{"self":[{"href":"https:\/\/pulsschlag24.com\/fr\/wp-json\/wp\/v2\/product\/4337","targetHints":{"allow":["GET"]}}],"collection":[{"href":"https:\/\/pulsschlag24.com\/fr\/wp-json\/wp\/v2\/product"}],"about":[{"href":"https:\/\/pulsschlag24.com\/fr\/wp-json\/wp\/v2\/types\/product"}],"replies":[{"embeddable":true,"href":"https:\/\/pulsschlag24.com\/fr\/wp-json\/wp\/v2\/comments?post=4337"}],"wp:featuredmedia":[{"embeddable":true,"href":"https:\/\/pulsschlag24.com\/fr\/wp-json\/wp\/v2\/media\/4139"}],"wp:attachment":[{"href":"https:\/\/pulsschlag24.com\/fr\/wp-json\/wp\/v2\/media?parent=4337"}],"wp:term":[{"taxonomy":"product_brand","embeddable":true,"href":"https:\/\/pulsschlag24.com\/fr\/wp-json\/wp\/v2\/product_brand?post=4337"},{"taxonomy":"product_cat","embeddable":true,"href":"https:\/\/pulsschlag24.com\/fr\/wp-json\/wp\/v2\/product_cat?post=4337"},{"taxonomy":"product_tag","embeddable":true,"href":"https:\/\/pulsschlag24.com\/fr\/wp-json\/wp\/v2\/product_tag?post=4337"}],"curies":[{"name":"wp","href":"https:\/\/api.w.org\/{rel}","templated":true}]}}