{"id":4334,"date":"2025-05-05T14:36:11","date_gmt":"2025-05-05T12:36:11","guid":{"rendered":"https:\/\/pulsschlag24.com\/produkt\/atacama-evoque-eco-24-16-meuble-hi-fi-145-mm-bambou\/"},"modified":"2025-05-05T14:36:11","modified_gmt":"2025-05-05T12:36:11","slug":"atacama-evoque-eco-24-16-meuble-hi-fi-145-mm-bambou","status":"publish","type":"product","link":"https:\/\/pulsschlag24.com\/fr\/produkt\/atacama-evoque-eco-24-16-meuble-hi-fi-145-mm-bambou\/","title":{"rendered":"Atacama EVOQUE ECO 24\/16 \u2013 Meuble Hi-Fi \u2013 145 mm \u2013 Bambou"},"content":{"rendered":"<p>La gamme EVOQUE ECO &#8211; DESIGN EDITION est techniquement identique \u00e0 l&rsquo;EVOQUE ECO 60-40 standard, maintes fois prim\u00e9. Cependant, ce rack d&rsquo;exception, fabriqu\u00e9 artisanalement, arbore une teinte luxueuse et unique, introuvable sur aucun autre rack Atacama. Cette finition sp\u00e9ciale est appliqu\u00e9e \u00e0 la main en plusieurs couches et inspect\u00e9e par les meilleurs artisans d&rsquo;Atacama \u00e0 chaque \u00e9tape de la production afin de garantir une finition optimale pour chaque module.<br \/><!-- -->Tous les kits de pieds disponibles sont propos\u00e9s en finition noire satin\u00e9e (cette finition n&rsquo;est pas disponible sur les mod\u00e8les EVOQUE standard). La DESIGN EDITION s&rsquo;int\u00e8gre ainsi parfaitement \u00e0 la vaste gamme de pieds d&rsquo;enceintes Atacama.<br \/>\nToute combinaison de modules d&rsquo;\u00e9tag\u00e8re peut \u00eatre utilis\u00e9e et plac\u00e9e sur un module de base jusqu&rsquo;\u00e0 une hauteur maximale de 1255 mm.<br \/>\nTous les mod\u00e8les EVOQUE ECO sont \u00e9quip\u00e9s d&rsquo;une mise \u00e0 la terre m\u00e9canique assur\u00e9e par des boulons en acier au carbone de 8 mm traversant chaque pied et du syst\u00e8me ASIST (Atacama Sonic Isolation System Technology), con\u00e7u pour optimiser l&rsquo;amortissement et dissiper les r\u00e9sonances haute fr\u00e9quence des \u00e9quipements support\u00e9s.  <\/p>\n","protected":false},"excerpt":{"rendered":"<p>\u2713 Toutes les combinaisons de modules d&rsquo;\u00e9tag\u00e8res sont possibles<br \/>\n\u2713 Fabrication et mat\u00e9riaux de qualit\u00e9 sup\u00e9rieure<br \/>\n\u2713 Grande capacit\u00e9 de charge et utilisation universelle<\/p>\n","protected":false},"featured_media":4125,"comment_status":"open","ping_status":"closed","template":"","meta":[],"product_brand":[],"product_cat":[753,756,766],"product_tag":[],"class_list":{"0":"post-4334","1":"product","2":"type-product","3":"status-publish","4":"has-post-thumbnail","6":"product_cat-meubles-hi-fi","7":"product_cat-atacama-evoque-eco","8":"product_cat-vente","9":"product_shipping_class-jusqua-10-kg","10":"pa_breite-aussen-600-mm","11":"pa_breite-innen-500-mm","12":"pa_farbe-der-saeulenmodule-soie-noire","13":"pa_hoehe-innen-innenlagerhoehe-145-mm","14":"pa_holzfarbe-bambou","15":"pa_regalbrettstaerke-bambou-massif-de-27-mm","16":"pa_tiefe-aussen-400-mm","17":"pa_tiefe-innen-300-mm","18":"tm-has-options","20":"first","21":"instock","22":"sale","23":"taxable","24":"shipping-taxable","25":"purchasable","26":"product-type-simple"},"_links":{"self":[{"href":"https:\/\/pulsschlag24.com\/fr\/wp-json\/wp\/v2\/product\/4334","targetHints":{"allow":["GET"]}}],"collection":[{"href":"https:\/\/pulsschlag24.com\/fr\/wp-json\/wp\/v2\/product"}],"about":[{"href":"https:\/\/pulsschlag24.com\/fr\/wp-json\/wp\/v2\/types\/product"}],"replies":[{"embeddable":true,"href":"https:\/\/pulsschlag24.com\/fr\/wp-json\/wp\/v2\/comments?post=4334"}],"wp:featuredmedia":[{"embeddable":true,"href":"https:\/\/pulsschlag24.com\/fr\/wp-json\/wp\/v2\/media\/4125"}],"wp:attachment":[{"href":"https:\/\/pulsschlag24.com\/fr\/wp-json\/wp\/v2\/media?parent=4334"}],"wp:term":[{"taxonomy":"product_brand","embeddable":true,"href":"https:\/\/pulsschlag24.com\/fr\/wp-json\/wp\/v2\/product_brand?post=4334"},{"taxonomy":"product_cat","embeddable":true,"href":"https:\/\/pulsschlag24.com\/fr\/wp-json\/wp\/v2\/product_cat?post=4334"},{"taxonomy":"product_tag","embeddable":true,"href":"https:\/\/pulsschlag24.com\/fr\/wp-json\/wp\/v2\/product_tag?post=4334"}],"curies":[{"name":"wp","href":"https:\/\/api.w.org\/{rel}","templated":true}]}}