{"id":4323,"date":"2025-05-05T14:36:05","date_gmt":"2025-05-05T12:36:05","guid":{"rendered":"https:\/\/pulsschlag24.com\/produkt\/atacama-evoque-eco-60-40-se2-meuble-hi-fi-niveau-bas-bambou-clair\/"},"modified":"2026-04-04T10:53:18","modified_gmt":"2026-04-04T08:53:18","slug":"atacama-evoque-eco-60-40-se2-meuble-hi-fi-niveau-bas-bambou-clair","status":"publish","type":"product","link":"https:\/\/pulsschlag24.com\/fr\/produkt\/atacama-evoque-eco-60-40-se2-meuble-hi-fi-niveau-bas-bambou-clair\/","title":{"rendered":"Atacama EVOQUE ECO 60\/40 SE2 \u2013 Meuble Hi-Fi \u2013 Niveau bas \u2013 Bambou clair"},"content":{"rendered":"<p>L&rsquo;EVOQUE ECO 60\/40 SE2 est technologiquement presque identique \u00e0 l&rsquo;EVOQUE ECO 24\/16 &#8211; DESIGN EDITION standard et \u00e0 l&rsquo;EVOQUE ECO 60\/40 SE &#8211; SPECIAL EDITION.<br \/>\nLa nouvelle s\u00e9rie EVOQUE ECO 60\/40 SE2 d&rsquo;Atacama apporte les derni\u00e8res am\u00e9liorations technologiques \u00e0 la gamme prim\u00e9e EVOQUE, offrant des avanc\u00e9es suppl\u00e9mentaires dans les canaux de d\u00e9viation et la conception des composants des jambes par rapport \u00e0 l&rsquo;EVOQUE ECO 24\/16 &#8211; DESIGN EDITION standard et \u00e0 l&rsquo;EVOQUE ECO 60\/40 SE &#8211; SPECIAL EDITION.<br \/>\nL&rsquo;EVOQUE ECO 60\/40 SE2 pr\u00e9sente des caract\u00e9ristiques et avantages suppl\u00e9mentaires, notamment plusieurs am\u00e9liorations par rapport \u00e0 la pr\u00e9c\u00e9dente \u00e9dition sp\u00e9ciale SE :<br \/>Longueurs de pieds optimis\u00e9es m\u00e9caniquement ;<br \/>A.V.R.D.C. (Advanced Vectorized Resonance Deflection Channels) ;<br \/>Embouts de c\u00f4ne d&rsquo;isolation en bronze de pointe ;<br \/>Panneaux en bambou profil\u00e9s sur le bord lat\u00e9ral.<br \/>\nPar ailleurs, l&rsquo;EVOQUE ECO 60\/40 SE2 a d\u00e9j\u00e0 remport\u00e9 le prix suivant : What Hifi Magazine \u00ab Meilleur rack d&rsquo;\u00e9quipement \u00bb 2019.<br \/>\nTous les pieds disponibles pour le socle, en hauteurs de 165 mm, 215 mm et 265 mm, sont propos\u00e9s en finition noir satin\u00e9. Cette \u00e9dition compl\u00e8te la vaste gamme de supports d&rsquo;enceintes Atacama.<br \/>Toute combinaison de modules d&rsquo;\u00e9tag\u00e8res peut \u00eatre utilis\u00e9e et plac\u00e9e sur un socle jusqu&rsquo;\u00e0 une hauteur maximale de 1255 mm.<br \/>La capacit\u00e9 de charge est d&rsquo;environ 30 kg par \u00e9tag\u00e8re.<br \/>L&rsquo;EVOQUE ECO 60\/40 SE2 est fabriqu\u00e9 au Royaume-Uni par Atacama et, du fait de l&rsquo;utilisation exclusive de bambou massif pour sa production, son d\u00e9lai de livraison est l\u00e9g\u00e8rement sup\u00e9rieur \u00e0 celui des meubles audio standards. Bien que nous disposions d&rsquo;un stock suffisant, des retards de livraison peuvent malheureusement survenir. Veuillez en tenir compte lors de votre commande de ce produit d&rsquo;exception.<br \/>Remarque : En raison de son caract\u00e8re exclusif, des d\u00e9lais de livraison sont \u00e0 pr\u00e9voir pour ce produit.   Nous vous prions donc de nous contacter \u00e0 l&rsquo;avance, par t\u00e9l\u00e9phone ou par courriel.<\/p>\n<p>Caract\u00e9ristiques et avantages suppl\u00e9mentaires de l&rsquo;EVOQUE ECO 60\/40 SE2<br \/>Am\u00e9lioration SE2 par rapport \u00e0 la version SE : longueur des pieds optimis\u00e9e par r\u00e9glage m\u00e9canique<br \/>Les pieds sont 5 mm plus longs que ceux de l&rsquo;EVOQUE ECO 60\/40 SE standard, ce qui abaisse encore la fr\u00e9quence de r\u00e9sonance de chaque module.<br \/>Am\u00e9lioration SE2 par rapport \u00e0 la version SE : technologie A.V.R.D.C. (Advanced Vectored Resonance Deflection Channel)<br \/>Chaque plateforme en bambou est dot\u00e9e de la nouvelle technologie A.V.R.D.C. (Advanced Vectored Resonance Deflection Channel). Il s&rsquo;agit d&rsquo;une conception g\u00e9om\u00e9trique tridimensionnelle incurv\u00e9e, int\u00e9gr\u00e9e \u00e0 la face inf\u00e9rieure de chaque module. Ce nouveau motif multi-courbes neutralise l&rsquo;\u00e9nergie harmonique haute fr\u00e9quence en la dirigeant des appareils support\u00e9s vers les composants de mise \u00e0 la terre des pieds. Chaque canal a \u00e9t\u00e9 d\u00e9coup\u00e9 en forme de V, puis incurv\u00e9 afin de diriger un maximum d&rsquo;\u00e9nergie verticalement, le long d&rsquo;un axe horizontal, vers les pieds de l&rsquo;\u00e9tag\u00e8re. Ceci permet d&rsquo;\u00e9viter les r\u00e9sonances et d&rsquo;optimiser les performances de chaque module.<br \/>Am\u00e9lioration SE2 par rapport \u00e0 la version SE : Pointes d&rsquo;isolation coniques en bronze avanc\u00e9<br \/>Comme une grande partie de la r\u00e9sonance est dirig\u00e9e loin du bambou, l&rsquo;interface des pointes a \u00e9t\u00e9 davantage ouverte afin d&rsquo;\u00e9viter la concentration de cette \u00e9nergie et de permettre sa dissipation libre vers le sol. Ces nouvelles pointes sont plus longues et profil\u00e9es pour maximiser le transfert d&rsquo;\u00e9nergie entre chaque module, tout en assurant une isolation ad\u00e9quate. Atacama appelle cela une mise \u00e0 la terre m\u00e9canique.<br \/>Am\u00e9lioration SE2 par rapport \u00e0 la version SE : Panneaux de bambou profil\u00e9s sur les bords lat\u00e9raux<br \/>\nL&rsquo;ajout de bords profil\u00e9s aux deux faces lat\u00e9rales de chaque module en bambou permet d&rsquo;\u00e9viter l&rsquo;\u00e9nergie de r\u00e9sonance sous forme d&rsquo;ondes stationnaires et de la diriger vers les nouveaux canaux CA, am\u00e9liorant ainsi l&rsquo;efficacit\u00e9 de chaque \u00e9tag\u00e8re. Lorsqu&rsquo;une onde se r\u00e9fl\u00e9chit sur le bord, sa phase change. Dans le cas d&rsquo;ondes stationnaires, l&rsquo;onde r\u00e9fl\u00e9chie est l&rsquo;image miroir de l&rsquo;onde originale. Les ondes se combinent alors. Si leurs amplitudes sont de m\u00eame signe (positives ou n\u00e9gatives), elles s&rsquo;additionnent pour former une onde d&rsquo;amplitude sup\u00e9rieure. Ce ph\u00e9nom\u00e8ne est appel\u00e9 interf\u00e9rence constructive. Le contournage des bords permet de l&rsquo;\u00e9viter.            <\/p>\n","protected":false},"excerpt":{"rendered":"<p>\u2713 Combinaisons possibles de modules d&rsquo;\u00e9tag\u00e8res<br \/>\u2713 Finition de qualit\u00e9 sup\u00e9rieure<br \/>\u2713 Grande capacit\u00e9 de charge et utilisation universelle<br \/>\u2713 Panneaux lat\u00e9raux en bambou profil\u00e9<\/p>\n","protected":false},"featured_media":4149,"comment_status":"open","ping_status":"closed","template":"","meta":[],"product_brand":[],"product_cat":[756,766,753],"product_tag":[],"class_list":{"0":"post-4323","1":"product","2":"type-product","3":"status-publish","4":"has-post-thumbnail","6":"product_cat-atacama-evoque-eco","7":"product_cat-vente","8":"product_cat-meubles-hi-fi","9":"product_shipping_class-jusqua-10-kg","10":"pa_breite-aussen-600-mm","11":"pa_breite-innen-500-mm","12":"pa_farbe-der-saeulenmodule-soie-noire","13":"pa_hoehe-innen-innenlagerhoehe-75-mm","14":"pa_holzfarbe-bambou-clair","15":"pa_regalbrettstaerke-bambou-massif-de-27-mm","16":"pa_tiefe-aussen-400-mm","17":"pa_tiefe-innen-300-mm","18":"tm-has-options","20":"first","21":"instock","22":"sale","23":"taxable","24":"shipping-taxable","25":"purchasable","26":"product-type-simple"},"_links":{"self":[{"href":"https:\/\/pulsschlag24.com\/fr\/wp-json\/wp\/v2\/product\/4323","targetHints":{"allow":["GET"]}}],"collection":[{"href":"https:\/\/pulsschlag24.com\/fr\/wp-json\/wp\/v2\/product"}],"about":[{"href":"https:\/\/pulsschlag24.com\/fr\/wp-json\/wp\/v2\/types\/product"}],"replies":[{"embeddable":true,"href":"https:\/\/pulsschlag24.com\/fr\/wp-json\/wp\/v2\/comments?post=4323"}],"wp:featuredmedia":[{"embeddable":true,"href":"https:\/\/pulsschlag24.com\/fr\/wp-json\/wp\/v2\/media\/4149"}],"wp:attachment":[{"href":"https:\/\/pulsschlag24.com\/fr\/wp-json\/wp\/v2\/media?parent=4323"}],"wp:term":[{"taxonomy":"product_brand","embeddable":true,"href":"https:\/\/pulsschlag24.com\/fr\/wp-json\/wp\/v2\/product_brand?post=4323"},{"taxonomy":"product_cat","embeddable":true,"href":"https:\/\/pulsschlag24.com\/fr\/wp-json\/wp\/v2\/product_cat?post=4323"},{"taxonomy":"product_tag","embeddable":true,"href":"https:\/\/pulsschlag24.com\/fr\/wp-json\/wp\/v2\/product_tag?post=4323"}],"curies":[{"name":"wp","href":"https:\/\/api.w.org\/{rel}","templated":true}]}}