{"id":4322,"date":"2025-06-09T14:37:21","date_gmt":"2025-06-09T12:37:21","guid":{"rendered":"https:\/\/pulsschlag24.com\/produkt\/atacama-evoque-eco-60-40-edition-speciale-meuble-hi-fi-etagere-160-mm-bambou-fonce-modele-discontinue\/"},"modified":"2026-03-13T12:18:49","modified_gmt":"2026-03-13T11:18:49","slug":"atacama-evoque-eco-60-40-edition-speciale-meuble-hi-fi-etagere-160-mm-bambou-fonce-modele-discontinue","status":"publish","type":"product","link":"https:\/\/pulsschlag24.com\/fr\/produkt\/atacama-evoque-eco-60-40-edition-speciale-meuble-hi-fi-etagere-160-mm-bambou-fonce-modele-discontinue\/","title":{"rendered":"Atacama EVOQUE ECO 60\/40 \u00c9dition Sp\u00e9ciale \u2013 Meuble Hi-Fi \u2013 \u00c9tag\u00e8re 160 mm \u2013 Bambou fonc\u00e9 \u2013 Mod\u00e8le discontinu\u00e9"},"content":{"rendered":"<p>La s\u00e9rie EVOQUE ECO 60\/40 SE &#8211; \u00c9DITION SP\u00c9CIALE est technologiquement quasiment identique \u00e0 l&rsquo;EVOQUE ECO 24\/16 &#8211; \u00c9DITION DESIGN standard.<br \/>\nL&rsquo;EVOQUE ECO \u00c9dition Sp\u00e9ciale, not\u00e9e 5 \u00e9toiles, int\u00e8gre des joints d&rsquo;amortissement ASIST, une mise \u00e0 la terre m\u00e9canique et des composants d&rsquo;isolation modulaires issus des mod\u00e8les haut de gamme, de s\u00e9rie sur tous les produits Evoque. Ces caract\u00e9ristiques sont compl\u00e9t\u00e9es par les derni\u00e8res innovations d&rsquo;Atacama en mati\u00e8re de support Hi-Fi, telles que des canaux de d\u00e9flexion de r\u00e9sonance vectoris\u00e9e, des contrepoids d&rsquo;accord pour les pieds, des longueurs de colonnes \u00e0 r\u00e9glage m\u00e9canique et des pointes coniques en bronze pour une isolation optimale \u2013 le tout con\u00e7u pour offrir les meilleures performances acoustiques possibles. Ce rack Hi-Fi a \u00e9galement re\u00e7u le prestigieux prix du \u00ab Meilleur support d&rsquo;\u00e9quipement 2015 \u00bb d\u00e9cern\u00e9 par les magazines de r\u00e9f\u00e9rence What Hi-Fi? Sound et Vision.<br \/>\nCe mod\u00e8le combine les derni\u00e8res innovations d&rsquo;Atacama en mati\u00e8re de supports HiFi, telles que les canaux de d\u00e9flexion de r\u00e9sonance vectoris\u00e9s, les contrepoids d&rsquo;ajustement pour les pieds, la longueur des colonnes \u00e0 r\u00e9glage m\u00e9canique et les pointes coniques en bronze pour une isolation optimale. Toutes les longueurs de pieds disponibles (160 mm, 210 mm et 260 mm) sont propos\u00e9es en finition noir satin\u00e9. Ainsi, cette \u00c9DITION SP\u00c9CIALE s&rsquo;int\u00e8gre parfaitement \u00e0 la vaste gamme de pieds d&rsquo;enceintes Atacama.<br \/>\nToute combinaison de modules d&rsquo;\u00e9tag\u00e8res peut \u00eatre utilis\u00e9e et plac\u00e9e sur un module de base jusqu&rsquo;\u00e0 une hauteur maximale de 1255 mm.<br \/>\nLa capacit\u00e9 de charge est de 30 kg par niveau, en fonction des besoins totaux de stockage.<br \/>\nTous les mod\u00e8les EVOQUE ECO sont dot\u00e9s d&rsquo;une mise \u00e0 la terre m\u00e9canique via des boulons en acier au carbone de 8 mm traversant chaque jambe et de la technologie ASIST (Atacama Sonic Isolation System Technology), con\u00e7ue pour faciliter l&rsquo;amortissement et d\u00e9tourner les r\u00e9sonances \u00e0 haute fr\u00e9quence des appareils support\u00e9s.<br \/>\nLe meuble EVOQUE ECO 60\/40 SE &#8211; \u00c9DITION SP\u00c9CIALE est fabriqu\u00e9 en Grande-Bretagne par Atacama. Du fait de l&rsquo;utilisation exclusive de bambou massif, sa production n\u00e9cessite quelques jours de plus que celle d&rsquo;un meuble standard. Bien que nous disposions g\u00e9n\u00e9ralement d&rsquo;un stock suffisant, des retards de livraison peuvent malheureusement survenir. Veuillez en tenir compte lors de votre commande.<\/p>\n","protected":false},"excerpt":{"rendered":"<p>\u2713 Toutes les combinaisons de modules d&rsquo;\u00e9tag\u00e8res sont possibles<br \/>\n\u2713 Fabrication et mat\u00e9riaux de qualit\u00e9 sup\u00e9rieure<br \/>\n\u2713 Grande capacit\u00e9 de charge et utilisation universelle<\/p>\n","protected":false},"featured_media":4191,"comment_status":"open","ping_status":"closed","template":"","meta":[],"product_brand":[],"product_cat":[753,756,766,752],"product_tag":[],"class_list":{"0":"post-4322","1":"product","2":"type-product","3":"status-publish","4":"has-post-thumbnail","6":"product_cat-meubles-hi-fi","7":"product_cat-atacama-evoque-eco","8":"product_cat-vente","9":"product_cat-modeles-abandonnes","10":"product_shipping_class-jusqua-10-kg","11":"pa_breite-aussen-600-mm","12":"pa_breite-innen-500-mm","13":"pa_farbe-der-saeulenmodule-soie-noire","14":"pa_hoehe-innen-innenlagerhoehe-160-mm","15":"pa_holzfarbe-bambou-fonce","16":"pa_regalbrettstaerke-bambou-massif-de-27-mm","17":"pa_tiefe-aussen-400-mm","18":"pa_tiefe-innen-300-mm","19":"tm-has-options","21":"first","22":"outofstock","23":"sale","24":"taxable","25":"shipping-taxable","26":"purchasable","27":"product-type-simple"},"_links":{"self":[{"href":"https:\/\/pulsschlag24.com\/fr\/wp-json\/wp\/v2\/product\/4322","targetHints":{"allow":["GET"]}}],"collection":[{"href":"https:\/\/pulsschlag24.com\/fr\/wp-json\/wp\/v2\/product"}],"about":[{"href":"https:\/\/pulsschlag24.com\/fr\/wp-json\/wp\/v2\/types\/product"}],"replies":[{"embeddable":true,"href":"https:\/\/pulsschlag24.com\/fr\/wp-json\/wp\/v2\/comments?post=4322"}],"wp:featuredmedia":[{"embeddable":true,"href":"https:\/\/pulsschlag24.com\/fr\/wp-json\/wp\/v2\/media\/4191"}],"wp:attachment":[{"href":"https:\/\/pulsschlag24.com\/fr\/wp-json\/wp\/v2\/media?parent=4322"}],"wp:term":[{"taxonomy":"product_brand","embeddable":true,"href":"https:\/\/pulsschlag24.com\/fr\/wp-json\/wp\/v2\/product_brand?post=4322"},{"taxonomy":"product_cat","embeddable":true,"href":"https:\/\/pulsschlag24.com\/fr\/wp-json\/wp\/v2\/product_cat?post=4322"},{"taxonomy":"product_tag","embeddable":true,"href":"https:\/\/pulsschlag24.com\/fr\/wp-json\/wp\/v2\/product_tag?post=4322"}],"curies":[{"name":"wp","href":"https:\/\/api.w.org\/{rel}","templated":true}]}}