{"id":4303,"date":"2025-06-30T14:55:09","date_gmt":"2025-06-30T12:55:09","guid":{"rendered":"https:\/\/pulsschlag24.com\/produkt\/atacama-apollo-podium-10-meuble-hi-fi-etagere-de-200-mm-avec-rangement-pour-vinyles-chene-clair\/"},"modified":"2026-04-22T14:34:45","modified_gmt":"2026-04-22T12:34:45","slug":"atacama-apollo-podium-10-meuble-hi-fi-etagere-de-200-mm-avec-rangement-pour-vinyles-chene-clair","status":"publish","type":"product","link":"https:\/\/pulsschlag24.com\/fr\/produkt\/atacama-apollo-podium-10-meuble-hi-fi-etagere-de-200-mm-avec-rangement-pour-vinyles-chene-clair\/","title":{"rendered":"Atacama APOLLO \u2013 PODIUM 10 \u2013 Meuble Hi-Fi \u2013 \u00c9tag\u00e8re de 200 mm avec rangement pour vinyles \u2013 Ch\u00eane clair"},"content":{"rendered":"<p><span data-sheets-root=\"1\">Vous souhaitez am\u00e9liorer votre exp\u00e9rience audio et garder votre collection de disques vinyles \u00e0 port\u00e9e de main ? Le rack HiFi modulaire Apollo Podium 10 avec rangement pour disques est exactement ce qu\u2019il vous faut. <\/span><\/p>\n<p>D\u00e9veloppez votre collection audio et de disques.<\/p>\n<p>Inspir\u00e9 de la c\u00e9l\u00e8bre gamme Podium de Hifi Racks Ltd., le rack AV Apollo Podium 10 offre une solution moderne et \u00e9l\u00e9gante pour vos composants audio et vid\u00e9o. Cette configuration particuli\u00e8re comprend un module de rangement d\u00e9di\u00e9 aux disques vinyles en partie sup\u00e9rieure, vous permettant d&rsquo;exposer et d&rsquo;acc\u00e9der facilement \u00e0 vos vinyles pr\u00e9f\u00e9r\u00e9s \u00e0 c\u00f4t\u00e9 de votre platine. <\/p>\n<p>Ce module de rangement pour disques est incroyablement polyvalent. Vous pouvez orienter l&rsquo;ouverture \u00e0 gauche ou \u00e0 droite et choisir entre une hauteur de pieds de 150 mm ou 200 mm. Une plaque antid\u00e9rapante nervur\u00e9e, plac\u00e9e directement sous l&rsquo;ouverture, assure une stabilit\u00e9 accrue.  <\/p>\n<p>Con\u00e7u avec pr\u00e9cision pour des performances optimales<\/p>\n<p>Les modules Apollo Podium 10, con\u00e7us avec un grand souci du d\u00e9tail, am\u00e9liorent les performances de votre \u00e9quipement tout en ajoutant une touche d&rsquo;\u00e9l\u00e9gance \u00e0 votre espace d&rsquo;\u00e9coute.<\/p>\n<p>Caract\u00e9ristiques principales<\/p>\n<p>Ch\u00eane massif europ\u00e9en : Chaque \u00e9tag\u00e8re est fabriqu\u00e9e en ch\u00eane massif europ\u00e9en, offrant une base robuste et durable pour votre pr\u00e9cieux \u00e9quipement.<br \/>\nRangement int\u00e9gr\u00e9 pour vinyles : Le module sup\u00e9rieur offre un rangement pratique et esth\u00e9tique pour votre collection de vinyles.<br \/>\nConception modulaire : Empilez les modules jusqu\u2019\u00e0 une hauteur maximale de 1 200 mm pour cr\u00e9er un rack sur mesure, parfaitement adapt\u00e9 \u00e0 vos besoins.<br \/>\nExcellente isolation et stabilit\u00e9 : des pointes r\u00e9glables en laiton et galvanis\u00e9 sur chaque module d&rsquo;\u00e9tag\u00e8re minimisent efficacement les vibrations et assurent une qualit\u00e9 sonore optimale.<br \/>\nAjustabilit\u00e9 maximale : Le module de base est dot\u00e9 de pointes r\u00e9glables M8 BZP de 40 mm pour une mise \u00e0 niveau facile, m\u00eame sur des sols in\u00e9gaux.<br \/>\nOptions de hauteur polyvalentes : Choisissez parmi trois hauteurs d&rsquo;\u00e9tag\u00e8res r\u00e9glables (150 mm, 200 mm et 250 mm) pour une vari\u00e9t\u00e9 de composants.<br \/>\nFabriqu\u00e9 en Grande-Bretagne : Le rack Apollo Podium 10 est fabriqu\u00e9 en Grande-Bretagne et garantit une qualit\u00e9 de fabrication \u00e9lev\u00e9e.<\/p>\n<p>Note importante<br \/>Veuillez noter que les modules Apollo Podium 10 ne sont pas interchangeables avec la gamme Podium de Hifi Racks Ltd en raison de sp\u00e9cifications techniques diff\u00e9rentes.<\/p>\n<p>Beaut\u00e9 naturelle et apparence durable<\/p>\n<p>La robustesse du ch\u00eane naturel conf\u00e8re \u00e0 ce meuble une touche d&rsquo;\u00e9l\u00e9gance. Les variations uniques de couleur et de veinage rendent chaque pi\u00e8ce unique. Veuillez noter que le ch\u00eane fonce naturellement avec le temps, surtout expos\u00e9 au soleil. Pour une harmonie parfaite, nous vous recommandons d&rsquo;acheter tous les modules simultan\u00e9ment.   <\/p>\n<p>D\u00e9couvrez la diff\u00e9rence avec le rack HiFi et AV Apollo Podium 10. Am\u00e9liorez votre installation audio et mettez en valeur votre collection de vinyles d\u00e8s aujourd&rsquo;hui ! <\/p>\n","protected":false},"excerpt":{"rendered":"<p>\u2713 Meuble Hi-Fi compatible avec toutes les marques et tous les mod\u00e8les<br \/>\n\u2713 Colonnes en ch\u00eane massif<br \/>\n\u2713 Grande capacit\u00e9 de charge et compatibilit\u00e9 universelle<br \/>\n\u2713 Combinaisons possibles de modules d&rsquo;\u00e9tag\u00e8res<\/p>\n","protected":false},"featured_media":4304,"comment_status":"open","ping_status":"closed","template":"","meta":[],"product_brand":[],"product_cat":[753,754],"product_tag":[],"class_list":{"0":"post-4303","1":"product","2":"type-product","3":"status-publish","4":"has-post-thumbnail","6":"product_cat-meubles-hi-fi","7":"product_cat-atacama-apollo","8":"product_shipping_class-jusqua-20-kg","9":"pa_breite-aussen-990-mm","10":"pa_breite-innen-900-mm","11":"pa_farbe-der-saeulenmodule-chene-clair","12":"pa_hoehe-innen-innenlagerhoehe-200-mm","13":"pa_holzfarbe-chene-clair","14":"pa_regalbrettstaerke-chene-massif-de-27-mm","15":"pa_tiefe-aussen-450-mm","16":"pa_tiefe-innen-360-mm","17":"tm-has-options","19":"first","20":"instock","21":"taxable","22":"shipping-taxable","23":"purchasable","24":"product-type-simple"},"_links":{"self":[{"href":"https:\/\/pulsschlag24.com\/fr\/wp-json\/wp\/v2\/product\/4303","targetHints":{"allow":["GET"]}}],"collection":[{"href":"https:\/\/pulsschlag24.com\/fr\/wp-json\/wp\/v2\/product"}],"about":[{"href":"https:\/\/pulsschlag24.com\/fr\/wp-json\/wp\/v2\/types\/product"}],"replies":[{"embeddable":true,"href":"https:\/\/pulsschlag24.com\/fr\/wp-json\/wp\/v2\/comments?post=4303"}],"wp:featuredmedia":[{"embeddable":true,"href":"https:\/\/pulsschlag24.com\/fr\/wp-json\/wp\/v2\/media\/4304"}],"wp:attachment":[{"href":"https:\/\/pulsschlag24.com\/fr\/wp-json\/wp\/v2\/media?parent=4303"}],"wp:term":[{"taxonomy":"product_brand","embeddable":true,"href":"https:\/\/pulsschlag24.com\/fr\/wp-json\/wp\/v2\/product_brand?post=4303"},{"taxonomy":"product_cat","embeddable":true,"href":"https:\/\/pulsschlag24.com\/fr\/wp-json\/wp\/v2\/product_cat?post=4303"},{"taxonomy":"product_tag","embeddable":true,"href":"https:\/\/pulsschlag24.com\/fr\/wp-json\/wp\/v2\/product_tag?post=4303"}],"curies":[{"name":"wp","href":"https:\/\/api.w.org\/{rel}","templated":true}]}}