{"id":4284,"date":"2025-05-05T14:35:58","date_gmt":"2025-05-05T12:35:58","guid":{"rendered":"https:\/\/pulsschlag24.com\/produkt\/atacama-apollo-podium-6-xl-meuble-hi-fi-niveau-de-base-chene-clair\/"},"modified":"2026-04-22T14:34:26","modified_gmt":"2026-04-22T12:34:26","slug":"atacama-apollo-podium-6-xl-meuble-hi-fi-niveau-de-base-chene-clair","status":"publish","type":"product","link":"https:\/\/pulsschlag24.com\/fr\/produkt\/atacama-apollo-podium-6-xl-meuble-hi-fi-niveau-de-base-chene-clair\/","title":{"rendered":"Atacama APOLLO \u2013 PODIUM 6 XL \u2013 Meuble Hi-Fi \u2013 Niveau de base \u2013 Ch\u00eane clair"},"content":{"rendered":"<p>Sans limites \u2013 L&rsquo;Apollo Podium 6 XL : la puissance rencontre la pr\u00e9cision<\/p>\n<p>L&rsquo;audiophile moderne est confront\u00e9 \u00e0 un d\u00e9fi unique : la taille et le poids \u00e9normes des composants audio modernes haute performance.<\/p>\n<p>Les amplificateurs surdimensionn\u00e9s, les platines vinyles aux dimensions \u00e9normes et les sources num\u00e9riques dot\u00e9es de circuits complexes n\u00e9cessitent un syst\u00e8me de support qui d\u00e9passe les limites des racks standard.<\/p>\n<p>Pour ces g\u00e9ants du son, l&rsquo;Apollo Podium 6 XL est la solution ultime : un rack qui rel\u00e8ve les d\u00e9fis pos\u00e9s par les \u00e9quipements surdimensionn\u00e9s avec une force in\u00e9branlable et une \u00e9l\u00e9gance raffin\u00e9e.<\/p>\n<p>S&rsquo;appuyant sur le succ\u00e8s de la s\u00e9rie Podium prim\u00e9e de Hifi Racks Ltd, l&rsquo;Apollo Podium 6 XL red\u00e9finit les standards du support audio. Bien plus qu&rsquo;un simple rack plus grand, c&rsquo;est une plateforme d&rsquo;une conception m\u00e9ticuleuse, pens\u00e9e pour r\u00e9pondre aux exigences des installations audio les plus pointues. Sa profondeur accrue de 50 cm et sa capacit\u00e9 de charge de 50 kg par module, obtenues gr\u00e2ce \u00e0 des \u00e9tag\u00e8res robustes en ch\u00eane de 40 mm d&rsquo;\u00e9paisseur et des pieds massifs de 44 mm, lui conf\u00e8rent une stabilit\u00e9 in\u00e9gal\u00e9e.  <\/p>\n<p>Ce rack ne se contente pas d&rsquo;optimiser l&rsquo;espace ; il garantit \u00e9galement des performances optimales. Ses pointes en laiton zingu\u00e9, int\u00e9gr\u00e9es et r\u00e9glables \u2013 un gage de conception m\u00e9ticuleuse \u2013 isolent efficacement vos composants des vibrations ind\u00e9sirables, assurant ainsi une reproduction d&rsquo;une clart\u00e9 cristalline de chaque nuance de votre musique. Les pointes M8 BZP r\u00e9glables de 40 mm du module de base permettent une mise \u00e0 niveau pr\u00e9cise, m\u00eame sur des surfaces irr\u00e9guli\u00e8res, garantissant une plateforme stable et exempte de r\u00e9sonance.  <\/p>\n<p>La conception modulaire de l&rsquo;Apollo Podium 6 XL vous permet de personnaliser votre rack selon vos besoins. Empilez les modules jusqu&rsquo;\u00e0 une hauteur de 1200 mm pour cr\u00e9er une structure sur mesure r\u00e9pondant \u00e0 toutes vos exigences audio. Les trois hauteurs d&rsquo;\u00e9tag\u00e8res (150 mm, 200 mm et 250 mm peuvent \u00eatre combin\u00e9es sur un module de base) offrent une flexibilit\u00e9 exceptionnelle et permettent un montage simple et pr\u00e9cis de composants de dimensions vari\u00e9es.  <\/p>\n<p>Fabriqu\u00e9 en Grande-Bretagne, le support Apollo Podium 6 XL incarne le summum du savoir-faire artisanal. Sa construction en ch\u00eane massif europ\u00e9en, d&rsquo;une chaleur et d&rsquo;une beaut\u00e9 naturelles, conf\u00e8re une \u00e9l\u00e9gance discr\u00e8te \u00e0 tout espace d&rsquo;\u00e9coute. Chaque support, caract\u00e9ris\u00e9 par un veinage unique, t\u00e9moigne de la qu\u00eate de l&rsquo;audiophile exigeant pour l&rsquo;excellence sonore et le raffinement esth\u00e9tique.  <\/p>\n<p>Note importante : Veuillez noter que les modules Apollo Podium 6 XL sont sp\u00e9cifiquement con\u00e7us pour cette s\u00e9rie XL et ne sont pas interchangeables avec la gamme Podium de Hifi Racks Ltd. Ceci garantit des performances optimales pour les composants plus volumineux pour lesquels ils sont con\u00e7us. <\/p>\n<p>Pour les audiophiles les plus exigeants, le rack Apollo Podium 6 XL est la solution. Il transcende les conceptions conventionnelles, offrant une base solide et \u00e9l\u00e9gante \u00e0 vos composants audio les plus pr\u00e9cieux. Investissez dans l&rsquo;Apollo Podium 6 XL et r\u00e9v\u00e9lez tout le potentiel de votre syst\u00e8me hi-fi.  <\/p>\n","protected":false},"excerpt":{"rendered":"<p>\u2713 Meuble Hi-Fi compatible avec toutes les marques et tous les mod\u00e8les<br \/>\n\u2713 Colonnes en ch\u00eane massif<br \/>\n\u2713 Grande capacit\u00e9 de charge et compatibilit\u00e9 universelle<br \/>\n\u2713 Combinaisons possibles de modules d&rsquo;\u00e9tag\u00e8res<\/p>\n","protected":false},"featured_media":4062,"comment_status":"open","ping_status":"closed","template":"","meta":[],"product_brand":[],"product_cat":[753,754],"product_tag":[],"class_list":{"0":"post-4284","1":"product","2":"type-product","3":"status-publish","4":"has-post-thumbnail","6":"product_cat-meubles-hi-fi","7":"product_cat-atacama-apollo","8":"product_shipping_class-jusqua-10-kg","9":"pa_breite-aussen-600-mm","10":"pa_breite-innen-500-mm","11":"pa_farbe-der-saeulenmodule-chene-clair","12":"pa_hoehe-innen-innenlagerhoehe-75-mm","13":"pa_holzfarbe-chene-clair","14":"pa_regalbrettstaerke-chene-massif-de-40-mm","15":"pa_tiefe-aussen-500-mm","16":"pa_tiefe-innen-400-mm","17":"tm-has-options","19":"first","20":"instock","21":"taxable","22":"shipping-taxable","23":"purchasable","24":"product-type-simple"},"_links":{"self":[{"href":"https:\/\/pulsschlag24.com\/fr\/wp-json\/wp\/v2\/product\/4284","targetHints":{"allow":["GET"]}}],"collection":[{"href":"https:\/\/pulsschlag24.com\/fr\/wp-json\/wp\/v2\/product"}],"about":[{"href":"https:\/\/pulsschlag24.com\/fr\/wp-json\/wp\/v2\/types\/product"}],"replies":[{"embeddable":true,"href":"https:\/\/pulsschlag24.com\/fr\/wp-json\/wp\/v2\/comments?post=4284"}],"wp:featuredmedia":[{"embeddable":true,"href":"https:\/\/pulsschlag24.com\/fr\/wp-json\/wp\/v2\/media\/4062"}],"wp:attachment":[{"href":"https:\/\/pulsschlag24.com\/fr\/wp-json\/wp\/v2\/media?parent=4284"}],"wp:term":[{"taxonomy":"product_brand","embeddable":true,"href":"https:\/\/pulsschlag24.com\/fr\/wp-json\/wp\/v2\/product_brand?post=4284"},{"taxonomy":"product_cat","embeddable":true,"href":"https:\/\/pulsschlag24.com\/fr\/wp-json\/wp\/v2\/product_cat?post=4284"},{"taxonomy":"product_tag","embeddable":true,"href":"https:\/\/pulsschlag24.com\/fr\/wp-json\/wp\/v2\/product_tag?post=4284"}],"curies":[{"name":"wp","href":"https:\/\/api.w.org\/{rel}","templated":true}]}}