{"id":4277,"date":"2025-05-05T14:35:58","date_gmt":"2025-05-05T12:35:58","guid":{"rendered":"https:\/\/pulsschlag24.com\/produkt\/atacama-apollo-podium-6-meuble-hi-fi-niveau-bas-chene-clair\/"},"modified":"2025-05-05T14:35:58","modified_gmt":"2025-05-05T12:35:58","slug":"atacama-apollo-podium-6-meuble-hi-fi-niveau-bas-chene-clair","status":"publish","type":"product","link":"https:\/\/pulsschlag24.com\/fr\/produkt\/atacama-apollo-podium-6-meuble-hi-fi-niveau-bas-chene-clair\/","title":{"rendered":"Atacama APOLLO \u2013 PODIUM 6 \u2013 Meuble Hi-Fi \u2013 Niveau bas \u2013 Ch\u00eane clair"},"content":{"rendered":"<p>Inspir\u00e9 de la c\u00e9l\u00e8bre gamme Podium de Hifi Racks Ltd., le meuble HiFi Apollo Podium 6 offre une solution sophistiqu\u00e9e et moderne pour vos composants audio. Fabriqu\u00e9 avec pr\u00e9cision et souci du d\u00e9tail, ce meuble optimise les performances de votre \u00e9quipement tout en apportant une touche d&rsquo;\u00e9l\u00e9gance \u00e0 votre pi\u00e8ce d&rsquo;\u00e9coute.<br \/>\nCaract\u00e9ristiques principales :<br \/>\u2022 Ch\u00eane massif europ\u00e9en : Les \u00e9tag\u00e8res sont fabriqu\u00e9es en ch\u00eane massif europ\u00e9en, offrant une base stable et durable.<br \/>\n\u2022 Conception modulaire : Empilez plusieurs modules (jusqu&rsquo;\u00e0 une hauteur maximale de 1200 mm) pour cr\u00e9er un rack \u00e0 votre taille qui correspond parfaitement \u00e0 vos besoins.<br \/>\n\u2022 Isolation et stabilit\u00e9 : Des pointes r\u00e9glables en laiton et galvanis\u00e9 sur chaque module d&rsquo;\u00e9tag\u00e8re assurent une isolation efficace, minimisent les vibrations et garantissent une qualit\u00e9 sonore optimale.<br \/>\n\u2022 Ajustabilit\u00e9 maximale : Le module de base est dot\u00e9 de pointes M8 BZP r\u00e9glables de 40 mm qui nivellent le rack sur un sol in\u00e9gal.<br \/>\n\u2022 Options de hauteur polyvalentes : Choisissez parmi trois hauteurs d&rsquo;\u00e9tag\u00e8res r\u00e9glables (150 mm, 200 mm et 250 mm) pour diff\u00e9rents composants.<br \/>\n\u2022 Module de rangement pour vinyles : Le module de rangement pour vinyles en option (vendu s\u00e9par\u00e9ment) peut \u00eatre utilis\u00e9 comme une \u00e9tag\u00e8re standard et offre une hauteur suppl\u00e9mentaire pour les composants hi-fi plus volumineux ou un espace de rangement pour votre collection de vinyles.<br \/>\n\u2022 Fabriqu\u00e9 en Grande-Bretagne : Le rack HiFi Apollo Podium 6 est fi\u00e8rement fabriqu\u00e9 en Grande-Bretagne, garantissant une qualit\u00e9 de fabrication et un souci du d\u00e9tail exceptionnels.<br \/>\nIMPORTANT<br \/>Remarque : Les modules Apollo Podium 6 ne sont pas interchangeables avec la gamme Podium de hifi Racks Ltd en raison de sp\u00e9cifications techniques diff\u00e9rentes.<\/p>\n<p>D\u00e9couvrez la diff\u00e9rence avec le rack HiFi Apollo Podium 6. Commandez d\u00e8s aujourd&rsquo;hui et optimisez votre installation audio.<br \/>Beaut\u00e9 naturelle :<br \/>Sa construction en ch\u00eane massif conf\u00e8re au rack une \u00e9l\u00e9gance ind\u00e9niable, et les variations naturelles de couleur et de veinage rendent chaque pi\u00e8ce unique. Veuillez noter que le ch\u00eane fonce naturellement avec le temps, notamment sous l&rsquo;effet du soleil. Pour une harmonie visuelle, nous vous recommandons d&rsquo;acheter tous les modules n\u00e9cessaires \u00e0 l&rsquo;avance.   <\/p>\n","protected":false},"excerpt":{"rendered":"<p>\u2713 Meuble Hi-Fi compatible avec toutes les marques et tous les mod\u00e8les<br \/>\n\u2713 Colonnes en ch\u00eane massif<br \/>\n\u2713 Grande capacit\u00e9 de charge et compatibilit\u00e9 universelle<br \/>\n\u2713 Combinaisons possibles de modules d&rsquo;\u00e9tag\u00e8res<\/p>\n","protected":false},"featured_media":4044,"comment_status":"open","ping_status":"closed","template":"","meta":[],"product_brand":[],"product_cat":[753,754],"product_tag":[],"class_list":{"0":"post-4277","1":"product","2":"type-product","3":"status-publish","4":"has-post-thumbnail","6":"product_cat-meubles-hi-fi","7":"product_cat-atacama-apollo","8":"product_shipping_class-jusqua-10-kg","9":"pa_breite-aussen-550-mm","10":"pa_breite-innen-500-mm","11":"pa_farbe-der-saeulenmodule-chene-clair","12":"pa_hoehe-innen-innenlagerhoehe-75-mm","13":"pa_holzfarbe-chene-clair","14":"pa_regalbrettstaerke-chene-massif-de-27-mm","15":"pa_tiefe-aussen-450-mm","16":"pa_tiefe-innen-360-mm","17":"tm-has-options","19":"first","20":"instock","21":"taxable","22":"shipping-taxable","23":"purchasable","24":"product-type-simple"},"_links":{"self":[{"href":"https:\/\/pulsschlag24.com\/fr\/wp-json\/wp\/v2\/product\/4277","targetHints":{"allow":["GET"]}}],"collection":[{"href":"https:\/\/pulsschlag24.com\/fr\/wp-json\/wp\/v2\/product"}],"about":[{"href":"https:\/\/pulsschlag24.com\/fr\/wp-json\/wp\/v2\/types\/product"}],"replies":[{"embeddable":true,"href":"https:\/\/pulsschlag24.com\/fr\/wp-json\/wp\/v2\/comments?post=4277"}],"wp:featuredmedia":[{"embeddable":true,"href":"https:\/\/pulsschlag24.com\/fr\/wp-json\/wp\/v2\/media\/4044"}],"wp:attachment":[{"href":"https:\/\/pulsschlag24.com\/fr\/wp-json\/wp\/v2\/media?parent=4277"}],"wp:term":[{"taxonomy":"product_brand","embeddable":true,"href":"https:\/\/pulsschlag24.com\/fr\/wp-json\/wp\/v2\/product_brand?post=4277"},{"taxonomy":"product_cat","embeddable":true,"href":"https:\/\/pulsschlag24.com\/fr\/wp-json\/wp\/v2\/product_cat?post=4277"},{"taxonomy":"product_tag","embeddable":true,"href":"https:\/\/pulsschlag24.com\/fr\/wp-json\/wp\/v2\/product_tag?post=4277"}],"curies":[{"name":"wp","href":"https:\/\/api.w.org\/{rel}","templated":true}]}}